{"id":97,"date":"2009-10-16T14:30:11","date_gmt":"2009-10-16T12:30:11","guid":{"rendered":"https:\/\/blogs.ua.es\/copla\/?page_id=97"},"modified":"2009-11-10T15:56:51","modified_gmt":"2009-11-10T13:56:51","slug":"web","status":"publish","type":"page","link":"https:\/\/blogs.ua.es\/copla\/difusion\/web\/","title":{"rendered":"Web"},"content":{"rendered":"<p><span style=\"color: #003366\"><strong>Responsable<\/strong><br \/>\nAna Illanas Vila<\/span><\/p>\n<p><span style=\"color: #003366\"><strong>Descripci\u00f3n<\/strong><br \/>\nEs el sitio Web del proyecto dentro de la Web institucional de la Universidad de Alicante. Se trata de un rinc\u00f3n donde la gente puede encontrar informaci\u00f3n acerca del proyecto COPLA as\u00ed como de sus iniciativas. Se trata de una Web participativa para que los usuarios puedan opinar y mejorar con ello el desarrollo del proyecto COPLA.<\/span><\/p>\n<p><span style=\"color: #003366\"><strong>Acciones<\/strong><\/span><\/p>\n<ul>\n<li><span style=\"color: #003366\">Actualizaci\u00f3n de la Web para que la informaci\u00f3n que muestre sea actual.<\/span><\/li>\n<li><span style=\"color: #003366\">Ampliaci\u00f3n de la Web para que ofrezca cada vez m\u00e1s servicios a los usuarios<\/span><\/li>\n<li><span style=\"color: #003366\">Consideraci\u00f3n de las sugerencias del p\u00fablico de la Web en general para llevarlas a cabo si fuera posible<\/span><\/li>\n<li><span style=\"color: #003366\">Incluir RSS en la Web<\/span><\/li>\n<\/ul>\n","protected":false},"excerpt":{"rendered":"<p>Responsable Ana Illanas Vila Descripci\u00f3n Es el sitio Web del proyecto dentro de la Web institucional de la Universidad de Alicante. Se trata de un rinc\u00f3n donde la gente puede encontrar informaci\u00f3n acerca del proyecto COPLA as\u00ed como de sus iniciativas. Se trata de una Web participativa para que los usuarios puedan opinar y mejorar [&hellip;]<\/p>\n","protected":false},"author":1465,"featured_media":0,"parent":85,"menu_order":0,"comment_status":"closed","ping_status":"closed","template":"","meta":{"footnotes":""},"class_list":["post-97","page","type-page","status-publish","hentry"],"_links":{"self":[{"href":"https:\/\/blogs.ua.es\/copla\/wp-json\/wp\/v2\/pages\/97","targetHints":{"allow":["GET"]}}],"collection":[{"href":"https:\/\/blogs.ua.es\/copla\/wp-json\/wp\/v2\/pages"}],"about":[{"href":"https:\/\/blogs.ua.es\/copla\/wp-json\/wp\/v2\/types\/page"}],"author":[{"embeddable":true,"href":"https:\/\/blogs.ua.es\/copla\/wp-json\/wp\/v2\/users\/1465"}],"replies":[{"embeddable":true,"href":"https:\/\/blogs.ua.es\/copla\/wp-json\/wp\/v2\/comments?post=97"}],"version-history":[{"count":4,"href":"https:\/\/blogs.ua.es\/copla\/wp-json\/wp\/v2\/pages\/97\/revisions"}],"predecessor-version":[{"id":301,"href":"https:\/\/blogs.ua.es\/copla\/wp-json\/wp\/v2\/pages\/97\/revisions\/301"}],"up":[{"embeddable":true,"href":"https:\/\/blogs.ua.es\/copla\/wp-json\/wp\/v2\/pages\/85"}],"wp:attachment":[{"href":"https:\/\/blogs.ua.es\/copla\/wp-json\/wp\/v2\/media?parent=97"}],"curies":[{"name":"wp","href":"https:\/\/api.w.org\/{rel}","templated":true}]}}