{"id":99,"date":"2009-10-16T14:31:26","date_gmt":"2009-10-16T12:31:26","guid":{"rendered":"https:\/\/blogs.ua.es\/copla\/?page_id=99"},"modified":"2009-11-10T15:56:59","modified_gmt":"2009-11-10T13:56:59","slug":"jornadas","status":"publish","type":"page","link":"https:\/\/blogs.ua.es\/copla\/difusion\/jornadas\/","title":{"rendered":"Jornadas"},"content":{"rendered":"<p><span style=\"color: #003366\"><strong>Responsable<\/strong><\/span><\/p>\n<ul>\n<li><span style=\"color: #003366\">Fara\u00f3n Llorens<\/span><\/li>\n<li><span style=\"color: #003366\">Mireia Tortosa<\/span><\/li>\n<\/ul>\n<p><span style=\"color: #003366\"><strong>Descripci\u00f3n<\/strong><br \/>\nLa Universidad de Alicante organiza las Jornadas por el Conocimiento Abierto y Software Libre de la Universidad de Alicante (Jornadas COPLA) con el objetivo de dar una m\u00e1xima difusi\u00f3n posible e incentivar a la comunidad universitaria el uso del software libre y promocionar el conocimiento abierto. Estas jornadas servir\u00e1n para concienciar a los miembros de la Universidad para que compartan sus trabajos o investigaciones derivados de su trabajo en la universidad, para que hagan uso de formatos abiertos para el intercambio de documentos y para que utilicen el software libre. Est\u00e1n dirigidas a la comunidad universitaria, empresarial y a todo el p\u00fablico en general interesado en el conocimiento abierto y software libre. Estas Jornadas se celebran anualmente en la Universidad de Alicante. En las I Jornadas COPLA se quiso mostrar a la Universidad de Alicante lo que se estaba realizando en otros lugares. Las II Jornadas COPLA se estructuraron en torno a iniciativas de la propia Universidad de Alicante en este \u00e1mbito y adem\u00e1s se cont\u00f3 con conferencias impartidas por personalidades relevantes en el \u00e1mbito del software libre invitadas por la organizaci\u00f3n. Actualmente ya se est\u00e1 trabajando en la preparaci\u00f3n de las III Jornadas COPLA que quieren orientarse a mostrar qu\u00e9 aportaciones puede ofrecer el uso del software libre y del conocimiento abierto al entorno universitario.<\/span><\/p>\n<p><span style=\"color: #003366\"><strong>Acciones<\/strong><br \/>\nDise\u00f1o y organizaci\u00f3n de las Jornadas COPLA cada a\u00f1o.<\/span><\/p>\n","protected":false},"excerpt":{"rendered":"<p>Responsable Fara\u00f3n Llorens Mireia Tortosa Descripci\u00f3n La Universidad de Alicante organiza las Jornadas por el Conocimiento Abierto y Software Libre de la Universidad de Alicante (Jornadas COPLA) con el objetivo de dar una m\u00e1xima difusi\u00f3n posible e incentivar a la comunidad universitaria el uso del software libre y promocionar el conocimiento abierto. Estas jornadas servir\u00e1n [&hellip;]<\/p>\n","protected":false},"author":1465,"featured_media":0,"parent":85,"menu_order":1,"comment_status":"closed","ping_status":"closed","template":"","meta":{"footnotes":""},"class_list":["post-99","page","type-page","status-publish","hentry"],"_links":{"self":[{"href":"https:\/\/blogs.ua.es\/copla\/wp-json\/wp\/v2\/pages\/99","targetHints":{"allow":["GET"]}}],"collection":[{"href":"https:\/\/blogs.ua.es\/copla\/wp-json\/wp\/v2\/pages"}],"about":[{"href":"https:\/\/blogs.ua.es\/copla\/wp-json\/wp\/v2\/types\/page"}],"author":[{"embeddable":true,"href":"https:\/\/blogs.ua.es\/copla\/wp-json\/wp\/v2\/users\/1465"}],"replies":[{"embeddable":true,"href":"https:\/\/blogs.ua.es\/copla\/wp-json\/wp\/v2\/comments?post=99"}],"version-history":[{"count":6,"href":"https:\/\/blogs.ua.es\/copla\/wp-json\/wp\/v2\/pages\/99\/revisions"}],"predecessor-version":[{"id":302,"href":"https:\/\/blogs.ua.es\/copla\/wp-json\/wp\/v2\/pages\/99\/revisions\/302"}],"up":[{"embeddable":true,"href":"https:\/\/blogs.ua.es\/copla\/wp-json\/wp\/v2\/pages\/85"}],"wp:attachment":[{"href":"https:\/\/blogs.ua.es\/copla\/wp-json\/wp\/v2\/media?parent=99"}],"curies":[{"name":"wp","href":"https:\/\/api.w.org\/{rel}","templated":true}]}}