{"id":199,"date":"2012-01-17T10:22:21","date_gmt":"2012-01-17T10:22:21","guid":{"rendered":"https:\/\/blogs.ua.es\/corrienteshistoriograficasespana\/?page_id=199"},"modified":"2012-01-17T10:22:21","modified_gmt":"2012-01-17T10:22:21","slug":"explicacion-del-tema-4","status":"publish","type":"page","link":"https:\/\/blogs.ua.es\/corrienteshistoriograficasespana\/explicacion-del-tema-4\/","title":{"rendered":"Explicaci\u00f3n del tema"},"content":{"rendered":"<p>&nbsp;<\/p>\n<p>CORRIENTES HISTORIOGR\u00c1FICAS ACTUALES<\/p>\n<p><strong>\u00bfQu\u00e9 se entiende por corrientes historiogr\u00e1ficas?<\/strong><\/p>\n<p>Una \u00a0<em>corriente historiogr\u00e1fica\u00a0<\/em>\u00a0es un\u00a0 documento escrito por historiadores sobre un tema y una fecha determinada. Podemos distinguir diferentes g\u00e9neros historiogr\u00e1ficos que se acercan m\u00e1s o menos a la realidad hist\u00f3rica, podemos distinguir:<\/p>\n<ul>\n<li><em>La novela hist\u00f3rica<\/em>, en la cual suele aparecer mucha ficci\u00f3n integrada con elementos hist\u00f3ricos.<\/li>\n<li><em>Biograf\u00edas<\/em>, es el extremo opuesto a la novela hist\u00f3rica , dado que es un documento ver\u00eddico que es totalmente fiel a la realidad hist\u00f3rica.<\/li>\n<li><em>Prosopograf\u00eda<\/em>, es un documento muy \u00fatil para la historia.<\/li>\n<li><em>Arcontolog\u00eda<\/em>, es un documento que nos sirve para situar a los distintos reyes dentro de un eje cronol\u00f3gico.<\/li>\n<\/ul>\n<p>&nbsp;<\/p>\n","protected":false},"excerpt":{"rendered":"<p>&nbsp; CORRIENTES HISTORIOGR\u00c1FICAS ACTUALES \u00bfQu\u00e9 se entiende por corrientes historiogr\u00e1ficas? Una \u00a0corriente historiogr\u00e1fica\u00a0\u00a0es un\u00a0 documento escrito por historiadores sobre un tema y una fecha determinada. Podemos distinguir diferentes g\u00e9neros historiogr\u00e1ficos que se acercan m\u00e1s o menos a la realidad hist\u00f3rica, &hellip; <a href=\"https:\/\/blogs.ua.es\/corrienteshistoriograficasespana\/explicacion-del-tema-4\/\">Continue reading <span class=\"meta-nav\">&rarr;<\/span><\/a><\/p>\n","protected":false},"author":2382,"featured_media":0,"parent":0,"menu_order":0,"comment_status":"open","ping_status":"open","template":"","meta":{"footnotes":""},"class_list":["post-199","page","type-page","status-publish","hentry"],"_links":{"self":[{"href":"https:\/\/blogs.ua.es\/corrienteshistoriograficasespana\/wp-json\/wp\/v2\/pages\/199","targetHints":{"allow":["GET"]}}],"collection":[{"href":"https:\/\/blogs.ua.es\/corrienteshistoriograficasespana\/wp-json\/wp\/v2\/pages"}],"about":[{"href":"https:\/\/blogs.ua.es\/corrienteshistoriograficasespana\/wp-json\/wp\/v2\/types\/page"}],"author":[{"embeddable":true,"href":"https:\/\/blogs.ua.es\/corrienteshistoriograficasespana\/wp-json\/wp\/v2\/users\/2382"}],"replies":[{"embeddable":true,"href":"https:\/\/blogs.ua.es\/corrienteshistoriograficasespana\/wp-json\/wp\/v2\/comments?post=199"}],"version-history":[{"count":1,"href":"https:\/\/blogs.ua.es\/corrienteshistoriograficasespana\/wp-json\/wp\/v2\/pages\/199\/revisions"}],"predecessor-version":[{"id":200,"href":"https:\/\/blogs.ua.es\/corrienteshistoriograficasespana\/wp-json\/wp\/v2\/pages\/199\/revisions\/200"}],"wp:attachment":[{"href":"https:\/\/blogs.ua.es\/corrienteshistoriograficasespana\/wp-json\/wp\/v2\/media?parent=199"}],"curies":[{"name":"wp","href":"https:\/\/api.w.org\/{rel}","templated":true}]}}