{"id":201,"date":"2012-01-17T10:23:07","date_gmt":"2012-01-17T10:23:07","guid":{"rendered":"https:\/\/blogs.ua.es\/corrienteshistoriograficasespana\/?page_id=201"},"modified":"2012-01-17T10:23:07","modified_gmt":"2012-01-17T10:23:07","slug":"metodologia-4","status":"publish","type":"page","link":"https:\/\/blogs.ua.es\/corrienteshistoriograficasespana\/metodologia-4\/","title":{"rendered":"Metodolog\u00eda"},"content":{"rendered":"<p align=\"center\">En la b\u00fasqueda de la informaci\u00f3n para nuestro blog hemos utilizado distintos recursos. En primer lugar buscamos el sitio m\u00e1s cercano y pr\u00f3ximo a nosotras. Fuimos a la Biblioteca de la Universidad de Alicante y buscamos libros que pudieran servirnos \u00a0para nuestro tema. Los libros que hemos utilizado est\u00e1n en nuestras entradas. Tambi\u00e9n hemos utilizados recursos que se pueden facilitar desde casa. Como google, tambi\u00e9n hemos buscado en google acad\u00e9mico.<\/p>\n<p align=\"center\">Durante nuestra b\u00fasqueda hemos encontrado p\u00e1ginas muy interesantes que nos han ayudado en nuestro blog. P\u00e1ginas como Historia actual online, o la revista mexicana nexo.<\/p>\n<p align=\"center\">Tambi\u00e9n hemos buscado informaci\u00f3n en prensa, art\u00edculos o ensayos escritos por historiadores. Un recurso muy utilizado y que nos sirve porque es visual y la informaci\u00f3n esta m\u00e1s clara son los videos. Entrevistas que hemos obtenido de la magnifica p\u00e1gina de youtube. Una p\u00e1gina que no solo para este tema, si no para muchos m\u00e1s es muy recomendable, porque puedes encontrar todo. Desde videos de m\u00fasica a entrevistas, documentales etc.<\/p>\n","protected":false},"excerpt":{"rendered":"<p>En la b\u00fasqueda de la informaci\u00f3n para nuestro blog hemos utilizado distintos recursos. En primer lugar buscamos el sitio m\u00e1s cercano y pr\u00f3ximo a nosotras. Fuimos a la Biblioteca de la Universidad de Alicante y buscamos libros que pudieran servirnos &hellip; <a href=\"https:\/\/blogs.ua.es\/corrienteshistoriograficasespana\/metodologia-4\/\">Continue reading <span class=\"meta-nav\">&rarr;<\/span><\/a><\/p>\n","protected":false},"author":2514,"featured_media":0,"parent":0,"menu_order":0,"comment_status":"open","ping_status":"open","template":"","meta":{"footnotes":""},"class_list":["post-201","page","type-page","status-publish","hentry"],"_links":{"self":[{"href":"https:\/\/blogs.ua.es\/corrienteshistoriograficasespana\/wp-json\/wp\/v2\/pages\/201","targetHints":{"allow":["GET"]}}],"collection":[{"href":"https:\/\/blogs.ua.es\/corrienteshistoriograficasespana\/wp-json\/wp\/v2\/pages"}],"about":[{"href":"https:\/\/blogs.ua.es\/corrienteshistoriograficasespana\/wp-json\/wp\/v2\/types\/page"}],"author":[{"embeddable":true,"href":"https:\/\/blogs.ua.es\/corrienteshistoriograficasespana\/wp-json\/wp\/v2\/users\/2514"}],"replies":[{"embeddable":true,"href":"https:\/\/blogs.ua.es\/corrienteshistoriograficasespana\/wp-json\/wp\/v2\/comments?post=201"}],"version-history":[{"count":1,"href":"https:\/\/blogs.ua.es\/corrienteshistoriograficasespana\/wp-json\/wp\/v2\/pages\/201\/revisions"}],"predecessor-version":[{"id":202,"href":"https:\/\/blogs.ua.es\/corrienteshistoriograficasespana\/wp-json\/wp\/v2\/pages\/201\/revisions\/202"}],"wp:attachment":[{"href":"https:\/\/blogs.ua.es\/corrienteshistoriograficasespana\/wp-json\/wp\/v2\/media?parent=201"}],"curies":[{"name":"wp","href":"https:\/\/api.w.org\/{rel}","templated":true}]}}