{"id":205,"date":"2012-01-17T10:26:59","date_gmt":"2012-01-17T10:26:59","guid":{"rendered":"https:\/\/blogs.ua.es\/corrienteshistoriograficasespana\/?page_id=205"},"modified":"2012-01-17T10:26:59","modified_gmt":"2012-01-17T10:26:59","slug":"valoracion-personal-del-blog","status":"publish","type":"page","link":"https:\/\/blogs.ua.es\/corrienteshistoriograficasespana\/valoracion-personal-del-blog\/","title":{"rendered":"Valoraci\u00f3n personal del Blog"},"content":{"rendered":"<p align=\"center\">Valoraci\u00f3n del tema<\/p>\n<p align=\"center\">A lo largo de este proyecto, de llevar a cabo la realizaci\u00f3n del blog hemos podido acercarnos\u00a0 y comprender mejor este tema. Al principio nos ha resultado complicado e incomprensible. Pero a lo largo de la b\u00fasqueda hemos podido ir entendi\u00e9ndolo m\u00e1s y nos hemos familiarizado con el. Hemos encontrado a muchos historiadores que son un ejemplo a seguir y que sirve de iniciativa y que sirven de inspiraci\u00f3n\u00a0 para muchos historiadores, y es un logro encontrar a personas as\u00ed, sobre todo para personas que estamos empezando nuestra carrera. Dado que esto nos ayudar\u00e1 a querer superarnos a nosotros mismos y querer alcanzar esa meta, llegar a ser como estos grandes personajes. Tambi\u00e9n queremos hacer menci\u00f3n especial a una parte del trabajo que tenemos especial cari\u00f1o hacia ella, que ha sido la parte de la historia de la mujer. Una historia reciente que todav\u00eda tiene mucho camino por recorre. Y que no se le ha prestado la atenci\u00f3n que debe, simplemente por connotaciones sociales. Para finalizar queremos agradecer a aquellas persona que entren en nuestro blog y esperamos que nuestra informaci\u00f3n le sirva de ayuda tal y como nos ha servido a nosotras. Que les sirva con un fin pedag\u00f3gico pero tambi\u00e9n a nivel personal, como una iniciativa de superaci\u00f3n a ti mismo.<\/p>\n<p align=\"center\">Este blog nos ha llevado muchas horas y estamos muy orgullosas de el. Gracias por seguirnos y os tendremos informados.<\/p>\n","protected":false},"excerpt":{"rendered":"<p>Valoraci\u00f3n del tema A lo largo de este proyecto, de llevar a cabo la realizaci\u00f3n del blog hemos podido acercarnos\u00a0 y comprender mejor este tema. Al principio nos ha resultado complicado e incomprensible. Pero a lo largo de la b\u00fasqueda &hellip; <a href=\"https:\/\/blogs.ua.es\/corrienteshistoriograficasespana\/valoracion-personal-del-blog\/\">Continue reading <span class=\"meta-nav\">&rarr;<\/span><\/a><\/p>\n","protected":false},"author":2514,"featured_media":0,"parent":0,"menu_order":0,"comment_status":"open","ping_status":"open","template":"","meta":{"footnotes":""},"class_list":["post-205","page","type-page","status-publish","hentry"],"_links":{"self":[{"href":"https:\/\/blogs.ua.es\/corrienteshistoriograficasespana\/wp-json\/wp\/v2\/pages\/205","targetHints":{"allow":["GET"]}}],"collection":[{"href":"https:\/\/blogs.ua.es\/corrienteshistoriograficasespana\/wp-json\/wp\/v2\/pages"}],"about":[{"href":"https:\/\/blogs.ua.es\/corrienteshistoriograficasespana\/wp-json\/wp\/v2\/types\/page"}],"author":[{"embeddable":true,"href":"https:\/\/blogs.ua.es\/corrienteshistoriograficasespana\/wp-json\/wp\/v2\/users\/2514"}],"replies":[{"embeddable":true,"href":"https:\/\/blogs.ua.es\/corrienteshistoriograficasespana\/wp-json\/wp\/v2\/comments?post=205"}],"version-history":[{"count":1,"href":"https:\/\/blogs.ua.es\/corrienteshistoriograficasespana\/wp-json\/wp\/v2\/pages\/205\/revisions"}],"predecessor-version":[{"id":207,"href":"https:\/\/blogs.ua.es\/corrienteshistoriograficasespana\/wp-json\/wp\/v2\/pages\/205\/revisions\/207"}],"wp:attachment":[{"href":"https:\/\/blogs.ua.es\/corrienteshistoriograficasespana\/wp-json\/wp\/v2\/media?parent=205"}],"curies":[{"name":"wp","href":"https:\/\/api.w.org\/{rel}","templated":true}]}}