{"id":15,"date":"2009-06-26T18:30:55","date_gmt":"2009-06-26T16:30:55","guid":{"rendered":"https:\/\/blogs.ua.es\/cristobalcolon\/?page_id=15"},"modified":"2009-06-26T19:49:24","modified_gmt":"2009-06-26T17:49:24","slug":"%c2%bfcomo-era-la-ciudad-en-la-que-nace-cristobal-colon","status":"publish","type":"page","link":"https:\/\/blogs.ua.es\/cristobalcolon\/%c2%bfcomo-era-la-ciudad-en-la-que-nace-cristobal-colon\/","title":{"rendered":"\u00bfC\u00f3mo era la ciudad en la que nace Crist\u00f3bal Col\u00f3n?"},"content":{"rendered":"<p>A mediados del s. XV, <strong>G\u00e9nova<\/strong> era una ciudad puntera en cuanto a avances marinos se refer\u00eda. A ello contribu\u00eda enormemente su situaci\u00f3n estrat\u00e9gica.<\/p>\n<p align=\"center\">\u00a0<\/p>\n<p>Se trataba de una ciudad-estado que viv\u00eda por y para el mar. Es en esa ciudad en la que nace y crece el personaje que nos ocupa. Se hizo grumete a los 11 a\u00f1os y se convirti\u00f3 con los a\u00f1os en un experimentado marinero.<\/p>\n<p align=\"center\">\u00a0<\/p>\n<p>En cuanto a\u00a0sus or\u00edgenes familiares, podr\u00edamos decir que sus or\u00edgenes son muy humildes. Sus padres eran Domingo Col\u00f3n, un tejedor de pa\u00f1os y Susana Fontanerossa.\u00a0\u00a0Fue un matrimonio muy humilde que tuvo cinco hijos. El padre ahogado por las deudas a las que no pod\u00eda hacer frente, acab\u00f3 en la c\u00e1rcel.<\/p>\n<p>Pese a este ambiente miserable en el que creci\u00f3, Crist\u00f3bal estudi\u00f3. Se dice que aprendi\u00f3 incluso lat\u00edn. Quiz\u00e1s influenciado por el ambiente imperante en aquella ciudad, decide convertirse en marinero.<\/p>\n<p>\u00a0En el siglo XV, Europa se encuentra asustada ante los fieros zarpazos del Imperio Turco, que amenaza con introducirse por el Danubio si cae Constantinopla.<\/p>\n<p>Resumiendo brevemente el resto del panorama europeo, encontramos por un lado las tierras alemanas, que son el soporte del Sacro Imperio Romano Germ\u00e1nico. Por otro lado y en Italia, destacan las ciudades de Roma, Venecia y G\u00e9nova as\u00ed como el ducado de Mil\u00e1n.\u00a0 Los pa\u00edses n\u00f3rdicos quedar\u00e1n al margen por su escasa implicaci\u00f3n y solo restar\u00eda hablar de los pueblos ba\u00f1ados por el Atl\u00e1ntico: Pa\u00edses Bajos, Francia, los 5 reinos de la Pen\u00ednsula Ib\u00e9rica, Gran Breta\u00f1a e Irlanda.<\/p>\n<p>\u00a0<\/p>\n<p>Menci\u00f3n aparte merece <strong>Portugal<\/strong>, que se conformar\u00e1 como el reino de mayor proyecci\u00f3n universal. Ser\u00eda tambi\u00e9n el reino que m\u00e1s influir\u00eda en la vida de Col\u00f3n.<\/p>\n<p>De hecho, el primer pa\u00eds que se perfilar\u00e1 como naci\u00f3n en Europa Occidental ser\u00e1 Portugal, tanto desde el punto de vista cultural, el pol\u00edtico o incluso el religioso. Ser\u00e1 esta unidad la que posibilitar\u00e1 la expansi\u00f3n que protagoniz\u00f3 en el siglo XV. Se conformar\u00e1 como el pueblo m\u00e1s maduro de la Europa Occidental.<\/p>\n<p>Adem\u00e1s, sus 800 kms. de costa frente al mar tenebroso supondr\u00e1n un reto constante para el pueblo portugu\u00e9s a abrir nuevas rutas y a hacer fant\u00e1sticos descubrimientos.<\/p>\n<p>Razones que impulsen estas ganas de abrir nuevas rutas no les faltar\u00e1n. Por un lado est\u00e1n las econ\u00f3micas que vendr\u00e1n de la mano de la necesidad que tienen de las especias, encarecid\u00edsimas por los intermediarios, y por el otro lado estar\u00edan las razones religiosas, pues quieren devolver el golpe al pueblo musulm\u00e1n y ampliar las fronteras de la Cristiandad.<\/p>\n<p>Habr\u00e1 un personaje que ser\u00e1 clave en la ardua empresa de navegar mar adentro, el <strong>Infante D. Enrique, hermano del rey Juan I<\/strong>. Env\u00eda varias expediciones y en ellas encuentran las islas entonces despobladas de Portosanto y Madeira. De acuerdo con los barcos de la \u00e9poca, <strong>carabelas<\/strong>, podemos considerar estos descubrimientos como haza\u00f1as incre\u00edbles.<\/p>\n<p>\u00a0<\/p>\n<p>En 1445 una de las expediciones alcanzar\u00e1 la isla habitada de Cabo Verde, d\u00f3nde de acuerdo con la mentalidad de la \u00e9poca ver\u00e1n una fuente de riqueza, los esclavos.<\/p>\n<p>Las reticencias de los marineros a embarcarse en ese mar tenebroso eran salvadas por la tenacidad de Enrique el Navegante, fundador de la Escuela de Sagres.<\/p>\n<p>Al morir \u00e9ste y acceder al trono Alfonso V se produce un cambio en las prioridades pol\u00edticas. El monarca se enzarza en la guerra civil en que est\u00e1 inmersa Castilla entre los partidarios de Juana la Beltraneja e Isabel la Cat\u00f3lica.<\/p>\n<p>Ser\u00e1 en ese momento cuando llegue Col\u00f3n a costas portuguesas procedente de G\u00e9nova. Corr\u00eda el a\u00f1o 1476. Col\u00f3n es por entonces un hombre joven, tiene 25 a\u00f1os.\u00a0 Atra\u00eddo por el ambiente marinero, permanecer\u00e1 en Portugal diez a\u00f1os m\u00e1s, hasta 1485.<\/p>\n<p>\u00a0<\/p>\n<p>\u00a0<\/p>\n<p><a><\/a><\/p>\n","protected":false},"excerpt":{"rendered":"<p>A mediados del s. XV, G\u00e9nova era una ciudad puntera en cuanto a avances marinos se refer\u00eda. A ello contribu\u00eda enormemente su situaci\u00f3n estrat\u00e9gica. \u00a0 Se trataba de una ciudad-estado que viv\u00eda por y para el mar. Es en esa ciudad en la que nace y crece el personaje que nos ocupa. Se hizo grumete [&hellip;]<\/p>\n","protected":false},"author":891,"featured_media":0,"parent":0,"menu_order":0,"comment_status":"open","ping_status":"open","template":"","meta":{"footnotes":""},"class_list":["post-15","page","type-page","status-publish","hentry"],"_links":{"self":[{"href":"https:\/\/blogs.ua.es\/cristobalcolon\/wp-json\/wp\/v2\/pages\/15","targetHints":{"allow":["GET"]}}],"collection":[{"href":"https:\/\/blogs.ua.es\/cristobalcolon\/wp-json\/wp\/v2\/pages"}],"about":[{"href":"https:\/\/blogs.ua.es\/cristobalcolon\/wp-json\/wp\/v2\/types\/page"}],"author":[{"embeddable":true,"href":"https:\/\/blogs.ua.es\/cristobalcolon\/wp-json\/wp\/v2\/users\/891"}],"replies":[{"embeddable":true,"href":"https:\/\/blogs.ua.es\/cristobalcolon\/wp-json\/wp\/v2\/comments?post=15"}],"version-history":[{"count":5,"href":"https:\/\/blogs.ua.es\/cristobalcolon\/wp-json\/wp\/v2\/pages\/15\/revisions"}],"predecessor-version":[{"id":20,"href":"https:\/\/blogs.ua.es\/cristobalcolon\/wp-json\/wp\/v2\/pages\/15\/revisions\/20"}],"wp:attachment":[{"href":"https:\/\/blogs.ua.es\/cristobalcolon\/wp-json\/wp\/v2\/media?parent=15"}],"curies":[{"name":"wp","href":"https:\/\/api.w.org\/{rel}","templated":true}]}}