{"id":21,"date":"2009-07-05T16:57:11","date_gmt":"2009-07-05T14:57:11","guid":{"rendered":"https:\/\/blogs.ua.es\/cristobalcolon\/?page_id=21"},"modified":"2009-07-05T17:01:30","modified_gmt":"2009-07-05T15:01:30","slug":"personalidad-de-colon","status":"publish","type":"page","link":"https:\/\/blogs.ua.es\/cristobalcolon\/personalidad-de-colon\/","title":{"rendered":"Personalidad de Col\u00f3n"},"content":{"rendered":"<p style=\"text-align: justify\">La bibliograf\u00eda revisada nos dice que fue un hombre muy religioso. Lleg\u00f3 a creer que estaba predestinado y tocado por la divina providencia.<\/p>\n<p style=\"text-align: justify\">En su juventud, Crist\u00f3bal Col\u00f3n era un gran conversador, pose\u00eda una gran capacidad de seducci\u00f3n que le hac\u00eda cautivar a\u00a0 sus oyentes.<\/p>\n<p style=\"text-align: justify\">En el aspecto profesional, fue un gran navegante, pas\u00f3 de grumete a Amirante del Mar Oce\u00e1no. Una trayectoria veraderamente espectacular.<\/p>\n<p style=\"text-align: justify\">En el terreno familiar, era una persona muy allegada a los suyos.En su vida hubo 2 mujeres: la portuguesa Felipa Monhiz y la cordobesa Beatriz. Di\u00f3 constantes muestras de afecto a sus hijos, Diego y Hernando.<\/p>\n<p style=\"text-align: justify\">La etapa portuguesa fue decisiva en su vida pues all\u00ed se empap\u00f3 del ambiente de las grandes navegaciones de los lusos y all\u00ed gest\u00f3 su gran plan: encontrar las Indias Orientales navegando siempre hacia Occcidente.<\/p>\n<p style=\"text-align: justify\">En la \u00faltima etapa de su vida, sufre enfermedades tropicales, ataques de gota y reuma. Todo ello ayudar\u00eda a entender que se comportara como una persona iracunda.<\/p>\n<p style=\"text-align: justify\">Podemos concluir diciendo respecto a la personalidad del peronaje protagonista de este blog que se trataba de un hombre de car\u00e1cter firme y decidido, y un agudo observador, experto en asuntos de la mar.\u00a0Una persona capaz de afrontar los mayores riesgos con tal de ver cumplido su sue\u00f1o.<\/p>\n","protected":false},"excerpt":{"rendered":"<p>La bibliograf\u00eda revisada nos dice que fue un hombre muy religioso. Lleg\u00f3 a creer que estaba predestinado y tocado por la divina providencia. En su juventud, Crist\u00f3bal Col\u00f3n era un gran conversador, pose\u00eda una gran capacidad de seducci\u00f3n que le hac\u00eda cautivar a\u00a0 sus oyentes. En el aspecto profesional, fue un gran navegante, pas\u00f3 de [&hellip;]<\/p>\n","protected":false},"author":891,"featured_media":0,"parent":0,"menu_order":0,"comment_status":"open","ping_status":"open","template":"","meta":{"footnotes":""},"class_list":["post-21","page","type-page","status-publish","hentry"],"_links":{"self":[{"href":"https:\/\/blogs.ua.es\/cristobalcolon\/wp-json\/wp\/v2\/pages\/21","targetHints":{"allow":["GET"]}}],"collection":[{"href":"https:\/\/blogs.ua.es\/cristobalcolon\/wp-json\/wp\/v2\/pages"}],"about":[{"href":"https:\/\/blogs.ua.es\/cristobalcolon\/wp-json\/wp\/v2\/types\/page"}],"author":[{"embeddable":true,"href":"https:\/\/blogs.ua.es\/cristobalcolon\/wp-json\/wp\/v2\/users\/891"}],"replies":[{"embeddable":true,"href":"https:\/\/blogs.ua.es\/cristobalcolon\/wp-json\/wp\/v2\/comments?post=21"}],"version-history":[{"count":4,"href":"https:\/\/blogs.ua.es\/cristobalcolon\/wp-json\/wp\/v2\/pages\/21\/revisions"}],"predecessor-version":[{"id":25,"href":"https:\/\/blogs.ua.es\/cristobalcolon\/wp-json\/wp\/v2\/pages\/21\/revisions\/25"}],"wp:attachment":[{"href":"https:\/\/blogs.ua.es\/cristobalcolon\/wp-json\/wp\/v2\/media?parent=21"}],"curies":[{"name":"wp","href":"https:\/\/api.w.org\/{rel}","templated":true}]}}