{"id":26,"date":"2009-07-05T17:11:07","date_gmt":"2009-07-05T15:11:07","guid":{"rendered":"https:\/\/blogs.ua.es\/cristobalcolon\/?page_id=26"},"modified":"2009-07-05T17:11:07","modified_gmt":"2009-07-05T15:11:07","slug":"los-antecesores-de-colon","status":"publish","type":"page","link":"https:\/\/blogs.ua.es\/cristobalcolon\/los-antecesores-de-colon\/","title":{"rendered":"Los antecesores de Col\u00f3n"},"content":{"rendered":"<p>Podr\u00edamos considerar a los navegantes escandinavos Erik el Rojo, a su hijo Leif Erikson y a Thorfin Karlsefnicomoa\u00a0 los <strong>antecesores de Col\u00f3n<\/strong>. Superaron Groenlandia y llegaron a Am\u00e9rica del Norte.<\/p>\n<p>De hecho es a <strong>Erik el Rojo<\/strong> a quien se le atribuye el descubrimiento de Groenlandia, y a su hijo <strong>Leif Erikson<\/strong> el alcanzar las costas de Vinlandia.<\/p>\n<p>Fue <strong>Thorfin Karlsefni<\/strong> quien intent\u00f3 colonizar aquellas tierras anque sin mucho \u00e9xito.<\/p>\n<p>Encontramos tambi\u00e9n entre los antecesores de Crist\u00f3bal Col\u00f3n al notable marino chino <strong>Zheng He<\/strong>, quien descubri\u00f3 el continente americano atravesando el Pac\u00edfico.<\/p>\n<p>No podemos olvidarnos de los portugueses que llevaban medio siglo tanteando el paso hacia el \u00cdndico. Ellos practicaban la conocida como <em>navegaci\u00f3n de cabotaje.<\/em> Considerando que las naves de aquella \u00e9poca ten\u00edan una autonom\u00eda muy limitada, lo que hac\u00edan era navegar sin perder de vista en ning\u00fan momento la costa, los cabos.<\/p>\n<p>Menci\u00f3n especial merece en este apartado Enrique el Navegante, fundador de la Escuela de Sagres.<\/p>\n","protected":false},"excerpt":{"rendered":"<p>Podr\u00edamos considerar a los navegantes escandinavos Erik el Rojo, a su hijo Leif Erikson y a Thorfin Karlsefnicomoa\u00a0 los antecesores de Col\u00f3n. Superaron Groenlandia y llegaron a Am\u00e9rica del Norte. De hecho es a Erik el Rojo a quien se le atribuye el descubrimiento de Groenlandia, y a su hijo Leif Erikson el alcanzar las [&hellip;]<\/p>\n","protected":false},"author":891,"featured_media":0,"parent":0,"menu_order":0,"comment_status":"open","ping_status":"open","template":"","meta":{"footnotes":""},"class_list":["post-26","page","type-page","status-publish","hentry"],"_links":{"self":[{"href":"https:\/\/blogs.ua.es\/cristobalcolon\/wp-json\/wp\/v2\/pages\/26","targetHints":{"allow":["GET"]}}],"collection":[{"href":"https:\/\/blogs.ua.es\/cristobalcolon\/wp-json\/wp\/v2\/pages"}],"about":[{"href":"https:\/\/blogs.ua.es\/cristobalcolon\/wp-json\/wp\/v2\/types\/page"}],"author":[{"embeddable":true,"href":"https:\/\/blogs.ua.es\/cristobalcolon\/wp-json\/wp\/v2\/users\/891"}],"replies":[{"embeddable":true,"href":"https:\/\/blogs.ua.es\/cristobalcolon\/wp-json\/wp\/v2\/comments?post=26"}],"version-history":[{"count":2,"href":"https:\/\/blogs.ua.es\/cristobalcolon\/wp-json\/wp\/v2\/pages\/26\/revisions"}],"predecessor-version":[{"id":28,"href":"https:\/\/blogs.ua.es\/cristobalcolon\/wp-json\/wp\/v2\/pages\/26\/revisions\/28"}],"wp:attachment":[{"href":"https:\/\/blogs.ua.es\/cristobalcolon\/wp-json\/wp\/v2\/media?parent=26"}],"curies":[{"name":"wp","href":"https:\/\/api.w.org\/{rel}","templated":true}]}}