{"id":36,"date":"2009-07-05T18:08:21","date_gmt":"2009-07-05T16:08:21","guid":{"rendered":"https:\/\/blogs.ua.es\/cristobalcolon\/?page_id=36"},"modified":"2009-07-05T18:08:21","modified_gmt":"2009-07-05T16:08:21","slug":"el-empujon-de-toscanelli","status":"publish","type":"page","link":"https:\/\/blogs.ua.es\/cristobalcolon\/el-empujon-de-toscanelli\/","title":{"rendered":"El empuj\u00f3n de Toscanelli"},"content":{"rendered":"<p>Col\u00f3n era por aquel entonces un marino autodidacta que llevaba varios a\u00f1os navegando con los portugueses hacia la Costa de Guinea. Estaba casado con una portuguesa que ten\u00eda contactos en la Corte. Por ello se entera de que Lisboa ha contactado con un sabio florentino llamado TOSCANELLI. \u00c9ste ten\u00eda fama de buen astr\u00f3logo y cosm\u00f3grafo. Defend\u00eda la tesis del viaje oce\u00e1nico a la India navegando siempre hacia Poniente.<\/p>\n<p>Sus argumentos nos convencieron a los portugueses pero s\u00ed a Col\u00f3n que se decide a enviarle una carta. Toscanelli responde animando a Col\u00f3n a comprobar su tesis, lo que contribuye\u00a0 a que se afirme m\u00e1s si cabe en su proyecto. Comienza con los c\u00e1lculos pero parte de un error important\u00edsimo, pues ignora la existencia del Nuevo Mundo. Adem\u00e1s, sus c\u00e1lculos estaban basados en otro gran error. Para \u00e9l, el viejo continente euroasi\u00e1tico ocupaba 2\/3 de la Tierra y el oce\u00e1no, el otro tercio.<\/p>\n<p>Col\u00f3n est\u00e1 plenamente convencido de la viabilidad de su proyecto. Solo necesita encontrar un alto protector capaz de financiar tal empresa.<\/p>\n<p>En Portugal, consigue hablar con el soberano Juan II, quien queda fascinado ante el entusiasmo y la elocuencia del genov\u00e9s. Para estudiar el plan, nombra una Junta de Matem\u00e1ticos que finalmente acaba rechaz\u00e1ndolo.<\/p>\n","protected":false},"excerpt":{"rendered":"<p>Col\u00f3n era por aquel entonces un marino autodidacta que llevaba varios a\u00f1os navegando con los portugueses hacia la Costa de Guinea. Estaba casado con una portuguesa que ten\u00eda contactos en la Corte. Por ello se entera de que Lisboa ha contactado con un sabio florentino llamado TOSCANELLI. \u00c9ste ten\u00eda fama de buen astr\u00f3logo y cosm\u00f3grafo. [&hellip;]<\/p>\n","protected":false},"author":891,"featured_media":0,"parent":0,"menu_order":0,"comment_status":"open","ping_status":"open","template":"","meta":{"footnotes":""},"class_list":["post-36","page","type-page","status-publish","hentry"],"_links":{"self":[{"href":"https:\/\/blogs.ua.es\/cristobalcolon\/wp-json\/wp\/v2\/pages\/36","targetHints":{"allow":["GET"]}}],"collection":[{"href":"https:\/\/blogs.ua.es\/cristobalcolon\/wp-json\/wp\/v2\/pages"}],"about":[{"href":"https:\/\/blogs.ua.es\/cristobalcolon\/wp-json\/wp\/v2\/types\/page"}],"author":[{"embeddable":true,"href":"https:\/\/blogs.ua.es\/cristobalcolon\/wp-json\/wp\/v2\/users\/891"}],"replies":[{"embeddable":true,"href":"https:\/\/blogs.ua.es\/cristobalcolon\/wp-json\/wp\/v2\/comments?post=36"}],"version-history":[{"count":3,"href":"https:\/\/blogs.ua.es\/cristobalcolon\/wp-json\/wp\/v2\/pages\/36\/revisions"}],"predecessor-version":[{"id":39,"href":"https:\/\/blogs.ua.es\/cristobalcolon\/wp-json\/wp\/v2\/pages\/36\/revisions\/39"}],"wp:attachment":[{"href":"https:\/\/blogs.ua.es\/cristobalcolon\/wp-json\/wp\/v2\/media?parent=36"}],"curies":[{"name":"wp","href":"https:\/\/api.w.org\/{rel}","templated":true}]}}