{"id":44,"date":"2009-07-05T18:32:37","date_gmt":"2009-07-05T16:32:37","guid":{"rendered":"https:\/\/blogs.ua.es\/cristobalcolon\/?page_id=44"},"modified":"2009-07-05T18:32:37","modified_gmt":"2009-07-05T16:32:37","slug":"colon-en-castilla","status":"publish","type":"page","link":"https:\/\/blogs.ua.es\/cristobalcolon\/colon-en-castilla\/","title":{"rendered":"Col\u00f3n en Castilla"},"content":{"rendered":"<p>Crist\u00f3bal Col\u00f3n llega a Castilla a principios de la primavera de 1485. Se encuentra con un pueblo en armas, pues Castilla lleva tres a\u00f1os en guerra con el reino nazar\u00ed de Granada.<\/p>\n<p>Fernando el Cat\u00f3lico es por entonces un monarca joven de 30 a\u00f1os, ansioso por convertirse en el gran capit\u00e1n de la guerra de la Reconquista.<\/p>\n<p>Llega al Monaterio de la R\u00e1bida que tiene fama de hospitalario. Le recibe Fray Antonio de Marchena, un buen astr\u00f3logo. Esa es su primera parada. Col\u00f3n debe ir a ngociar a la Corte, pero antes debe encontrar a alguien con quien dejara\u00a0 su hijo peque\u00f1o Diego, a quien consigue finalmente dejar al cuidado de su cu\u00f1ada Do\u00f1a Violante. Ya puede marchar tranquilo a negociar a la Corte en busca del apoyo que necesita.<\/p>\n<p>Gracias a Fray Antonio de Marchena consigue una carta de recomendaci\u00f3n para su \u00fanico conocido en la Corte, el confesor de la Reina, Fray Hernando de Talavera.<\/p>\n<p>El problema es que los RRCC andan inmersos en la conquista de Granada por lo que las posibilidades de Col\u00f3n para ser o\u00eddo son m\u00ednimas.Tiene que seguirlos por innumerables lugares hasta que al fin en 1486 logra ser recibido por los monarcas, que se muestran m\u00e1s entretenidos que convencidos, sobre todo la reina Isabel, m\u00e1s so\u00f1adora que Fernando. Constituyen una Junta de Expertos para que eval\u00fae el proyecto , pero el dictamen fue desfavorable. Son los RRCC quienes comunican en persona el fallo fe la Junta a Col\u00f3n. Desean matenerlo en la Corte y no romper del todo con \u00e9l.<\/p>\n<p>Col\u00f3n permanece con la voluntad firme. De hecho, busca apoyo de nuevo en el monarca Juan II de Portugal mientras que su hermano Bartolom\u00e9 lo intenta en la Corte de Londres, ante Enrique VII. Tambi\u00e9n lo intenta entre los magnates andaluces: Duque de Medinacelli y el de Medina-Sidonia.<\/p>\n<p>El Duque de Medinacelli se muestra interesado en financiar la aventura de Col\u00f3n y es entonces cuando reacciona la reina. No puede consentir que sea otro quien est\u00e9 detr\u00e1s del posible \u00e9xito de Col\u00f3n. Lo recibe de nuevo y se implica en la aventura. Parec\u00eda imposible que los RRCC pudieran llegar a ceder ante las desorbitadas pretensiones de Col\u00f3n, pero as\u00ed fue.<\/p>\n<p style=\"text-align: center\"><strong>\u00bfQu\u00e9 hizo que cedieran?<\/strong><\/p>\n<p style=\"text-align: justify\">La intervenci\u00f3n de un personaje de la Corte como el aragon\u00e9s Luis de Santangel, hombre de confianza del rey Fernando.<\/p>\n<p style=\"text-align: justify\">Era una oportunidad \u00fanica para expandir las fronteras de la monarqu\u00eda espa\u00f1ola.<\/p>\n<p style=\"text-align: justify\">No se perd\u00eda nada si no se consegu\u00eda, salvo el coste de la expedici\u00f3n.<\/p>\n<p style=\"text-align: justify\">El que se plantearan de que pod\u00eda ser otro protector en Europa el que apoyara a Col\u00f3n.<\/p>\n<p style=\"text-align: justify\">El dejarlo todo bien atado en las Capitulaciones de Santa F\u00e9, firmadas el 17 de abril 1492.<\/p>\n","protected":false},"excerpt":{"rendered":"<p>Crist\u00f3bal Col\u00f3n llega a Castilla a principios de la primavera de 1485. Se encuentra con un pueblo en armas, pues Castilla lleva tres a\u00f1os en guerra con el reino nazar\u00ed de Granada. Fernando el Cat\u00f3lico es por entonces un monarca joven de 30 a\u00f1os, ansioso por convertirse en el gran capit\u00e1n de la guerra de [&hellip;]<\/p>\n","protected":false},"author":891,"featured_media":0,"parent":0,"menu_order":0,"comment_status":"open","ping_status":"open","template":"","meta":{"footnotes":""},"class_list":["post-44","page","type-page","status-publish","hentry"],"_links":{"self":[{"href":"https:\/\/blogs.ua.es\/cristobalcolon\/wp-json\/wp\/v2\/pages\/44","targetHints":{"allow":["GET"]}}],"collection":[{"href":"https:\/\/blogs.ua.es\/cristobalcolon\/wp-json\/wp\/v2\/pages"}],"about":[{"href":"https:\/\/blogs.ua.es\/cristobalcolon\/wp-json\/wp\/v2\/types\/page"}],"author":[{"embeddable":true,"href":"https:\/\/blogs.ua.es\/cristobalcolon\/wp-json\/wp\/v2\/users\/891"}],"replies":[{"embeddable":true,"href":"https:\/\/blogs.ua.es\/cristobalcolon\/wp-json\/wp\/v2\/comments?post=44"}],"version-history":[{"count":6,"href":"https:\/\/blogs.ua.es\/cristobalcolon\/wp-json\/wp\/v2\/pages\/44\/revisions"}],"predecessor-version":[{"id":50,"href":"https:\/\/blogs.ua.es\/cristobalcolon\/wp-json\/wp\/v2\/pages\/44\/revisions\/50"}],"wp:attachment":[{"href":"https:\/\/blogs.ua.es\/cristobalcolon\/wp-json\/wp\/v2\/media?parent=44"}],"curies":[{"name":"wp","href":"https:\/\/api.w.org\/{rel}","templated":true}]}}