{"id":54,"date":"2009-07-05T18:57:40","date_gmt":"2009-07-05T16:57:40","guid":{"rendered":"https:\/\/blogs.ua.es\/cristobalcolon\/?page_id=54"},"modified":"2009-07-05T18:57:40","modified_gmt":"2009-07-05T16:57:40","slug":"el-gran-viaje","status":"publish","type":"page","link":"https:\/\/blogs.ua.es\/cristobalcolon\/el-gran-viaje\/","title":{"rendered":"El gran viaje"},"content":{"rendered":"<p>La primera etapa del viaje recalar\u00e1 en Canarias, considerado punto estrat\u00e9gico. Al dejar las islas Canarias, se iniia el viaje hacia el Mar Tenebroso, hace buen tiempo y la moral de la tripulaci\u00f3n es buena.<\/p>\n<p>Es a partir de la tercera semana cuando se empiezan a inquietar. Protestan, se amotinan y habr\u00eda sido un momento muy delicado de no ser por la intervenci\u00f3n de Mart\u00edn Alonso Pinz\u00f3n que logr\u00f3 zanjar el asunto.<\/p>\n<p>Siguen un tiempo sin avistar tierra lo que hace m\u00e1s cr\u00edtica la situaci\u00f3n. Ahora son los hermanos Pinz\u00f3n los que ponen un ultim\u00e1tum a Col\u00f3n. A partir del 10 de octubre, le dan 3 d\u00edas. Si por entonces no han visto tierra, dar\u00e1n la vuelta y regresar\u00e1n a Espa\u00f1a.<\/p>\n<p>La noche del 11 al 12 de Octubre Rodrigo de Triana grit\u00f3 TIERRA A LA VISTA.<\/p>\n<p>Se trataba de una peque\u00f1a isla de las BAHAMAS, llamada Guanahn\u00ed por los ind\u00edgenas. Col\u00f3n la bautiz\u00f3 como San Salvador. En la actualidad es conocida como isla de Watling.<\/p>\n<p>Los ind\u00edgenas que habitaban la isla quedaropn at\u00f3nitos, Cre\u00edan que ven\u00edan del cielo, estaban muy sorprendidos por las naves, los ropajes, las barbas, su p\u00e1lido color y su fuerte olor.<\/p>\n<p>Se di\u00f3 en aquel momento un emocionante choque entre civilizaciones: la renacentista de los espa\u00f1oles y la primitiva de los indios. \u00a0<\/p>\n<p>Col\u00f3n cree haber llegado a las Indias, y pasa m\u00e1s de tres meses buscando la tierra del continente anhelado. Si ha recorrido 6.600kms, dista todav\u00eda de las Indias 15.000 kms m\u00e1s.<\/p>\n<p>La Santa Mar\u00eda encalla en la Espa\u00f1ola y pierde esa nave. Deben regresar forzosamente pero ahora no caben todos por lo que 39 marineros quedan all\u00ed que son los que construyen el primer asentamiento espa\u00f1ol en el Nuevo Mundo: el fuerte de Navidad. Col\u00f3n promete volver antes de un a\u00f1o a rescatarlos.<\/p>\n<p>Regresa a Espa\u00f1a y desembarca en Palos el 14 de marzo de 1493 entre admiraci\u00f3n y expectaci\u00f3n. Los reyes lo reciben en las Cortes de Barcelona y les habla de las maravillosas tierras e inocentes gentes que ha encontrado.<\/p>\n<p>Es entonces cuando los Reyes piden legitimidad al Papa para poder continuar con sus viajes. El papa Alejandro VI est\u00e1 encantado con la idea siempre que se evangelice los buevos dominios.<\/p>\n<p>Los Reyes apoyan firmemente el segundo viaje. Ser\u00e1n 17 naves, 1500 hombres y toda clase de animales dom\u00e9sticos. Ahora s\u00ed comienza la colonizaci\u00f3n de Am\u00e9rica.<\/p>\n","protected":false},"excerpt":{"rendered":"<p>La primera etapa del viaje recalar\u00e1 en Canarias, considerado punto estrat\u00e9gico. Al dejar las islas Canarias, se iniia el viaje hacia el Mar Tenebroso, hace buen tiempo y la moral de la tripulaci\u00f3n es buena. Es a partir de la tercera semana cuando se empiezan a inquietar. Protestan, se amotinan y habr\u00eda sido un momento [&hellip;]<\/p>\n","protected":false},"author":891,"featured_media":0,"parent":0,"menu_order":0,"comment_status":"open","ping_status":"open","template":"","meta":{"footnotes":""},"class_list":["post-54","page","type-page","status-publish","hentry"],"_links":{"self":[{"href":"https:\/\/blogs.ua.es\/cristobalcolon\/wp-json\/wp\/v2\/pages\/54","targetHints":{"allow":["GET"]}}],"collection":[{"href":"https:\/\/blogs.ua.es\/cristobalcolon\/wp-json\/wp\/v2\/pages"}],"about":[{"href":"https:\/\/blogs.ua.es\/cristobalcolon\/wp-json\/wp\/v2\/types\/page"}],"author":[{"embeddable":true,"href":"https:\/\/blogs.ua.es\/cristobalcolon\/wp-json\/wp\/v2\/users\/891"}],"replies":[{"embeddable":true,"href":"https:\/\/blogs.ua.es\/cristobalcolon\/wp-json\/wp\/v2\/comments?post=54"}],"version-history":[{"count":3,"href":"https:\/\/blogs.ua.es\/cristobalcolon\/wp-json\/wp\/v2\/pages\/54\/revisions"}],"predecessor-version":[{"id":57,"href":"https:\/\/blogs.ua.es\/cristobalcolon\/wp-json\/wp\/v2\/pages\/54\/revisions\/57"}],"wp:attachment":[{"href":"https:\/\/blogs.ua.es\/cristobalcolon\/wp-json\/wp\/v2\/media?parent=54"}],"curies":[{"name":"wp","href":"https:\/\/api.w.org\/{rel}","templated":true}]}}