{"id":69,"date":"2009-07-05T19:22:37","date_gmt":"2009-07-05T17:22:37","guid":{"rendered":"https:\/\/blogs.ua.es\/cristobalcolon\/?page_id=69"},"modified":"2009-07-05T19:22:37","modified_gmt":"2009-07-05T17:22:37","slug":"sus-ultimos-anos","status":"publish","type":"page","link":"https:\/\/blogs.ua.es\/cristobalcolon\/sus-ultimos-anos\/","title":{"rendered":"Sus \u00faltimos a\u00f1os"},"content":{"rendered":"<p>Cuando Col\u00f3n alcanza la costa norte de Honduras, su ceguera le hace creer pr\u00f3ximo a las Indias Orientales. Adem\u00e1s los ind\u00edgenas le hablan de tierras con mucho oro, pero cae gravemente enfermo y regreso de nuevo a la Espa\u00f1ola. De camino queda atrapado casi un a\u00f1o en Jamaica.<\/p>\n<p>Vuelve a Espa\u00f1a derrotado y envejecido. Conf\u00eda en que la reina le siga apoyando pero \u00e9sta muere poco despu\u00e9s originando una grave crisis sucesoria. Adem\u00e1s no conseguir\u00e1 convencer a Fernando.<\/p>\n<p>Muere en Valladolid el 19 de mayo de 1506, testa a favor de sus hijos y hermano. So obsesi\u00f3n era conservar su mayorazgo, que pase de Diego a Hernando, y de Hernando a Bartolom\u00e9.<\/p>\n<p>Col\u00f3n no muere pobre. Aunque no se le reconocen todos los privilegios solicitados, el Rey no abandona su linaje.<\/p>\n<p>Diego Col\u00f3n, su hijo, se casa con D\u00f1a. Mar\u00eda de Toledo, sobrina del Duque de Alba, por lo que logra emparentar con la alta nobleza castellana.<\/p>\n<p>Col\u00f3n fue enterrado en Valladolid en 1506. Tres a\u00f1os depu\u00e9s, su hijo Diego los traslada a la Cartuja de Sevilla. 35 a\u00f1os m\u00e1s tarde, la viuda de D. Diego con el permiso de Carlos V lo traslada a Santo Domingo.<\/p>\n<p>A finales del s XVIII Carlos VI decide su traslado a otro dominio de ultramar, la Habana. Pero cuando Espa\u00f1a pierde Cuba en 1898, reclama los restos produci\u00e9ndose el \u00faltimo traslado de los restos a la catedral de Sevilla.<\/p>\n","protected":false},"excerpt":{"rendered":"<p>Cuando Col\u00f3n alcanza la costa norte de Honduras, su ceguera le hace creer pr\u00f3ximo a las Indias Orientales. Adem\u00e1s los ind\u00edgenas le hablan de tierras con mucho oro, pero cae gravemente enfermo y regreso de nuevo a la Espa\u00f1ola. De camino queda atrapado casi un a\u00f1o en Jamaica. Vuelve a Espa\u00f1a derrotado y envejecido. Conf\u00eda [&hellip;]<\/p>\n","protected":false},"author":891,"featured_media":0,"parent":0,"menu_order":0,"comment_status":"open","ping_status":"open","template":"","meta":{"footnotes":""},"class_list":["post-69","page","type-page","status-publish","hentry"],"_links":{"self":[{"href":"https:\/\/blogs.ua.es\/cristobalcolon\/wp-json\/wp\/v2\/pages\/69","targetHints":{"allow":["GET"]}}],"collection":[{"href":"https:\/\/blogs.ua.es\/cristobalcolon\/wp-json\/wp\/v2\/pages"}],"about":[{"href":"https:\/\/blogs.ua.es\/cristobalcolon\/wp-json\/wp\/v2\/types\/page"}],"author":[{"embeddable":true,"href":"https:\/\/blogs.ua.es\/cristobalcolon\/wp-json\/wp\/v2\/users\/891"}],"replies":[{"embeddable":true,"href":"https:\/\/blogs.ua.es\/cristobalcolon\/wp-json\/wp\/v2\/comments?post=69"}],"version-history":[{"count":2,"href":"https:\/\/blogs.ua.es\/cristobalcolon\/wp-json\/wp\/v2\/pages\/69\/revisions"}],"predecessor-version":[{"id":71,"href":"https:\/\/blogs.ua.es\/cristobalcolon\/wp-json\/wp\/v2\/pages\/69\/revisions\/71"}],"wp:attachment":[{"href":"https:\/\/blogs.ua.es\/cristobalcolon\/wp-json\/wp\/v2\/media?parent=69"}],"curies":[{"name":"wp","href":"https:\/\/api.w.org\/{rel}","templated":true}]}}