{"id":34,"date":"2022-12-24T13:45:36","date_gmt":"2022-12-24T13:45:36","guid":{"rendered":"https:\/\/blogs.ua.es\/cts2022\/?page_id=34"},"modified":"2022-12-26T23:35:29","modified_gmt":"2022-12-26T23:35:29","slug":"beneficios-y-perjuicios-de-la-ciencia","status":"publish","type":"page","link":"https:\/\/blogs.ua.es\/cts2022\/beneficios-y-perjuicios-de-la-ciencia\/","title":{"rendered":"BENEFICIOS Y PERJUICIOS DE LA CIENCIA Y LA TECNOLOG\u00cdA"},"content":{"rendered":"<p style=\"text-align: center\">Las innovaciones tecnol\u00f3gicas surgidas a ra\u00edz de las investigaciones cient\u00edficas por parte de eruditos que no han abandonado el sendero habitual marcado por las instituciones acad\u00e9micas han conducido al progreso social, una idea heredera de la Ilustraci\u00f3n tal y como lo plantea el determinismo tecnol\u00f3gico. Seg\u00fan este paradigma, el progreso cient\u00edfico ha conducido al progreso tecnol\u00f3gico, y \u00e9ste al progreso econ\u00f3mico, lo que ha producido una mejora social en la vida de los seres humanos.<\/p>\n<p style=\"text-align: center\">P\u00f3ngase el ejemplo de la aviaci\u00f3n para ilustrar esta visi\u00f3n triunfalista de la ciencia y la tecnolog\u00eda. Fue indispensable la labor de los pioneros en este \u00e1mbito, a saber, los hermanos Wright, cuyos inventos han sido tomados como modelos para construir nuevos aviones como los conocemos a d\u00eda de hoy.<\/p>\n<p><a href=\"https:\/\/www.youtube.com\/watch?v=ZQ0GDDQHoeI\">https:\/\/www.youtube.com\/watch?v=ZQ0GDDQHoeI<\/a><\/p>\n<p style=\"text-align: center\">La aviaci\u00f3n se convertir\u00eda en la industria m\u00e1s importante de nuestro tiempo y, a su vez, reactivar\u00eda el turismo del que tanto depende. El sector terciario se ha beneficiado enormemente de los desarrollos cient\u00edficos y tecnol\u00f3gicos puesto que los aeropuertos acaparan m\u00e1s aviones que han evolucionado tanto en t\u00e9rminos t\u00e9cnicos como funcionales. Y as\u00ed llegar\u00edamos a tiempos de la Tercera Revoluci\u00f3n Industrial, donde en esos mismos espacios concurrir\u00edan trabajadores, directivos, etc. (a los que se le exigen una alta cualificaci\u00f3n), y de miles de viajeros, que buscan desplazarse lejos de su entorno cotidiano.<\/p>\n<p style=\"text-align: center\">Al final, ha sido indiscutible el brutal impacto socioecon\u00f3mico y social de los factores cient\u00edfico \u2013 t\u00e9cnicos: la intensiva tecnocientificaci\u00f3n de la producci\u00f3n industrial ha incrementado el PIB de determinados pa\u00edses y los dise\u00f1os pr\u00e1cticos de la ciencia han hecho mejorar el bienestar y seguridad de las personas (comemos alimentos de mejor calidad, nos vestimos con prendas de vestir m\u00e1s duraderas, nuestros hogares est\u00e1n construidos con materiales m\u00e1s resilientes, tenemos m\u00e1s recursos t\u00e9cnicos para luchar contra las enfermedades, etc.).<\/p>\n<p style=\"text-align: center\">Ahora bien, la historia de la humanidad nos demuestra que la ciencia y la tecnolog\u00eda est\u00e1, en innumerables ocasiones, al servicio de intereses pol\u00edticos y militares. Por tanto, no es neutral ni positiva, tal y como dijo Melvin Kranzberg. De hecho, los inventos no solo hacen aumentar el poder cognitivo de las personas, sino tambi\u00e9n sus capacidades f\u00edsicas (uso de armas para matar personas, animales, etc.). En otras ocasiones, son los grupos sociales relevantes de gran poder quienes toman decisiones sin que se de la posibilidad de intervenci\u00f3n por parte de los usuarios. De modo que la tecnolog\u00eda puede formar parte de un entramado socio \u2013 militar, quedando monopolizada \u00fanica y exclusivamente por expertos tecnocient\u00edficos que operan en la l\u00f3gica de la carrera espacial. Fue \u00e9ste el caso m\u00e1s evidente con el lanzamiento de sat\u00e9lites por parte de las dos potencias mundiales Estados Unidos (SCORE y Vanguard) y URSS (Sputnik y Vosjod 2). Esta visi\u00f3n pesimista de la ciencia y la tecnolog\u00eda tambi\u00e9n involucra proyectos de investigaci\u00f3n cient\u00edfica como la que condujo a la construcci\u00f3n de bombas at\u00f3micas y las fatalidades asociadas a la misma en el contexto de las confrontaciones de la Guerra Fr\u00eda (detonaci\u00f3n de Ivy Mike en el a\u00f1o 1952 por parte de Estados Unidos en la isla Elugelab).<\/p>\n<p><a href=\"https:\/\/www.youtube.com\/watch?v=Q3ezhvCzWCM\">https:\/\/www.youtube.com\/watch?v=Q3ezhvCzWCM<\/a><\/p>\n","protected":false},"excerpt":{"rendered":"<p>Las innovaciones tecnol\u00f3gicas surgidas a ra\u00edz de las investigaciones cient\u00edficas por parte de eruditos que no han abandonado el sendero habitual marcado por las instituciones acad\u00e9micas han conducido al progreso social, una idea heredera de la Ilustraci\u00f3n tal y como lo plantea el determinismo tecnol\u00f3gico. Seg\u00fan este paradigma, el progreso cient\u00edfico ha conducido al progreso [&hellip;]<\/p>\n","protected":false},"author":4407,"featured_media":0,"parent":0,"menu_order":0,"comment_status":"closed","ping_status":"closed","template":"","meta":{"footnotes":""},"class_list":["post-34","page","type-page","status-publish","hentry"],"_links":{"self":[{"href":"https:\/\/blogs.ua.es\/cts2022\/wp-json\/wp\/v2\/pages\/34","targetHints":{"allow":["GET"]}}],"collection":[{"href":"https:\/\/blogs.ua.es\/cts2022\/wp-json\/wp\/v2\/pages"}],"about":[{"href":"https:\/\/blogs.ua.es\/cts2022\/wp-json\/wp\/v2\/types\/page"}],"author":[{"embeddable":true,"href":"https:\/\/blogs.ua.es\/cts2022\/wp-json\/wp\/v2\/users\/4407"}],"replies":[{"embeddable":true,"href":"https:\/\/blogs.ua.es\/cts2022\/wp-json\/wp\/v2\/comments?post=34"}],"version-history":[{"count":8,"href":"https:\/\/blogs.ua.es\/cts2022\/wp-json\/wp\/v2\/pages\/34\/revisions"}],"predecessor-version":[{"id":90,"href":"https:\/\/blogs.ua.es\/cts2022\/wp-json\/wp\/v2\/pages\/34\/revisions\/90"}],"wp:attachment":[{"href":"https:\/\/blogs.ua.es\/cts2022\/wp-json\/wp\/v2\/media?parent=34"}],"curies":[{"name":"wp","href":"https:\/\/api.w.org\/{rel}","templated":true}]}}