{"id":40,"date":"2022-12-24T16:58:45","date_gmt":"2022-12-24T16:58:45","guid":{"rendered":"https:\/\/blogs.ua.es\/cts2022\/?page_id=40"},"modified":"2022-12-26T23:40:14","modified_gmt":"2022-12-26T23:40:14","slug":"ventajas-de-la-ciencia-y-la-tecnologia","status":"publish","type":"page","link":"https:\/\/blogs.ua.es\/cts2022\/ventajas-de-la-ciencia-y-la-tecnologia\/","title":{"rendered":"VENTAJAS DE LA LA CIENCIA Y LA TECNOLOG\u00cdA"},"content":{"rendered":"<p style=\"text-align: center\">En este apartado, dejo por escrito algunas de las potencialidades y logros de la ciencia y la tecnolog\u00eda en las sociedades humanas.<\/p>\n<p style=\"text-align: center\">En el presente, la ciencia satisface necesidades humanas b\u00e1sicas porque nos permite disponer de instrumentos, herramientas y m\u00e1quinas que usamos y apropiamos para darles un fin, una utilidad en concreto. As\u00ed como un instrumento musical est\u00e1 destinado a la recreaci\u00f3n en t\u00e9rminos musicales, tenemos utensilios para comer, pescar peces, arreglar coches, etc., y aparatos m\u00e1s complejos que nos sirven para coser, procesar muestras biol\u00f3gicas, o incluso, volar. Por lo general, los artefactos recientes que disponemos son altamente complejos y confiables, y preceden a objetos y sistemas tecnol\u00f3gicos m\u00e1s simples. Por ejemplo, existen varios tipos de c\u00e1mara de fotos actualmente en funci\u00f3n de los elementos t\u00e9cnicos que se le han ido incorporando: las c\u00e1maras antiguas no son como las de ahora pues antes no ten\u00edan carrete, ahora tenemos c\u00e1maras estereosc\u00f3picas provistas de dos lentes, c\u00e1maras que ajustan el tiempo de exposici\u00f3n seg\u00fan los niveles de iluminaci\u00f3n, etc.<\/p>\n<p>&nbsp;<\/p>\n<p><img loading=\"lazy\" decoding=\"async\" class=\"size-medium wp-image-50 aligncenter\" src=\"https:\/\/blogs.ua.es\/cts2022\/files\/2022\/12\/Captura-de-pantalla-2022-12-24-202246-300x134.png\" alt=\"\" width=\"300\" height=\"134\" srcset=\"https:\/\/blogs.ua.es\/cts2022\/files\/2022\/12\/Captura-de-pantalla-2022-12-24-202246-300x134.png 300w, https:\/\/blogs.ua.es\/cts2022\/files\/2022\/12\/Captura-de-pantalla-2022-12-24-202246-1024x456.png 1024w, https:\/\/blogs.ua.es\/cts2022\/files\/2022\/12\/Captura-de-pantalla-2022-12-24-202246-768x342.png 768w, https:\/\/blogs.ua.es\/cts2022\/files\/2022\/12\/Captura-de-pantalla-2022-12-24-202246.png 1123w\" sizes=\"auto, (max-width: 300px) 100vw, 300px\" \/><\/p>\n<p style=\"text-align: center\">El autom\u00f3vil es otro de los inventos que ha evolucionado en el tiempo, un objeto que ha adquirido ahora sublimidad y que le otorga a quien lo emplee valor er\u00f3tico o narcisista conforme se ha hecho m\u00e1s moderno. A este veh\u00edculo normalmente contaminante, se le han sumado proyectos tecnol\u00f3gicos cuya pretensi\u00f3n consiste en idear coches de propulsi\u00f3n 100% el\u00e9ctrica. Nacer\u00edan los coches el\u00e9ctricos que, si bien todav\u00eda no han desplazado a los de gasolina ni son todav\u00eda bienes de consumo masivo, su uso est\u00e1 extendi\u00e9ndose cada d\u00eda m\u00e1s entre la poblaci\u00f3n a medida que las autoridades recomiendan su uso para contaminar lo menos posible. Por dar algunos datos. En el a\u00f1o 1842, los coches el\u00e9ctricos ya estaban fabricados, pero no se comercializar\u00edan hasta la invenci\u00f3n de la bater\u00eda recargable en el a\u00f1o 1881, de nuevo, un elemento crucial para superar el coche convencional. M\u00e1s adelante, este medio de transporte dispondr\u00eda de pilas de combustible en lugar de bater\u00edas, siendo capaces de generar electricidad continua a partir del hidr\u00f3geno que producen las fuentes de energ\u00eda renovables. Al final, los coches habr\u00e1n ganado en eficiencia, ser\u00e1n completamente aut\u00f3nomos y seguros, tambi\u00e9n m\u00e1s veloces, en comparaci\u00f3n con los coches cuyo funcionamiento depende del petr\u00f3leo.<\/p>\n<p><img loading=\"lazy\" decoding=\"async\" class=\"size-medium wp-image-51 aligncenter\" src=\"https:\/\/blogs.ua.es\/cts2022\/files\/2022\/12\/Coche-electrico-300x151.jpg\" alt=\"\" width=\"300\" height=\"151\" srcset=\"https:\/\/blogs.ua.es\/cts2022\/files\/2022\/12\/Coche-electrico-300x151.jpg 300w, https:\/\/blogs.ua.es\/cts2022\/files\/2022\/12\/Coche-electrico-768x388.jpg 768w, https:\/\/blogs.ua.es\/cts2022\/files\/2022\/12\/Coche-electrico.jpg 1024w\" sizes=\"auto, (max-width: 300px) 100vw, 300px\" \/><\/p>\n<p style=\"text-align: center\">Con respecto al futuro, la humanidad trascender\u00e1 la biolog\u00eda y la medicina para fusionarse con la tecnolog\u00eda. Aspectos tan humanos como nuestra salud est\u00e1 siendo sometida a las ventajas que ofrece la computaci\u00f3n y las m\u00e1quinas inteligentes: reprogramaci\u00f3n del genoma humano para mantenernos sanos, robots que asisten a los pacientes, recursos tecnol\u00f3gicos que cumplen alguna funci\u00f3n biol\u00f3gica (enfermos de Parkinson llevan implantes en el cerebro que sustituyen a las neuronas destruidas por la patolog\u00eda, personas ciegas que pueden recuperar parte de su visi\u00f3n mediante la implantaci\u00f3n de microchips bi\u00f3nicos, sordos que recuperan la audici\u00f3n gracias a componentes electr\u00f3nicos ubicados en el cerebro, uso m\u00e9dico de nanobots para combatir el c\u00e1ncer, etc.). En el terreno b\u00e9lico, los ej\u00e9rcitos de soldados contar\u00e1n con robots que identificar\u00edan todas aquellas amenazas inabordables para un ser humano con emociones. En el \u00e1mbito del hogar, las familias podr\u00edan informarse sobre lo que ocurre en el mundo a trav\u00e9s de televisores super delgados, flexibles, grandes, brillantes y multicolores (ventajas que proporciona la tecnolog\u00eda Oled). Adem\u00e1s, los avances se atisban en el turismo espacial, ya que ser\u00eda posible viajar al Planeta Rojo y visitar all\u00ed el Olympus Mons.<\/p>\n<p><img loading=\"lazy\" decoding=\"async\" class=\"size-medium wp-image-52 aligncenter\" src=\"https:\/\/blogs.ua.es\/cts2022\/files\/2022\/12\/Turismo-espacial-300x219.png\" alt=\"\" width=\"300\" height=\"219\" srcset=\"https:\/\/blogs.ua.es\/cts2022\/files\/2022\/12\/Turismo-espacial-300x219.png 300w, https:\/\/blogs.ua.es\/cts2022\/files\/2022\/12\/Turismo-espacial.png 596w\" sizes=\"auto, (max-width: 300px) 100vw, 300px\" \/><\/p>\n","protected":false},"excerpt":{"rendered":"<p>En este apartado, dejo por escrito algunas de las potencialidades y logros de la ciencia y la tecnolog\u00eda en las sociedades humanas. En el presente, la ciencia satisface necesidades humanas b\u00e1sicas porque nos permite disponer de instrumentos, herramientas y m\u00e1quinas que usamos y apropiamos para darles un fin, una utilidad en concreto. As\u00ed como un [&hellip;]<\/p>\n","protected":false},"author":4407,"featured_media":0,"parent":0,"menu_order":0,"comment_status":"closed","ping_status":"closed","template":"","meta":{"footnotes":""},"class_list":["post-40","page","type-page","status-publish","hentry"],"_links":{"self":[{"href":"https:\/\/blogs.ua.es\/cts2022\/wp-json\/wp\/v2\/pages\/40","targetHints":{"allow":["GET"]}}],"collection":[{"href":"https:\/\/blogs.ua.es\/cts2022\/wp-json\/wp\/v2\/pages"}],"about":[{"href":"https:\/\/blogs.ua.es\/cts2022\/wp-json\/wp\/v2\/types\/page"}],"author":[{"embeddable":true,"href":"https:\/\/blogs.ua.es\/cts2022\/wp-json\/wp\/v2\/users\/4407"}],"replies":[{"embeddable":true,"href":"https:\/\/blogs.ua.es\/cts2022\/wp-json\/wp\/v2\/comments?post=40"}],"version-history":[{"count":11,"href":"https:\/\/blogs.ua.es\/cts2022\/wp-json\/wp\/v2\/pages\/40\/revisions"}],"predecessor-version":[{"id":92,"href":"https:\/\/blogs.ua.es\/cts2022\/wp-json\/wp\/v2\/pages\/40\/revisions\/92"}],"wp:attachment":[{"href":"https:\/\/blogs.ua.es\/cts2022\/wp-json\/wp\/v2\/media?parent=40"}],"curies":[{"name":"wp","href":"https:\/\/api.w.org\/{rel}","templated":true}]}}