{"id":58,"date":"2022-12-25T19:57:55","date_gmt":"2022-12-25T19:57:55","guid":{"rendered":"https:\/\/blogs.ua.es\/cts2022\/?page_id=58"},"modified":"2022-12-26T00:08:41","modified_gmt":"2022-12-26T00:08:41","slug":"riesgos-de-la-tecnologia","status":"publish","type":"page","link":"https:\/\/blogs.ua.es\/cts2022\/riesgos-de-la-tecnologia\/","title":{"rendered":"RIESGOS DE LA CIENCIA Y LA TECNOLOG\u00cdA"},"content":{"rendered":"<p style=\"text-align: center\">Es cierto que la ciencia y la tecnolog\u00eda constituyen elementos indispensables para el desarrollo de los pa\u00edses, pero tambi\u00e9n conlleva unas repercusiones sociales que es necesario conocer. Gobernantes, pol\u00edticos e instituciones educativas suelen respaldar una imagen positiva de la ciencia en tanto que defienden que la adecuada producci\u00f3n de conocimiento cient\u00edfico contribuir\u00eda a la humanidad a comprender todo lo que ocurre a su alrededor. No obstante, es importante saber que la realidad presenta otra cara menos amable, m\u00e1s apocal\u00edptica, porque las aplicaciones de la ciencia tambi\u00e9n pueden deteriorar \u2013 irreversiblemente \u2013 el medio ambiente, incluso da\u00f1ar al mismo ser humano (como ocurri\u00f3 con la muerte de Marie Curie tras estar a\u00f1os y a\u00f1os expuestas a la radioactividad).<\/p>\n<p style=\"text-align: center\">En el actual estadio de modernizaci\u00f3n avanzada de las sociedades, se desvanece la visi\u00f3n de la tecnolog\u00eda como garante del control sobre el medio ambiente, de la innovaci\u00f3n como sin\u00f3nimo de progreso, abundancia y mejora en la calidad de vida, mientras que se van generando nueva clase de riesgos \u2013 at\u00f3micos, qu\u00edmicos y biogen\u00e9ticos \u2013 a los que est\u00e1 expuesto tanto la poblaci\u00f3n local como global. La ciencia y la tecnolog\u00eda, por tanto, no solo ata\u00f1e a especialistas y gobernantes, sino a la sociedad en conjunto, pues los seres humanos interactuamos constantemente con objetos tecnol\u00f3gicos desencadenantes de riesgo. Adem\u00e1s, la tecnociencia ha alterado los supuestos b\u00e1sicos de la vida natural, ha modificado los ciclos b\u00e1sicos de la naturaleza, por lo que afecta, en gran medida, a los seres humanos y comunidades bi\u00f3ticas con las que conviven.<\/p>\n<p style=\"text-align: center\">A este respecto, cabe se\u00f1alar que han proliferado los riesgos tecnol\u00f3gicos y las consecuencias sociales que han desembocado en la denominada sociedad del riesgo embarcados en pleno siglo XXI. En una de las p\u00e1ginas de este blog se ha destacado las consecuencias positivas del sector de la aviaci\u00f3n sobre el tur\u00edstico. No obstante, ambas industrias, especialmente la segunda, tiene efectos da\u00f1inos sobre el planeta, al ser el transporte a\u00e9reo tur\u00edstico puro y duro productor del 8% del anh\u00eddrido carb\u00f3nico global emitido por la humanidad (Organizaci\u00f3n Mundial del Turismo de Naciones Unidas, 2018). Han contribuido al calentamiento global, y por ende, a la aparici\u00f3n de una amenaza creciente tanto para las sociedades menos desarrolladas como para las sociedades industriales avanzadas. Se trata del problema del cambio clim\u00e1tico, cuyos impactos negativos recaen sobre los sistemas naturales y sociales.<\/p>\n<p style=\"text-align: center\">En ese estado de cosas, se hace indispensable conocer la percepci\u00f3n social que j\u00f3venes, adultos y ancianos tienen acerca de la ciencia y la tecnolog\u00eda. Una forma de abordar dicho objetivo es a trav\u00e9s de cuestionarios elaborados por la FECYT (Fundaci\u00f3n Espa\u00f1ola para la Ciencia y la Tecnolog\u00eda), por los que podemos conocer la valoraci\u00f3n de los encuestados sobre algunos de los problemas m\u00e1s serios a los que se enfrenta la humanidad en su conjunto (el mencionado cambio clim\u00e1tico y propagaci\u00f3n de enfermedades infecciosas como la COVID &#8211; 19), incluso, la opini\u00f3n sobre algunas aplicaciones concretas de la ciencia y la tecnolog\u00eda (robotizaci\u00f3n en el trabajo, cultivo de plantas modificadas gen\u00e9ticamente, energ\u00eda nuclear, inteligencia artificial, etc.).<\/p>\n<p><img loading=\"lazy\" decoding=\"async\" class=\"size-medium wp-image-59 aligncenter\" src=\"https:\/\/blogs.ua.es\/cts2022\/files\/2022\/12\/mcin-fecyt-impresos-300x61.jpg\" alt=\"\" width=\"300\" height=\"61\" srcset=\"https:\/\/blogs.ua.es\/cts2022\/files\/2022\/12\/mcin-fecyt-impresos-300x61.jpg 300w, https:\/\/blogs.ua.es\/cts2022\/files\/2022\/12\/mcin-fecyt-impresos-1024x207.jpg 1024w, https:\/\/blogs.ua.es\/cts2022\/files\/2022\/12\/mcin-fecyt-impresos-768x155.jpg 768w, https:\/\/blogs.ua.es\/cts2022\/files\/2022\/12\/mcin-fecyt-impresos-1536x311.jpg 1536w, https:\/\/blogs.ua.es\/cts2022\/files\/2022\/12\/mcin-fecyt-impresos-2048x414.jpg 2048w\" sizes=\"auto, (max-width: 300px) 100vw, 300px\" \/><\/p>\n<p style=\"text-align: center\">Vemos, por tanto, que los desarrollos cient\u00edficos y tecnol\u00f3gicos est\u00e1n generando transformaciones tan r\u00e1pidas y radicales que han desestabilizado traum\u00e1ticamente entornos sociales y ambientales. Se hace necesario, entonces, la emergencia de los estudios de CTS, que cuestionen la supuesta neutralidad y supremac\u00eda racional de la ciencia y de la tecnolog\u00eda, y alerte de los graves impactos que se estaban derivando de \u00e9stas para la sociedad y el medio ambiente.<\/p>\n","protected":false},"excerpt":{"rendered":"<p>Es cierto que la ciencia y la tecnolog\u00eda constituyen elementos indispensables para el desarrollo de los pa\u00edses, pero tambi\u00e9n conlleva unas repercusiones sociales que es necesario conocer. Gobernantes, pol\u00edticos e instituciones educativas suelen respaldar una imagen positiva de la ciencia en tanto que defienden que la adecuada producci\u00f3n de conocimiento cient\u00edfico contribuir\u00eda a la humanidad [&hellip;]<\/p>\n","protected":false},"author":4407,"featured_media":0,"parent":0,"menu_order":0,"comment_status":"closed","ping_status":"closed","template":"","meta":{"footnotes":""},"class_list":["post-58","page","type-page","status-publish","hentry"],"_links":{"self":[{"href":"https:\/\/blogs.ua.es\/cts2022\/wp-json\/wp\/v2\/pages\/58","targetHints":{"allow":["GET"]}}],"collection":[{"href":"https:\/\/blogs.ua.es\/cts2022\/wp-json\/wp\/v2\/pages"}],"about":[{"href":"https:\/\/blogs.ua.es\/cts2022\/wp-json\/wp\/v2\/types\/page"}],"author":[{"embeddable":true,"href":"https:\/\/blogs.ua.es\/cts2022\/wp-json\/wp\/v2\/users\/4407"}],"replies":[{"embeddable":true,"href":"https:\/\/blogs.ua.es\/cts2022\/wp-json\/wp\/v2\/comments?post=58"}],"version-history":[{"count":4,"href":"https:\/\/blogs.ua.es\/cts2022\/wp-json\/wp\/v2\/pages\/58\/revisions"}],"predecessor-version":[{"id":72,"href":"https:\/\/blogs.ua.es\/cts2022\/wp-json\/wp\/v2\/pages\/58\/revisions\/72"}],"wp:attachment":[{"href":"https:\/\/blogs.ua.es\/cts2022\/wp-json\/wp\/v2\/media?parent=58"}],"curies":[{"name":"wp","href":"https:\/\/api.w.org\/{rel}","templated":true}]}}