{"id":69,"date":"2022-12-26T00:07:36","date_gmt":"2022-12-26T00:07:36","guid":{"rendered":"https:\/\/blogs.ua.es\/cts2022\/?page_id=69"},"modified":"2022-12-26T22:29:21","modified_gmt":"2022-12-26T22:29:21","slug":"horizontes-perdidos","status":"publish","type":"page","link":"https:\/\/blogs.ua.es\/cts2022\/horizontes-perdidos\/","title":{"rendered":"HORIZONTES PERDIDOS"},"content":{"rendered":"<p style=\"text-align: center\">\u201cHorizontes perdidos\u201d, es una pel\u00edcula basada en la novela escrita por James Hilton en el a\u00f1o 1933. La considero el mejor ejemplo de utop\u00eda, aunque en este caso no est\u00e1 relacionada con la ciencia y la tecnolog\u00eda, sino con las pr\u00e1cticas espirituales que llevan a cabo los sabios lamas en paz.<\/p>\n<p><img loading=\"lazy\" decoding=\"async\" class=\"size-medium wp-image-76 aligncenter\" src=\"https:\/\/blogs.ua.es\/cts2022\/files\/2022\/12\/81wztZ0ZDYL-190x300.jpg\" alt=\"\" width=\"190\" height=\"300\" srcset=\"https:\/\/blogs.ua.es\/cts2022\/files\/2022\/12\/81wztZ0ZDYL-190x300.jpg 190w, https:\/\/blogs.ua.es\/cts2022\/files\/2022\/12\/81wztZ0ZDYL-648x1024.jpg 648w, https:\/\/blogs.ua.es\/cts2022\/files\/2022\/12\/81wztZ0ZDYL-768x1214.jpg 768w, https:\/\/blogs.ua.es\/cts2022\/files\/2022\/12\/81wztZ0ZDYL.jpg 891w\" sizes=\"auto, (max-width: 190px) 100vw, 190px\" \/><\/p>\n<p>&nbsp;<\/p>\n<p style=\"text-align: center\">Esta pel\u00edcula nos describe un refugio id\u00edlico para los budistas en tiempos de conflicto, una sociedad pac\u00edfica y perfecta circunscrita a una peque\u00f1a regi\u00f3n del mundo. Shangri \u2013 La es un valle m\u00edstico y armonioso, en el que el aire est\u00e1 purificado, libre de contaminaci\u00f3n, y que est\u00e1 guiado dulcemente desde una lamaser\u00eda cuyos integrantes no hacen uso de m\u00e9todos ni procedimientos cient\u00edficos para acumular sus saberes. Ubicado en el extremo occidental de las Monta\u00f1as Kunlun, es una tierra sagrada repleta de sabidur\u00eda. Digamos que el conocimiento producido no es un recurso orientado a la resoluci\u00f3n de problemas sociales, pues en aquel lugar reina para siempre la paz y la armon\u00eda. El conocimiento consiste en un conjunto integrado de experiencias, valores y \u201csaber hacer\u201d puesto dentro de un contexto relativo a una organizaci\u00f3n concreta. A saber, de un monasterio tibetano ubicado en un lugar ut\u00f3pico y paradisiaco de los Himalayas.<\/p>\n<p style=\"text-align: center\">Se trata de un conocimiento espiritual, de esencia elevada, escondido, pero que sigue siendo accesible al com\u00fan de los mortales (los pasajeros extranjeros que tienen un accidente de avi\u00f3n en un lugar perdido del Tibet). No se trata de un conocimiento que opera bajo la l\u00f3gica del capital financiero e informacional. Como dije, se encuentra desprendido de la tecnolog\u00eda. No busca tampoco explicar y comprender los fen\u00f3menos de la naturaleza, sino que en \u00e9l reside la clave de la paz, la armon\u00eda, la eternidad y la ausencia de enfermedad (las personas en Shangri \u2013 La son casi inmortales, viven en una felicidad permanente durante cientos de a\u00f1os m\u00e1s que el resto de los seres humanos y envejecen muy lentamente.<\/p>\n<p style=\"text-align: center\">En definitiva, se trata de un conocimiento que no comparte las caracter\u00edsticas de la ciencia, pues no es universal para el conjunto de la sociedad (Shangri \u2013 La es un oasis aislado del exterior, ajeno a un mundo que est\u00e1 en v\u00edsperas de la Primera Guerra Mundial). Los hallazgos dentro del monasterio contienen un valor subjetivo, no es v\u00e1lido en todas las partes del mundo, no es racional, ni verificable por medio de la experiencia, y no es provisional, sino eterno.<\/p>\n<p>&nbsp;<\/p>\n<p>&nbsp;<\/p>\n","protected":false},"excerpt":{"rendered":"<p>\u201cHorizontes perdidos\u201d, es una pel\u00edcula basada en la novela escrita por James Hilton en el a\u00f1o 1933. La considero el mejor ejemplo de utop\u00eda, aunque en este caso no est\u00e1 relacionada con la ciencia y la tecnolog\u00eda, sino con las pr\u00e1cticas espirituales que llevan a cabo los sabios lamas en paz. &nbsp; Esta pel\u00edcula nos [&hellip;]<\/p>\n","protected":false},"author":4407,"featured_media":0,"parent":0,"menu_order":0,"comment_status":"closed","ping_status":"closed","template":"","meta":{"footnotes":""},"class_list":["post-69","page","type-page","status-publish","hentry"],"_links":{"self":[{"href":"https:\/\/blogs.ua.es\/cts2022\/wp-json\/wp\/v2\/pages\/69","targetHints":{"allow":["GET"]}}],"collection":[{"href":"https:\/\/blogs.ua.es\/cts2022\/wp-json\/wp\/v2\/pages"}],"about":[{"href":"https:\/\/blogs.ua.es\/cts2022\/wp-json\/wp\/v2\/types\/page"}],"author":[{"embeddable":true,"href":"https:\/\/blogs.ua.es\/cts2022\/wp-json\/wp\/v2\/users\/4407"}],"replies":[{"embeddable":true,"href":"https:\/\/blogs.ua.es\/cts2022\/wp-json\/wp\/v2\/comments?post=69"}],"version-history":[{"count":5,"href":"https:\/\/blogs.ua.es\/cts2022\/wp-json\/wp\/v2\/pages\/69\/revisions"}],"predecessor-version":[{"id":79,"href":"https:\/\/blogs.ua.es\/cts2022\/wp-json\/wp\/v2\/pages\/69\/revisions\/79"}],"wp:attachment":[{"href":"https:\/\/blogs.ua.es\/cts2022\/wp-json\/wp\/v2\/media?parent=69"}],"curies":[{"name":"wp","href":"https:\/\/api.w.org\/{rel}","templated":true}]}}