{"id":320,"date":"2023-01-01T23:29:41","date_gmt":"2023-01-01T23:29:41","guid":{"rendered":"https:\/\/blogs.ua.es\/cult4ennials\/?page_id=320"},"modified":"2024-10-16T10:41:32","modified_gmt":"2024-10-16T10:41:32","slug":"podcasts","status":"publish","type":"page","link":"https:\/\/blogs.ua.es\/cult4ennials\/podcasts\/","title":{"rendered":"Podcasts"},"content":{"rendered":"<p>En esta secci\u00f3n, los usuarios ser\u00e1n invitados a participar en un podcast semanal en el que podr\u00e1n criticar o recomendar alguna de las pel\u00edculas que hayan visto \u00faltimamente y que resaltar aquellos motivos por los que les haya sorprendido, gustado o defraudado.<\/p>\n<p>Contribuci\u00f3n de Marcos Garc\u00eda y Lucas Mar\u00edn. Enero 2023<\/p>\n<p><iframe loading=\"lazy\" title=\"La Haine podcast\" width=\"800\" height=\"450\" src=\"https:\/\/www.youtube.com\/embed\/4qGiGqWL5Zk?feature=oembed\" frameborder=\"0\" allow=\"accelerometer; autoplay; clipboard-write; encrypted-media; gyroscope; picture-in-picture; web-share\" referrerpolicy=\"strict-origin-when-cross-origin\" allowfullscreen><\/iframe><\/p>\n<p>&nbsp;<\/p>\n<p>Contribuci\u00f3n de Marcos Garc\u00eda y Lucas Mar\u00edn. Diciembre 2022<\/p>\n<p><iframe loading=\"lazy\" title=\"La Vida de Brian Podcast\" width=\"800\" height=\"450\" src=\"https:\/\/www.youtube.com\/embed\/OSn7E4cdatY?feature=oembed\" frameborder=\"0\" allow=\"accelerometer; autoplay; clipboard-write; encrypted-media; gyroscope; picture-in-picture; web-share\" referrerpolicy=\"strict-origin-when-cross-origin\" allowfullscreen><\/iframe><\/p>\n\n\n<p><\/p>\n\n\n\n<p>Juan Luis Mar\u00edn&#8217;s post on Years and years. October 2024<\/p>\n\n\n\n<figure class=\"wp-block-image size-full\"><img loading=\"lazy\" decoding=\"async\" width=\"890\" height=\"420\" src=\"https:\/\/blogs.ua.es\/cult4ennials\/files\/2024\/10\/image-1.png\" alt=\"\" class=\"wp-image-371\" \/><\/figure>\n\n\n\n<figure class=\"wp-block-embed is-type-video is-provider-youtube wp-block-embed-youtube wp-embed-aspect-16-9 wp-has-aspect-ratio\"><div class=\"wp-block-embed__wrapper\">\n<iframe loading=\"lazy\" title=\"16 de octubre de 2024\" width=\"800\" height=\"450\" src=\"https:\/\/www.youtube.com\/embed\/YsARQ_Yp8Zo?feature=oembed\" frameborder=\"0\" allow=\"accelerometer; autoplay; clipboard-write; encrypted-media; gyroscope; picture-in-picture; web-share\" referrerpolicy=\"strict-origin-when-cross-origin\" allowfullscreen><\/iframe>\n<\/div><\/figure>\n","protected":false},"excerpt":{"rendered":"<p>En esta secci\u00f3n, los usuarios ser\u00e1n invitados a participar en un podcast semanal en el que podr\u00e1n criticar o recomendar alguna de las pel\u00edculas que hayan visto \u00faltimamente y que resaltar aquellos motivos por los que les haya sorprendido, gustado o defraudado. Contribuci\u00f3n de Marcos Garc\u00eda y Lucas Mar\u00edn. Enero&#8230; <a class=\"continue-reading-link\" href=\"https:\/\/blogs.ua.es\/cult4ennials\/podcasts\/\"> Continue reading <span class=\"meta-nav\">&rarr; <\/span><\/a><\/p>\n","protected":false},"author":3997,"featured_media":0,"parent":0,"menu_order":0,"comment_status":"closed","ping_status":"closed","template":"","meta":{"footnotes":""},"class_list":["post-320","page","type-page","status-publish","hentry"],"_links":{"self":[{"href":"https:\/\/blogs.ua.es\/cult4ennials\/wp-json\/wp\/v2\/pages\/320","targetHints":{"allow":["GET"]}}],"collection":[{"href":"https:\/\/blogs.ua.es\/cult4ennials\/wp-json\/wp\/v2\/pages"}],"about":[{"href":"https:\/\/blogs.ua.es\/cult4ennials\/wp-json\/wp\/v2\/types\/page"}],"author":[{"embeddable":true,"href":"https:\/\/blogs.ua.es\/cult4ennials\/wp-json\/wp\/v2\/users\/3997"}],"replies":[{"embeddable":true,"href":"https:\/\/blogs.ua.es\/cult4ennials\/wp-json\/wp\/v2\/comments?post=320"}],"version-history":[{"count":12,"href":"https:\/\/blogs.ua.es\/cult4ennials\/wp-json\/wp\/v2\/pages\/320\/revisions"}],"predecessor-version":[{"id":372,"href":"https:\/\/blogs.ua.es\/cult4ennials\/wp-json\/wp\/v2\/pages\/320\/revisions\/372"}],"wp:attachment":[{"href":"https:\/\/blogs.ua.es\/cult4ennials\/wp-json\/wp\/v2\/media?parent=320"}],"curies":[{"name":"wp","href":"https:\/\/api.w.org\/{rel}","templated":true}]}}