{"id":11,"date":"2013-01-09T20:36:35","date_gmt":"2013-01-09T20:36:35","guid":{"rendered":"https:\/\/blogs.ua.es\/culturasigloxvi\/?page_id=11"},"modified":"2013-01-14T20:49:06","modified_gmt":"2013-01-14T20:49:06","slug":"explicacion-sobre-mi-tema","status":"publish","type":"page","link":"https:\/\/blogs.ua.es\/culturasigloxvi\/explicacion-sobre-mi-tema\/","title":{"rendered":"Explicaci\u00f3n sobre mi tema"},"content":{"rendered":"<p>\u00bfDe qu\u00e9 trata este blog?<\/p>\n<p>Aqu\u00ed, voy a hablar de la cultura en general durante uno de los dos siglos de Oro: el siglo XVI. Habr\u00e1 art\u00edculos sobre la pintura, la literatura, la arquitectura, la m\u00fasica, la poes\u00eda y el teatro. Muchas cosas se ocurren durante este siglo y unos de los m\u00e1s grandes artistas de la cultura espa\u00f1ola vivieron durante esta \u00e9poca. En el siglo XVI, la cultura no es accesible a todos, pero la invenci\u00f3n de la imprimadora permite una gran difusi\u00f3n. Es el siglo del apogeo de la cultura espa\u00f1ola. Los espa\u00f1oles se inspiran del Renacimiento italiano, pues, muchos lo hacen. Resurge la cultura grecolatina, pero en Espa\u00f1a el arte sigue estar influido por la religi\u00f3n, porque queda muy importante con la Inquisici\u00f3n por ejemplo. Se desarrollan nuevas t\u00e9cnicas que mejoran el arte y nuevos estilos con el progreso de las ciencias. El antropocentrismo es muy importante. Vais a descubrir algunos artistas famosos y tambi\u00e9n obras y espero que aprender\u00e9is mucho!<\/p>\n","protected":false},"excerpt":{"rendered":"<p>\u00bfDe qu\u00e9 trata este blog? Aqu\u00ed, voy a hablar de la cultura en general durante uno de los dos siglos de Oro: el siglo XVI. Habr\u00e1 art\u00edculos sobre la pintura, la literatura, la arquitectura, la m\u00fasica, la poes\u00eda y el &hellip; <a href=\"https:\/\/blogs.ua.es\/culturasigloxvi\/explicacion-sobre-mi-tema\/\">Continue reading <span class=\"meta-nav\">&rarr;<\/span><\/a><\/p>\n","protected":false},"author":2756,"featured_media":0,"parent":0,"menu_order":2,"comment_status":"open","ping_status":"open","template":"","meta":{"footnotes":""},"class_list":["post-11","page","type-page","status-publish","hentry"],"_links":{"self":[{"href":"https:\/\/blogs.ua.es\/culturasigloxvi\/wp-json\/wp\/v2\/pages\/11","targetHints":{"allow":["GET"]}}],"collection":[{"href":"https:\/\/blogs.ua.es\/culturasigloxvi\/wp-json\/wp\/v2\/pages"}],"about":[{"href":"https:\/\/blogs.ua.es\/culturasigloxvi\/wp-json\/wp\/v2\/types\/page"}],"author":[{"embeddable":true,"href":"https:\/\/blogs.ua.es\/culturasigloxvi\/wp-json\/wp\/v2\/users\/2756"}],"replies":[{"embeddable":true,"href":"https:\/\/blogs.ua.es\/culturasigloxvi\/wp-json\/wp\/v2\/comments?post=11"}],"version-history":[{"count":4,"href":"https:\/\/blogs.ua.es\/culturasigloxvi\/wp-json\/wp\/v2\/pages\/11\/revisions"}],"predecessor-version":[{"id":113,"href":"https:\/\/blogs.ua.es\/culturasigloxvi\/wp-json\/wp\/v2\/pages\/11\/revisions\/113"}],"wp:attachment":[{"href":"https:\/\/blogs.ua.es\/culturasigloxvi\/wp-json\/wp\/v2\/media?parent=11"}],"curies":[{"name":"wp","href":"https:\/\/api.w.org\/{rel}","templated":true}]}}