{"id":15,"date":"2013-01-09T20:37:41","date_gmt":"2013-01-09T20:37:41","guid":{"rendered":"https:\/\/blogs.ua.es\/culturasigloxvi\/?page_id=15"},"modified":"2013-01-13T22:16:32","modified_gmt":"2013-01-13T22:16:32","slug":"cronologia","status":"publish","type":"page","link":"https:\/\/blogs.ua.es\/culturasigloxvi\/cronologia\/","title":{"rendered":"Cronologia"},"content":{"rendered":"<p><strong>Cronolog\u00eda:<\/strong><\/p>\n<ul>\n<li>1444: nacimiento de Fray Ambrosio Montesino<\/li>\n<li>1468: nacimiento de Juan del Encina<\/li>\n<li>1470: nacimiento de Fernando de Rojas<\/li>\n<li>1480: principio del primer periodo del Plateresco<\/li>\n<li>1481: nacimiento de Mateo Flecha<\/li>\n<li>1490: nacimiento de Crist\u00f3bal de Castillejo<\/li>\n<li>1492: nacimiento de Juan Bosc\u00e1n<\/li>\n<li>1498: nacimiento de Garcilaso de la Vega<\/li>\n<li>1499: primera edici\u00f3n de <em>La Celestina<\/em><em><\/em><\/li>\n<li>1500: nacimiento de Crist\u00f3bal de Morales<\/li>\n<li>1500: nacimiento de Juan V\u00e1zquez<\/li>\n<li>1500: nacimiento de Luis de Mil\u00e1n<em><\/em><\/li>\n<li>1500: aparece una nueva edici\u00f3n de <em>La Celestina<\/em> en Toledo sobre el t\u00edtulo\u00a0<em>Comedia de Calisto y Melibea<\/em><em><\/em><\/li>\n<li>1504: nacimiento de Fray Luis de Granada<\/li>\n<li>1508: primera edici\u00f3n de <em>Amad\u00eds de Gaula<\/em><em><\/em><\/li>\n<li>1510: nacimiento de Diego Ortiz<\/li>\n<li>1514: muerte de Fray Ambrosio Montesino<\/li>\n<li>1515: nacimiento de Santa Teresa de Jes\u00fas<\/li>\n<li>1520: fin del primer periodo del Plateresco<\/li>\n<li>1520: principio del segundo periodo del Plateresco<\/li>\n<li>1523: nacimiento de Juan de Juanes<\/li>\n<li>1527: nacimiento de Fray Luis de Le\u00f3n<\/li>\n<li>1529: muerte de Juan del Encina<\/li>\n<li>1533: nacimiento de Alonso de Ercilla<\/li>\n<li>1536: La primera selecci\u00f3n de obras para la guitarra espa\u00f1ola es compuesta por Luis de Mil\u00e1n en 1536<\/li>\n<li>1536: muerte de Garcilaso de la Vega<\/li>\n<li>1541: nacimiento de El Greco<\/li>\n<li>1541: muerte de Fernando de Rojas<\/li>\n<li>1542: muerte de Juan Bosc\u00e1n<\/li>\n<li>1542: nacimiento de San Juan de la Cruz<\/li>\n<li>1547: nacimiento de Miguel de Cervantes<\/li>\n<li>1548: nacimiento de Tom\u00e1s Luis de Victoria<\/li>\n<li>1550: muerte de Crist\u00f3bal de Castillejo<\/li>\n<li>1553: muerte de Mateo Flecha<\/li>\n<li>1553: muerte de Crist\u00f3bal de Morales<\/li>\n<li>1560: fin del segundo periodo del Plateresco<\/li>\n<li>1560: muerte de Juan V\u00e1zquez<\/li>\n<li>1561: muerte de Luis de Mil\u00e1n<\/li>\n<li>1561: nacimiento de Luis de G\u00f3ngora<\/li>\n<li>1562: nacimiento de Lope de Vega<\/li>\n<li>1562: <em>La Santa Cena<\/em> de Juan de Juanes<\/li>\n<li>1563: construcci\u00f3n del Monasterio de San Lorenzo de El Escorial<\/li>\n<li>1569: nacimiento de Guill\u00e9n de Castro<\/li>\n<li>1570: muerte de Diego Ortiz<\/li>\n<li>1577: nacimiento de Antonio Mira de Amescua<\/li>\n<li>1577: <em>El expolio<\/em>, El Greco<\/li>\n<li>1579: nacimiento de Tirso de Molina<\/li>\n<li>1579: muerte de Juan de Juanes<\/li>\n<li>1580 (1581): nacimiento de Juan Ruiz de Alarc\u00f3n<\/li>\n<li>1582: muerte de Santa Teresa de Jes\u00fas<\/li>\n<li>1584: fin de la construcci\u00f3n del Monasterio de San Lorenzo de El Escorial<\/li>\n<li>1585: <em>La Galatea<\/em>, Miguel de Cervantes<\/li>\n<li>1586: <em>El entierro del Se\u00f1or de Orgaz<\/em>, El Greco<\/li>\n<li>1588: muerte de Fray Luis de Granada<\/li>\n<li>1591: muerte de San Juan de la Cruz<\/li>\n<li>1591: muerte de Fray Luis de Le\u00f3n<\/li>\n<li>1594: muerte de Alonso de Ercilla<\/li>\n<li>1596: <em>El retablo de do\u00f1a Mar\u00eda de Arag\u00f3n<\/em>, El Greco<\/li>\n<li>1611: muerte deTom\u00e1s Luis de Victoria<\/li>\n<li>1614: muerte de El Greco<\/li>\n<li>1616: muerte de Miguel de Cervantes<\/li>\n<li>1627: muerte de Luis de G\u00f3ngora<\/li>\n<li>1631: muerte de Guill\u00e9n de Castro<\/li>\n<li>1635: muerte de Lope de Vega<\/li>\n<li>1639: muerte de Juan Ruiz de Alarc\u00f3n<\/li>\n<li>1644: muerte de Antonio Mira de Amescua<\/li>\n<li>1648: muerte deTirso de Molina<\/li>\n<\/ul>\n","protected":false},"excerpt":{"rendered":"<p>Cronolog\u00eda: 1444: nacimiento de Fray Ambrosio Montesino 1468: nacimiento de Juan del Encina 1470: nacimiento de Fernando de Rojas 1480: principio del primer periodo del Plateresco 1481: nacimiento de Mateo Flecha 1490: nacimiento de Crist\u00f3bal de Castillejo 1492: nacimiento de &hellip; <a href=\"https:\/\/blogs.ua.es\/culturasigloxvi\/cronologia\/\">Continue reading <span class=\"meta-nav\">&rarr;<\/span><\/a><\/p>\n","protected":false},"author":2756,"featured_media":0,"parent":0,"menu_order":3,"comment_status":"open","ping_status":"open","template":"","meta":{"footnotes":""},"class_list":["post-15","page","type-page","status-publish","hentry"],"_links":{"self":[{"href":"https:\/\/blogs.ua.es\/culturasigloxvi\/wp-json\/wp\/v2\/pages\/15","targetHints":{"allow":["GET"]}}],"collection":[{"href":"https:\/\/blogs.ua.es\/culturasigloxvi\/wp-json\/wp\/v2\/pages"}],"about":[{"href":"https:\/\/blogs.ua.es\/culturasigloxvi\/wp-json\/wp\/v2\/types\/page"}],"author":[{"embeddable":true,"href":"https:\/\/blogs.ua.es\/culturasigloxvi\/wp-json\/wp\/v2\/users\/2756"}],"replies":[{"embeddable":true,"href":"https:\/\/blogs.ua.es\/culturasigloxvi\/wp-json\/wp\/v2\/comments?post=15"}],"version-history":[{"count":5,"href":"https:\/\/blogs.ua.es\/culturasigloxvi\/wp-json\/wp\/v2\/pages\/15\/revisions"}],"predecessor-version":[{"id":107,"href":"https:\/\/blogs.ua.es\/culturasigloxvi\/wp-json\/wp\/v2\/pages\/15\/revisions\/107"}],"wp:attachment":[{"href":"https:\/\/blogs.ua.es\/culturasigloxvi\/wp-json\/wp\/v2\/media?parent=15"}],"curies":[{"name":"wp","href":"https:\/\/api.w.org\/{rel}","templated":true}]}}