{"id":568,"date":"2014-01-29T10:54:38","date_gmt":"2014-01-29T10:54:38","guid":{"rendered":"https:\/\/blogs.ua.es\/daeps\/?page_id=568"},"modified":"2015-01-26T16:49:43","modified_gmt":"2015-01-26T16:49:43","slug":"prueba","status":"publish","type":"page","link":"https:\/\/blogs.ua.es\/daeps\/prueba\/","title":{"rendered":"FUNCIONES"},"content":{"rendered":"<header>\n<h1>FUNCIONES<\/h1>\n<\/header>\n<p>&#8211; La delegaci\u00f3n de estudiantes\u00a0se encarga de\u00a0<strong>representar<\/strong>\u00a0a todo el colectivo de\u00a0estudiantes de la Escuela Polit\u00e9cnica Superior,\u00a0<strong>defender\u00a0<\/strong>sus derechos e intereses ante otros miembros de la comunidad universitaria, as\u00ed como a nivel auton\u00f3mico y estatal.<\/p>\n<p>&#8211; <strong>Mediamos<\/strong>\u00a0ante cualquier conflicto entre estudiantes y el profesorado, colaboramos con cualquier organismo u \u00f3rgano de la Universidad para mejorar y\u00a0<strong>beneficiar<\/strong>\u00a0al colectivo estudiantil.<\/p>\n<p>&#8211; Fomentamos la\u00a0<strong>participaci\u00f3n<\/strong>\u00a0de estudiantes en los diferentes \u00e1mbitos de la universidad, como la participaci\u00f3n de manera activa y pasiva\u00a0en elecciones de los \u00f3rganos de la Universidad.<\/p>\n<p>&#8211; Realizamos\u00a0<strong>cursos<\/strong>\u00a0de complementos de formaci\u00f3n, visitas y viajes a eventos de inter\u00e9s para los alumnos, colaboramos en la realizaci\u00f3n de las\u00a0<strong>orlas<\/strong>\u00a0y fiestas de la Escuela y\/o Universidad.<\/p>\n<p><strong>&#8211; Asesoramos<\/strong>\u00a0al alumnado en temas referentes a la Escuela Polit\u00e9cnica Superior, como puede ser en reclamaciones de ex\u00e1menes, solicitud de convalidaciones, horarios de asignaturas, calendario de ex\u00e1menes, realizaci\u00f3n de cursos, etc.<\/p>\n<p>&#8211; Actualmente colaboramos activamente en la realizaci\u00f3n de los\u00a0<strong>horarios<\/strong>\u00a0de las asignaturas as\u00ed como en las\u00a0<strong>fechas de ex\u00e1menes<\/strong>\u00a0en la mayor\u00eda de las titulaciones.<\/p>\n<p>&#8211; La delegaci\u00f3n de Estudiantes\u00a0de la EPS, se compone de\u00a0los y las estudiantes\u00a0que ejercen como representantes de estudiantes\u00a0de la EPS en cualquier \u00f3rgano de representaci\u00f3n de la Universidad de Alicante, y aceptan el reglamento interno de la Delegaci\u00f3n de Estudiantes\u00a0de la EPS.<\/p>\n","protected":false},"excerpt":{"rendered":"<p>FUNCIONES &#8211; La delegaci\u00f3n de estudiantes\u00a0se encarga de\u00a0representar\u00a0a todo el colectivo de\u00a0estudiantes de la Escuela Polit\u00e9cnica Superior,\u00a0defender\u00a0sus derechos e intereses ante otros miembros de la comunidad universitaria, as\u00ed como a nivel auton\u00f3mico y estatal. &#8211; Mediamos\u00a0ante cualquier conflicto entre estudiantes y el profesorado, colaboramos con cualquier organismo u \u00f3rgano de la Universidad para mejorar y\u00a0beneficiar\u00a0al [&hellip;]<\/p>\n","protected":false},"author":2000,"featured_media":0,"parent":0,"menu_order":0,"comment_status":"open","ping_status":"open","template":"","meta":{"footnotes":""},"class_list":["post-568","page","type-page","status-publish","hentry"],"_links":{"self":[{"href":"https:\/\/blogs.ua.es\/daeps\/wp-json\/wp\/v2\/pages\/568","targetHints":{"allow":["GET"]}}],"collection":[{"href":"https:\/\/blogs.ua.es\/daeps\/wp-json\/wp\/v2\/pages"}],"about":[{"href":"https:\/\/blogs.ua.es\/daeps\/wp-json\/wp\/v2\/types\/page"}],"author":[{"embeddable":true,"href":"https:\/\/blogs.ua.es\/daeps\/wp-json\/wp\/v2\/users\/2000"}],"replies":[{"embeddable":true,"href":"https:\/\/blogs.ua.es\/daeps\/wp-json\/wp\/v2\/comments?post=568"}],"version-history":[{"count":7,"href":"https:\/\/blogs.ua.es\/daeps\/wp-json\/wp\/v2\/pages\/568\/revisions"}],"predecessor-version":[{"id":1545,"href":"https:\/\/blogs.ua.es\/daeps\/wp-json\/wp\/v2\/pages\/568\/revisions\/1545"}],"wp:attachment":[{"href":"https:\/\/blogs.ua.es\/daeps\/wp-json\/wp\/v2\/media?parent=568"}],"curies":[{"name":"wp","href":"https:\/\/api.w.org\/{rel}","templated":true}]}}