{"id":587,"date":"2014-01-29T11:03:50","date_gmt":"2014-01-29T11:03:50","guid":{"rendered":"https:\/\/blogs.ua.es\/daeps\/?page_id=587"},"modified":"2014-02-13T22:41:36","modified_gmt":"2014-02-13T22:41:36","slug":"taquillas","status":"publish","type":"page","link":"https:\/\/blogs.ua.es\/daeps\/taquillas\/","title":{"rendered":"TAQUILLAS"},"content":{"rendered":"<p>La Delegaci\u00f3n de Estudiantes se encarga de gestionar, junto a la Subdirecci\u00f3n de infraestructura y la Subdirecci\u00f3n de Alumnado, el servicio de taquillas para los alumnos de la Escuela que lo soliciten.<\/p>\n<p>Dicho servicio, accesible para los estudiantes de las titulaciones de la Escuela Polit\u00e9cnica Superior de Alicante se encuentra en el s\u00f3tano del edificio de la Escuela Polit\u00e9cnica IV.<\/p>\n<p>Los estudiantes interesados en utilizar una taquilla, deber\u00e1n cumplimentar una petici\u00f3n en los servicios web de la p\u00e1gina de la Escuela Polit\u00e9cnica durante las fechas determinadas al inicio de cada cuatrimestre.<\/p>\n<p>Dichas peticiones ser\u00e1n valoradas de forma ponderada y se conceder\u00e1 el uso de una taquilla por persona o personas que lo soliciten de forma conjunta, lo cual ser\u00e1 comunicado mediante el correo institucional. Al t\u00e9rmino del cuatrimestre, deber\u00e1 desalojarse la taquilla para los nuevos usuarios, y deber\u00e1 renovarse la petici\u00f3n en caso de desear seguir haciendo uso de la taquilla.<\/p>\n<p>El candado de la taquilla ser\u00e1 aportado por el propio estudiante, y deber\u00e1 hacerse un uso adecuado del servicio; para m\u00e1s informaci\u00f3n, puede consultarse la normativa para la gesti\u00f3n y uso de taquillas en\u00a0 este enlace.<\/p>\n<p><a href=\"https:\/\/maktub.eps.ua.es\/servicios\/ultimasnoticias\/files\/cas\/01996noticia2.pdf\">https:\/\/maktub.eps.ua.es\/servicios\/ultimasnoticias\/files\/cas\/01996noticia2.pdf<\/a><\/p>\n<p>Adicionalmente, existe un n\u00famero limitado de taquillas a disposici\u00f3n de los estudiantes que no deseen hacer uso regular de las mismas, siendo su ocupaci\u00f3n controlada para evitar abusos.<\/p>\n<p>En todo caso, si se desea pedir la utilizaci\u00f3n de una taquilla fuera de plazo, podr\u00e1 comunicarse a la subcoordinaci\u00f3n de infraestructura de la DEEPS a trav\u00e9s del correo electr\u00f3nico delegacion.infraestructuras@eps.ua,es , y en caso de que existan taquillas vacantes, le ser\u00e1 asignada.<\/p>\n","protected":false},"excerpt":{"rendered":"<p>La Delegaci\u00f3n de Estudiantes se encarga de gestionar, junto a la Subdirecci\u00f3n de infraestructura y la Subdirecci\u00f3n de Alumnado, el servicio de taquillas para los alumnos de la Escuela que lo soliciten. Dicho servicio, accesible para los estudiantes de las titulaciones de la Escuela Polit\u00e9cnica Superior de Alicante se encuentra en el s\u00f3tano del edificio [&hellip;]<\/p>\n","protected":false},"author":2000,"featured_media":0,"parent":0,"menu_order":0,"comment_status":"open","ping_status":"open","template":"","meta":{"footnotes":""},"class_list":["post-587","page","type-page","status-publish","hentry"],"_links":{"self":[{"href":"https:\/\/blogs.ua.es\/daeps\/wp-json\/wp\/v2\/pages\/587","targetHints":{"allow":["GET"]}}],"collection":[{"href":"https:\/\/blogs.ua.es\/daeps\/wp-json\/wp\/v2\/pages"}],"about":[{"href":"https:\/\/blogs.ua.es\/daeps\/wp-json\/wp\/v2\/types\/page"}],"author":[{"embeddable":true,"href":"https:\/\/blogs.ua.es\/daeps\/wp-json\/wp\/v2\/users\/2000"}],"replies":[{"embeddable":true,"href":"https:\/\/blogs.ua.es\/daeps\/wp-json\/wp\/v2\/comments?post=587"}],"version-history":[{"count":4,"href":"https:\/\/blogs.ua.es\/daeps\/wp-json\/wp\/v2\/pages\/587\/revisions"}],"predecessor-version":[{"id":750,"href":"https:\/\/blogs.ua.es\/daeps\/wp-json\/wp\/v2\/pages\/587\/revisions\/750"}],"wp:attachment":[{"href":"https:\/\/blogs.ua.es\/daeps\/wp-json\/wp\/v2\/media?parent=587"}],"curies":[{"name":"wp","href":"https:\/\/api.w.org\/{rel}","templated":true}]}}