{"id":39,"date":"2014-06-01T08:04:01","date_gmt":"2014-06-01T08:04:01","guid":{"rendered":"https:\/\/blogs.ua.es\/daniellinares\/?page_id=39"},"modified":"2014-06-01T22:34:25","modified_gmt":"2014-06-01T22:34:25","slug":"metodologia","status":"publish","type":"page","link":"https:\/\/blogs.ua.es\/daniellinares\/metodologia\/","title":{"rendered":"Metodolog\u00eda"},"content":{"rendered":"<p>Para poder acceder a la informaci\u00f3n, me dirig\u00ed al T\u00e9cnico de Cultura, Jaume Buigues i Vila, para que me facilitara las actas de los a\u00f1os 1939 y 1940.<\/p>\n<p>Debido a que dichos documentos s\u00f3lo se encontraban en formato f\u00edsico, procedimos a digitalizarlos tomando fotograf\u00edas de cada una de las p\u00e1ginas que componen los dos libros de actas, y para lo que invertimos el tiempo de dos horas aproximadamente, tarea para la cual, el se\u00f1or Buigues me facilit\u00f3 los materiales para llevarlo a cabo, as\u00ed como el acceso a las instalaciones municipales pertinentes.<\/p>\n<p>Tras la ordenaci\u00f3n de los documentos digitalizados y la imprenta del sello digital del Archivo municipal de Teulada, se me transfirieron los documentos para su an\u00e1lisis y la elaboraci\u00f3n del presente proyecto.<\/p>\n<p>Cabe se\u00f1alar que en los dos citados libros de actas constaban las mismas desde el 14 de Octubre de 1938 hasta el 28 de Octubre de 1941, por lo que tuve que descartar buena parte de ellas, centr\u00e1ndome en los a\u00f1os 1939 y 1940.<\/p>\n","protected":false},"excerpt":{"rendered":"<p>Para poder acceder a la informaci\u00f3n, me dirig\u00ed al T\u00e9cnico de Cultura, Jaume Buigues i Vila, para que me facilitara las actas de los a\u00f1os 1939 y 1940. Debido a que dichos documentos s\u00f3lo se encontraban en formato f\u00edsico, procedimos a digitalizarlos tomando fotograf\u00edas de cada una de las p\u00e1ginas que componen los dos libros [&hellip;]<\/p>\n","protected":false},"author":3502,"featured_media":0,"parent":0,"menu_order":5,"comment_status":"open","ping_status":"open","template":"","meta":{"footnotes":""},"class_list":["post-39","page","type-page","status-publish","hentry"],"_links":{"self":[{"href":"https:\/\/blogs.ua.es\/daniellinares\/wp-json\/wp\/v2\/pages\/39","targetHints":{"allow":["GET"]}}],"collection":[{"href":"https:\/\/blogs.ua.es\/daniellinares\/wp-json\/wp\/v2\/pages"}],"about":[{"href":"https:\/\/blogs.ua.es\/daniellinares\/wp-json\/wp\/v2\/types\/page"}],"author":[{"embeddable":true,"href":"https:\/\/blogs.ua.es\/daniellinares\/wp-json\/wp\/v2\/users\/3502"}],"replies":[{"embeddable":true,"href":"https:\/\/blogs.ua.es\/daniellinares\/wp-json\/wp\/v2\/comments?post=39"}],"version-history":[{"count":3,"href":"https:\/\/blogs.ua.es\/daniellinares\/wp-json\/wp\/v2\/pages\/39\/revisions"}],"predecessor-version":[{"id":216,"href":"https:\/\/blogs.ua.es\/daniellinares\/wp-json\/wp\/v2\/pages\/39\/revisions\/216"}],"wp:attachment":[{"href":"https:\/\/blogs.ua.es\/daniellinares\/wp-json\/wp\/v2\/media?parent=39"}],"curies":[{"name":"wp","href":"https:\/\/api.w.org\/{rel}","templated":true}]}}