{"id":1401,"date":"2015-03-16T18:51:56","date_gmt":"2015-03-16T17:51:56","guid":{"rendered":"https:\/\/blogs.ua.es\/danielrodriguez\/?page_id=1401"},"modified":"2015-03-16T19:05:28","modified_gmt":"2015-03-16T18:05:28","slug":"principios-fundamentales-del-aikido-de-kumano","status":"publish","type":"page","link":"https:\/\/blogs.ua.es\/danielrodriguez\/principios-fundamentales-del-aikido-de-kumano\/","title":{"rendered":"Principios fundamentales del Aikido de Kumano"},"content":{"rendered":"<p>Nuestra escuela es especial.<\/p>\n<p>Es muy peque\u00f1a y muy grande a la vez.<\/p>\n<p>Es peque\u00f1a porque somos pocos, hasta el punto de estar en peligro de extinci\u00f3n.<\/p>\n<p>Es grande porque la dirigi\u00f3 el m\u00e1s grande: Michio Hikitsuchi Sensei, 10\u00ba Dan otorgado por O Sensei.<\/p>\n<p>Hikitsuchi nos dej\u00f3 en 2004 y Anno Motomichi Sensei qued\u00f3 al mando de la escuela. Anno Sensei es, en mi opini\u00f3n, el maestro que m\u00e1s se acerca actualmente \u2014salvando las distancias\u2014 a O Sensei.<\/p>\n<p>\u00c9sa es, precisamente, la gran diferencia del Aikido de Kumano: la constante referencia a Morihei Ueshiba. Todos los principios de nuestro Aikido se reducen a uno: sigue los pasos del Fundador.<\/p>\n<h3>\u00bfC\u00f3mo podemos hacerlo si ya no est\u00e1?<\/h3>\n<p>Podemos leerle, ver sus v\u00eddeos y escuchar lo que nos cuentan los pocos que quedan que le conocieron en persona. Podemos intentar reconstruir su camino, aunque nunca lleguemos a donde \u00e9l lleg\u00f3.<\/p>\n<p>Si le hacemos caso a O Sensei tenemos que cumplir con 3 normas elementales:<\/p>\n<ol>\n<li>Controlar la agresi\u00f3n y no al agresor: <strong>nada contra el compa\u00f1ero<\/strong>; todos somos miembros de una misma gran familia.<\/li>\n<li>Desarrollar la <strong>fuerza atractiva<\/strong> para poder guiar al compa\u00f1ero hacia una situaci\u00f3n donde nadie salga herido.<\/li>\n<li>Reconducir el conflicto y buscar la <strong>reconciliaci\u00f3n<\/strong>; que caiga un enemigo y se levante un amigo: le pod\u00edamos haber hecho mucho da\u00f1o pero hemos optado por la v\u00eda de la paz y del amor.<\/li>\n<\/ol>\n<p>Si trabajamos de esta manera cambiaremos el Budo por el Shin Budo, el Budo divino, el Budo de la Paz.<\/p>\n<h3>\u00bfQu\u00e9 herramientas tenemos para trabajar estos principios fundamentales?<\/h3>\n<ol>\n<li><strong>Shisen Tai:<\/strong> adoptar una postura natural, sin guardias; no aceptamos el conflicto, no nos presentamos en actitud guerrera esperando el ataque y no retamos al compa\u00f1ero;<\/li>\n<li><strong>sin\u00a0mirar a los ojos:<\/strong> si no aceptamos el conflicto tenemos que actuar como si no existiera, sin mirar directamente, sin provocar la furia del ataque y justo antes de que \u00e9ste se produzca<\/li>\n<li><strong>empezar primero:<\/strong> robamos la iniciativa para poder controlar la situaci\u00f3n y que nadie se lastime;<\/li>\n<\/ol>\n<p>Todo esto se debe producir sin exponernos, <strong>trabajando sin aberturas. <\/strong>Si practicamos sin ese cuidado nos exponemos a caer en el conflicto, recibir un golpe y estropearlo todo.<\/p>\n<h3>\u00bfQu\u00e9 debemos cuidar durante la pr\u00e1ctica para que esto suceda?<\/h3>\n<ol>\n<li>La postura: no s\u00f3lo se trata de mantenerse erguido sino de la postura mental;<\/li>\n<li>Cuerpo suave:<\/li>\n<li>Fluidez:<\/li>\n<li>Armon\u00eda:<\/li>\n<\/ol>\n<p>&nbsp;<\/p>\n<p>&nbsp;<\/p>\n","protected":false},"excerpt":{"rendered":"<p>Nuestra escuela es especial. Es muy peque\u00f1a y muy grande a la vez. Es peque\u00f1a porque somos pocos, hasta el punto de estar en peligro de extinci\u00f3n. Es grande porque la dirigi\u00f3 el m\u00e1s grande: Michio Hikitsuchi Sensei, 10\u00ba Dan otorgado por O Sensei. Hikitsuchi nos dej\u00f3 en 2004 y Anno Motomichi Sensei qued\u00f3 al [&hellip;]<\/p>\n","protected":false},"author":102,"featured_media":0,"parent":0,"menu_order":0,"comment_status":"open","ping_status":"open","template":"","meta":{"footnotes":""},"class_list":["post-1401","page","type-page","status-publish","hentry"],"_links":{"self":[{"href":"https:\/\/blogs.ua.es\/danielrodriguez\/wp-json\/wp\/v2\/pages\/1401","targetHints":{"allow":["GET"]}}],"collection":[{"href":"https:\/\/blogs.ua.es\/danielrodriguez\/wp-json\/wp\/v2\/pages"}],"about":[{"href":"https:\/\/blogs.ua.es\/danielrodriguez\/wp-json\/wp\/v2\/types\/page"}],"author":[{"embeddable":true,"href":"https:\/\/blogs.ua.es\/danielrodriguez\/wp-json\/wp\/v2\/users\/102"}],"replies":[{"embeddable":true,"href":"https:\/\/blogs.ua.es\/danielrodriguez\/wp-json\/wp\/v2\/comments?post=1401"}],"version-history":[{"count":6,"href":"https:\/\/blogs.ua.es\/danielrodriguez\/wp-json\/wp\/v2\/pages\/1401\/revisions"}],"predecessor-version":[{"id":1407,"href":"https:\/\/blogs.ua.es\/danielrodriguez\/wp-json\/wp\/v2\/pages\/1401\/revisions\/1407"}],"wp:attachment":[{"href":"https:\/\/blogs.ua.es\/danielrodriguez\/wp-json\/wp\/v2\/media?parent=1401"}],"curies":[{"name":"wp","href":"https:\/\/api.w.org\/{rel}","templated":true}]}}