{"id":2,"date":"2008-11-21T12:33:45","date_gmt":"2008-11-21T11:33:45","guid":{"rendered":""},"modified":"2015-01-23T18:42:26","modified_gmt":"2015-01-23T17:42:26","slug":"acerca_de","status":"publish","type":"page","link":"https:\/\/blogs.ua.es\/danielrodriguez\/acerca_de\/","title":{"rendered":"Acerca de Daniel"},"content":{"rendered":"<p><img decoding=\"async\" src=\"https:\/\/blogs.ua.es\/danielrodriguez\/files\/2015\/01\/BCG_2827.jpg\" alt=\"\" \/><br \/>\nHola, soy Daniel Rodr\u00edguez Valero, profesor de dise\u00f1o gr\u00e1fico en la Universidad de Alicante y <a href=\"http:\/\/tipografiadigital.net\">tip\u00f3grafo<\/a> en mis ratos libres.<\/p>\n<p>Empec\u00e9 a practicar Aikido a principios de 2002, bajo la tutela de <a href=\"http:\/\/www.aikidobudo.com\" target=\"_self\">Charly Sensei<\/a> (5\u00ba Dan), alumno directo de Michio Hikitsuchi (10\u00ba Dan) en el Shingu Kumano Juku Dojo (Jap\u00f3n, prefectura de <a href=\"http:\/\/maps.google.es\/maps?q=Shingu+japan&amp;ie=UTF8&amp;oe=utf-8&amp;client=firefox-a&amp;ll=34.603824,135.953064&amp;spn=1.180078,2.471924&amp;t=h&amp;z=9&amp;g=Shingu+japan\" target=\"_self\">Wakayama<\/a>). En octubre de 2007 pas\u00e9 a practicar en la universidad con <a href=\"http:\/\/merlin.fae.ua.es\/fidel\/aikido.htm\">Fidel P\u00e9rez<\/a> (4\u00ba Dan), que trabaja en la l\u00ednea de Tamura Sensei (8\u00ba Dan). En dos a\u00f1os hice todos los ex\u00e1menes hasta el 2\u00ba Kyu, grado que tengo en la AETAIKI (AIKIKAI Espa\u00f1a).<\/p>\n<p>A finales de septiembre de 2009 recib\u00ed de Charly Sensei el Shodan (cintur\u00f3n negro, primer Dan) de Aikido Budo, pero el primer d\u00eda de entrenamiento en la universidad me lesion\u00e9 y perd\u00ed la u\u00f1a del dedo gordo del pie izquierdo. La recuperaci\u00f3n me tuvo un a\u00f1o y medio con molestias (para beneficio de mi pod\u00f3logo)&#8230; total que en 2010 no me pude examinar de primer kyu. En noviembre de 2009 conoc\u00ed a Diego Espinosa, que ha acogido a los dos grupos de Charly Sensei en levante: Cartagena y Elche. Diego se ofreci\u00f3 a hacer oficial mi primer dan en el Aikikai\/Hombu Dojo, a trav\u00e9s del Kumano Juku Dojo y Anno Sensei, a lo que no pude negarme. Sin embargo, al estar entrenando con Fidel en la universidad, un sentimiento de culpa y una gran duda se apoder\u00f3 de m\u00ed: Diego nos pidi\u00f3 que actu\u00e1ramos con responsabilidad y que ayud\u00e1ramos a difundir el Aikido de Shingu, cosa que ya hac\u00eda desde el blog. Pero tambi\u00e9n implicaba trabajar en esta l\u00ednea, con lo que ten\u00eda que tomar una decisi\u00f3n.<\/p>\n<p><img loading=\"lazy\" decoding=\"async\" src=\"http:\/\/s264.photobucket.com\/albums\/ii179\/tipoman_album\/9.jpg\" alt=\"examen primer Dan\" width=\"299\" height=\"397\" \/><\/p>\n<h6>Esta foto est\u00e1 hecha justo despu\u00e9s del examen de primer Dan, la primera vez que me pon\u00eda la hakama<\/h6>\n<p><a href=\"https:\/\/blogs.ua.es\/danielrodriguez\/files\/2009\/02\/dsc04561.jpg\"><img loading=\"lazy\" decoding=\"async\" class=\"alignnone size-medium wp-image-154\" src=\"https:\/\/blogs.ua.es\/danielrodriguez\/files\/2009\/02\/dsc04561-300x225.jpg\" alt=\"\" width=\"300\" height=\"225\" \/><\/a><\/p>\n<h6>Aqu\u00ed estoy en un curso intensivo de Charly Sensei en la Universidad (junio de 2006, soy el primero de la izquierda, de pie)<\/h6>\n<p>Durante el curso 2009-2010 entren\u00e9 en la universidad y comenc\u00e9 a escaparme al dojo de Fernando en Elche y a los cursos de Diego Sensei; en el curso 2010-2011 entren\u00e9 s\u00f3lo en Elche mientras mi u\u00f1a y mis obligaciones familiares (naci\u00f3 mi segunda hija) me lo permitieron. Ahora ya he tomado una decisi\u00f3n: entrenar s\u00f3lo en la l\u00ednea del Kumano Juku Dojo, con lo que doy por cerrada la \u00e9poca de la universidad. Sin embargo he de agradecer p\u00fablicamente a Fidel Sensei su ayuda y sus ense\u00f1anzas, adem\u00e1s del ejemplo de conducta que ha supuesto para m\u00ed. Gracias, Fidel.<\/p>\n<p><a href=\"https:\/\/blogs.ua.es\/danielrodriguez\/files\/2009\/02\/dscn5541.jpg\"><img loading=\"lazy\" decoding=\"async\" class=\"alignnone size-medium wp-image-151\" src=\"https:\/\/blogs.ua.es\/danielrodriguez\/files\/2009\/02\/dscn5541-300x224.jpg\" alt=\"\" width=\"300\" height=\"224\" \/><\/a><\/p>\n<h6>\u00c9ste es el grupo de la Universidad, con Fidel Sensei (febrero de 2009, soy el primero de la izquierda, de pie)<\/h6>\n<p>M\u00e1s o menos despu\u00e9s del curso en Mallorca de <a href=\"https:\/\/blogs.ua.es\/danielrodriguez\/grandes-maestros-del-kumano-juku-dojo-ishimoto-sensei\/\">Isimoto Sensei<\/a>\u00a0algo empez\u00f3 a cambiar en mi interior y comenc\u00e9 a entender poco a poco lo que Diego Sensei nos estaba intentando transmitir. Tuve que tomar una decisi\u00f3n transcendental porque no pod\u00eda seguir sumando y fusionando los aikidos de Charly, Fidel y Diego. En abril de 2014 la transformaci\u00f3n mental se complet\u00f3 y comprend\u00ed que los\u00a0objetivos deb\u00eda marcar las decisiones. Si mi objetivo era aprender a controlar la agresi\u00f3n y no al agresor deb\u00eda centrarme en Diego Sensei. Pod\u00e9is ver mi evoluci\u00f3n filos\u00f3fica en <a href=\"https:\/\/blogs.ua.es\/danielrodriguez\/category\/filosofia\/\">la secci\u00f3n correspondiente<\/a>.<\/p>\n<hr \/>\n<p>A continuaci\u00f3n, a modo de archivo propio, unas fotos de diferentes cursos y entrenamientos a lo largo de mi corta carrera como aikidoca:<br \/>\n<img decoding=\"async\" src=\"http:\/\/www.aikidobudo.com\/imagenes\/cursos\/c1_g.jpg\" alt=\"\" \/><br \/>\n<img decoding=\"async\" src=\"http:\/\/www.aikidobudo.com\/imagenes\/cursos\/c4_g.jpg\" alt=\"\" \/><br \/>\n<img decoding=\"async\" src=\"http:\/\/www.aikidobudo.com\/imagenes\/cursos\/c8_g.jpg\" alt=\"\" \/><br \/>\n<img decoding=\"async\" src=\"http:\/\/www.aikidobudo.com\/imagenes\/cursos\/c10_g.jpg\" alt=\"\" \/><br \/>\n<img decoding=\"async\" src=\"http:\/\/www.aikidobudo.com\/imagenes\/cursos\/c11f9_g.jpg\" alt=\"\" \/><br \/>\n<img decoding=\"async\" src=\"http:\/\/www.aikidobudo.com\/imagenes\/cursos\/cartagena2005\/cartag.jpg\" alt=\"\" \/><\/p>\n<p style=\"text-align: center\"><strong>Curso en Cartagena, 2005<\/strong><\/p>\n<p><img decoding=\"async\" src=\"https:\/\/blogs.ua.es\/danielrodriguez\/files\/2015\/01\/IMG_0008.jpg\" alt=\"\" \/><\/p>\n<p style=\"text-align: center\">Con Anno Sensei en 2009<\/p>\n<p><img decoding=\"async\" src=\"https:\/\/blogs.ua.es\/danielrodriguez\/files\/2015\/01\/DSC_0074.jpg\" alt=\"\" \/><\/p>\n<p style=\"text-align: center\">Con Charly Sensei en 2010<\/p>\n<p><img decoding=\"async\" src=\"https:\/\/blogs.ua.es\/danielrodriguez\/files\/2015\/01\/grupo.jpg\" alt=\"\" \/><\/p>\n<p style=\"text-align: center\">Con Diego Sensei en 2011<\/p>\n<p><img decoding=\"async\" src=\"https:\/\/blogs.ua.es\/danielrodriguez\/files\/2015\/01\/la-foto.jpg\" alt=\"\" \/><\/p>\n<p style=\"text-align: center\">Con Isimoto Sensei en 2011<\/p>\n","protected":false},"excerpt":{"rendered":"<p>Hola, soy Daniel Rodr\u00edguez Valero, profesor de dise\u00f1o gr\u00e1fico en la Universidad de Alicante y tip\u00f3grafo en mis ratos libres. Empec\u00e9 a practicar Aikido a principios de 2002, bajo la tutela de Charly Sensei (5\u00ba Dan), alumno directo de Michio Hikitsuchi (10\u00ba Dan) en el Shingu Kumano Juku Dojo (Jap\u00f3n, prefectura de Wakayama). En octubre [&hellip;]<\/p>\n","protected":false},"author":102,"featured_media":0,"parent":0,"menu_order":0,"comment_status":"open","ping_status":"open","template":"","meta":{"footnotes":""},"class_list":["post-2","page","type-page","status-publish","hentry"],"_links":{"self":[{"href":"https:\/\/blogs.ua.es\/danielrodriguez\/wp-json\/wp\/v2\/pages\/2","targetHints":{"allow":["GET"]}}],"collection":[{"href":"https:\/\/blogs.ua.es\/danielrodriguez\/wp-json\/wp\/v2\/pages"}],"about":[{"href":"https:\/\/blogs.ua.es\/danielrodriguez\/wp-json\/wp\/v2\/types\/page"}],"author":[{"embeddable":true,"href":"https:\/\/blogs.ua.es\/danielrodriguez\/wp-json\/wp\/v2\/users\/102"}],"replies":[{"embeddable":true,"href":"https:\/\/blogs.ua.es\/danielrodriguez\/wp-json\/wp\/v2\/comments?post=2"}],"version-history":[{"count":27,"href":"https:\/\/blogs.ua.es\/danielrodriguez\/wp-json\/wp\/v2\/pages\/2\/revisions"}],"predecessor-version":[{"id":1367,"href":"https:\/\/blogs.ua.es\/danielrodriguez\/wp-json\/wp\/v2\/pages\/2\/revisions\/1367"}],"wp:attachment":[{"href":"https:\/\/blogs.ua.es\/danielrodriguez\/wp-json\/wp\/v2\/media?parent=2"}],"curies":[{"name":"wp","href":"https:\/\/api.w.org\/{rel}","templated":true}]}}