{"id":555,"date":"2010-02-18T13:46:54","date_gmt":"2010-02-18T12:46:54","guid":{"rendered":"https:\/\/blogs.ua.es\/danielrodriguez\/?page_id=555"},"modified":"2021-02-03T19:56:23","modified_gmt":"2021-02-03T18:56:23","slug":"aikido-en-alicante","status":"publish","type":"page","link":"https:\/\/blogs.ua.es\/danielrodriguez\/aikido-en-alicante\/","title":{"rendered":"Aikido en Alicante"},"content":{"rendered":"<p>Si quieres practicar Aikido en Alicante, esto es lo que yo conozco personalmente:<\/p>\n<p>Nosotros entren\u00e1bamos en el <a href=\"http:\/\/www.judoalicante.es\/\">Judo Club Alicante<\/a>, el dojo de Isabel Fern\u00e1ndez, campeona ol\u00edmpica de judo, hasta mi accidente, que me ha tenido inactivo ya m\u00e1s de dos a\u00f1os (y 7 operaciones).<\/p>\n<p><a href=\"http:\/\/www.aikidobudo.com\">Fernando<\/a> Sensei ense\u00f1a en Elche siguiendo\u00a0la l\u00ednea de <a href=\"https:\/\/blogs.ua.es\/danielrodriguez\/hikitsuchi-sensei\/\">Hikitsuchi Sensei<\/a>. Procuro escaparme siempre que puedo para estar al d\u00eda, su Aikido es diferente al de Tamura, algo digno de ver y probar. Pertenecemos al Kumano Aikikai de Shingu, Jap\u00f3n, con l\u00ednea directa al Hombu Dojo.<\/p>\n<p>El grupo m\u00e1s grande es el de <a href=\"http:\/\/www.centroasa.com\/index.html\">Javier de Mar\u00eda<\/a>, entrenan en el <a href=\"http:\/\/www.aikido-alicante.com\/dojos\/daimyo.html\">Daymio<\/a> y sus mejores alumnos est\u00e1n repartidos por toda la provincia. Su asociaci\u00f3n, <a href=\"http:\/\/aikikanspain.blogspot.com.es\/\">Aikikan<\/a>, se ha independizado recientemente de AETAIKI.\u00a0 Tengo buenos amigos entrenando con \u00e9l, as\u00ed que doy fe de que trabajan bien.<\/p>\n<p>En San Vicente hay un grupo que entrena en la Universidad de Alicante y otro en el Dojo <a href=\"http:\/\/www.aikido-alicante.com\/dojos\/jundokan\/index.html\">Jun Do Kan<\/a>. <a href=\"http:\/\/merlin.fae.ua.es\/fidel\/aikido.htm\">Fidel Sensei<\/a>\u00a0sigue a Tamura a trav\u00e9s de <a href=\"http:\/\/www.aikikai.org.es\/\">Tom\u00e1s S\u00e1nchez<\/a>\u00a0y es el delegado del <a href=\"http:\/\/www.aikikai.org.es\/\">AETAIKI<\/a> en Alicante. Es un grupo m\u00e1s peque\u00f1o pero el trabajo de Fidel es muy serio.<\/p>\n<p>En el gimnasio <a href=\"http:\/\/www.arenaalicante.com\/\">Arena<\/a>, en el campo de golf, entrena Fernando Villasanta, de la l\u00ednea de Endo Sensei, un trabajo muy flu\u00eddo y muy preciso que tambi\u00e9n te recomiendo. Tienen grupos de Aikido para ni\u00f1os, el \u00fanico que conozco adem\u00e1s del que hay en el colegio <a href=\"http:\/\/www.airelliure.com\/\">Aire Libre<\/a>.<\/p>\n<p>En Busot est\u00e1 el Dojo <a href=\"http:\/\/aikidotradicional.com\/index.php?option=com_content&amp;task=view&amp;id=52&amp;Itemid=47\">Gorin<\/a>, del amigo Guillermo; ellos siguen la l\u00ednea del <a href=\"http:\/\/aikidotradicional.com\/\">Aikido Tradicional<\/a>, que hace mucho hincapi\u00e9 en las t\u00e9cnicas respiratorias y la parte espiritual; es un trabajo abandonado por el Aikido moderno y que s\u00f3lo se mantiene en aquellos maestros que entenaron con O&#8217;Sensei antes y despu\u00e9s de la guerra, como el mismo Hikitsuchi.<\/p>\n<p>Del resto (porque hay <a href=\"http:\/\/www.aikido-alicante.com\/home\/escuelas\">m\u00e1s<\/a>) no tengo constancia directa, con lo que no me atrevo a opinar. \u00c9sta es una entrada din\u00e1mica, la ir\u00e9 ampliando y actualizando conforme vaya ampliando conocimientos. Se agradecer\u00e1 vuestra ayuda al respecto.<\/p>\n","protected":false},"excerpt":{"rendered":"<p>Si quieres practicar Aikido en Alicante, esto es lo que yo conozco personalmente: Nosotros entren\u00e1bamos en el Judo Club Alicante, el dojo de Isabel Fern\u00e1ndez, campeona ol\u00edmpica de judo, hasta mi accidente, que me ha tenido inactivo ya m\u00e1s de dos a\u00f1os (y 7 operaciones). Fernando Sensei ense\u00f1a en Elche siguiendo\u00a0la l\u00ednea de Hikitsuchi Sensei. [&hellip;]<\/p>\n","protected":false},"author":102,"featured_media":0,"parent":0,"menu_order":6,"comment_status":"open","ping_status":"open","template":"","meta":{"footnotes":""},"class_list":["post-555","page","type-page","status-publish","hentry"],"_links":{"self":[{"href":"https:\/\/blogs.ua.es\/danielrodriguez\/wp-json\/wp\/v2\/pages\/555","targetHints":{"allow":["GET"]}}],"collection":[{"href":"https:\/\/blogs.ua.es\/danielrodriguez\/wp-json\/wp\/v2\/pages"}],"about":[{"href":"https:\/\/blogs.ua.es\/danielrodriguez\/wp-json\/wp\/v2\/types\/page"}],"author":[{"embeddable":true,"href":"https:\/\/blogs.ua.es\/danielrodriguez\/wp-json\/wp\/v2\/users\/102"}],"replies":[{"embeddable":true,"href":"https:\/\/blogs.ua.es\/danielrodriguez\/wp-json\/wp\/v2\/comments?post=555"}],"version-history":[{"count":12,"href":"https:\/\/blogs.ua.es\/danielrodriguez\/wp-json\/wp\/v2\/pages\/555\/revisions"}],"predecessor-version":[{"id":1480,"href":"https:\/\/blogs.ua.es\/danielrodriguez\/wp-json\/wp\/v2\/pages\/555\/revisions\/1480"}],"wp:attachment":[{"href":"https:\/\/blogs.ua.es\/danielrodriguez\/wp-json\/wp\/v2\/media?parent=555"}],"curies":[{"name":"wp","href":"https:\/\/api.w.org\/{rel}","templated":true}]}}