{"id":666,"date":"2010-07-07T15:43:12","date_gmt":"2010-07-07T14:43:12","guid":{"rendered":"https:\/\/blogs.ua.es\/danielrodriguez\/charly-sensei\/"},"modified":"2015-03-16T18:15:12","modified_gmt":"2015-03-16T17:15:12","slug":"charly-sensei","status":"publish","type":"page","link":"https:\/\/blogs.ua.es\/danielrodriguez\/el-aikido-de-kumano-en-espana\/charly-sensei\/","title":{"rendered":"Charly Sensei"},"content":{"rendered":"<p>Charly Sensei fue mi primer maestro. Tuvimos mucha suerte de encontrarnos porque nos acerc\u00f3 a esta escuela tan maravillosa y poco conocida de\u00a0Kumano. Por circunstancias de la vida decidi\u00f3 irse a vivir a oriente en busca de su para\u00edso y tuve que buscarme la vida, cambiando de maestro y de l\u00ednea de trabajo.<\/p>\n<p>Charly Sensei tiene su propia secci\u00f3n porque es el \u00fanico espa\u00f1ol que ha vivido y entrenado en Shingu con Hikitsuchi, que yo sepa, trabajando y entrenando dos veces al d\u00eda. All\u00ed tuvo la suerte de hacer buenas migas con Clint George,\u00a06\u00ba Dan, un americano que estuvo 15 a\u00f1os con Hikitsuchi (de hecho era su uke favorito). \u00c9l fue quien le tradujo las ense\u00f1anzas del m\u00e1s grande aikidoka que ha habido despu\u00e9s del Fundador. Tambi\u00e9n qued\u00f3 hondamente impresionado por Tojima Sensei, Ianase Sensei, Isimoto Sensei y Anno Sensei.<\/p>\n<figure style=\"width: 454px\" class=\"wp-caption alignnone\"><a href=\"http:\/\/s264.photobucket.com\/albums\/ii179\/tipoman_album\/Aikido\/?action=view&amp;current=cartelaikido.jpg\" target=\"_blank\"><img loading=\"lazy\" decoding=\"async\" src=\"http:\/\/i264.photobucket.com\/albums\/ii179\/tipoman_album\/Aikido\/cartelaikido.jpg\" alt=\"Charly en la playa\" width=\"454\" height=\"640\" border=\"0\" \/><\/a><figcaption class=\"wp-caption-text\">Esta foto siempre me ha gustado, Santi con su metro noventa largo volando por los aires&#8230;<\/figcaption><\/figure>\n<p>Yo he tenido la suerte de entrenar durante 5 a\u00f1os con Charly Sensei, y digo suerte porque hace poco tuve la oportunidad de ver unos v\u00eddeos de Hikitsuchi Sensei y practican exactamente igual (salvando las diferencias normales que hay entre un quinto y un d\u00e9cimo dan). Tambi\u00e9n en el curso de Anno Sensei en Mallorca pudimos comprobar que Charly no se hab\u00eda inventado nada y que aquello que hac\u00edamos era puro y verdadero. Es una l\u00e1stima que su car\u00e1cter sea tan japon\u00e9s y encaje tan poco con el estilo de vida occidental que llevamos aqu\u00ed, porque podr\u00eda haber sido pieza fundamental en el Kumano Juku Espa\u00f1a, de la mano de Diego Espinosa, nuestro actual maestro y\u00a0alumno directo\u00a0de Hikitsuchi.<\/p>\n<p>Breve curr\u00edculum marcial sacado de la <a href=\"http:\/\/www.aikidobudo.com\">web de su alumno Fernando:<\/a><\/p>\n<blockquote><p>Nace el 29-08-1950 en Tolosa (Guipuzcoa)<\/p>\n<ul>\n<li>5\u00b0 Dan de Aikido, concedido en Jap\u00f3n donde estuvo 5 a\u00f1os aprendiendo del \u00fanico 10\u00b0 Dan del mundo, <strong> <a href=\"http:\/\/www.aikidobudo.com\/michiohikitsuchi.html\">Michio Hikitsuchi<\/a><\/strong>, alumno directo del fundador del Aikido O\u00b4Sensei Ueshiba, quien le concedi\u00f3 el 10\u00b0 Dan.<\/li>\n<li>2\u00b0 Dan de Bo-Jutsu.<\/li>\n<li>5 a\u00f1os de experiencia en Iai-Do, el arte del sable japon\u00e9s.<\/li>\n<li>2\u00b0 Dan de Karate Okinawa Kempo (practicado a puerta cerrada).<\/li>\n<li>Boxeador en categor\u00eda aficionado, peleando entre la \u00e9lite del boxeo nacional espa\u00f1ol.<\/li>\n<\/ul>\n<p>En clase instruye a sus alumnos en la defensa y pr\u00e1ctica de Boken (sable de madera), Bo (lanza larga), Tanto (pu\u00f1al), as\u00ed como defensa a mano descubierta.<\/p><\/blockquote>\n<p>A continuaci\u00f3n unas fotos de su estancia en Jap\u00f3n:<\/p>\n<p><img decoding=\"async\" src=\"http:\/\/www.aikidobudo.com\/imagenes\/japon\/japon2_n.jpg\" alt=\"Recibiendo el Shodan de Hikitsuchi\" \/><br \/>\n<img decoding=\"async\" src=\"http:\/\/www.aikidobudo.com\/imagenes\/japon\/japon4_n.jpg\" alt=\"Con varios senseis de Shingu\" \/><\/p>\n<p>Actualmente entrena a un grupo de vietnamitas:<br \/>\n<a href=\"http:\/\/s264.photobucket.com\/albums\/ii179\/tipoman_album\/Aikido\/AikidoBudoVietnam.jpg\" target=\"_blank\"><img decoding=\"async\" src=\"http:\/\/i264.photobucket.com\/albums\/ii179\/tipoman_album\/Aikido\/AikidoBudoVietnam.jpg\" alt=\"Charly en Vietnam\" border=\"0\" \/><\/a><\/p>\n","protected":false},"excerpt":{"rendered":"<p>Charly Sensei fue mi primer maestro. Tuvimos mucha suerte de encontrarnos porque nos acerc\u00f3 a esta escuela tan maravillosa y poco conocida de\u00a0Kumano. Por circunstancias de la vida decidi\u00f3 irse a vivir a oriente en busca de su para\u00edso y tuve que buscarme la vida, cambiando de maestro y de l\u00ednea de trabajo. Charly Sensei [&hellip;]<\/p>\n","protected":false},"author":102,"featured_media":0,"parent":670,"menu_order":0,"comment_status":"open","ping_status":"open","template":"","meta":{"footnotes":""},"class_list":["post-666","page","type-page","status-publish","hentry"],"_links":{"self":[{"href":"https:\/\/blogs.ua.es\/danielrodriguez\/wp-json\/wp\/v2\/pages\/666","targetHints":{"allow":["GET"]}}],"collection":[{"href":"https:\/\/blogs.ua.es\/danielrodriguez\/wp-json\/wp\/v2\/pages"}],"about":[{"href":"https:\/\/blogs.ua.es\/danielrodriguez\/wp-json\/wp\/v2\/types\/page"}],"author":[{"embeddable":true,"href":"https:\/\/blogs.ua.es\/danielrodriguez\/wp-json\/wp\/v2\/users\/102"}],"replies":[{"embeddable":true,"href":"https:\/\/blogs.ua.es\/danielrodriguez\/wp-json\/wp\/v2\/comments?post=666"}],"version-history":[{"count":9,"href":"https:\/\/blogs.ua.es\/danielrodriguez\/wp-json\/wp\/v2\/pages\/666\/revisions"}],"predecessor-version":[{"id":1392,"href":"https:\/\/blogs.ua.es\/danielrodriguez\/wp-json\/wp\/v2\/pages\/666\/revisions\/1392"}],"up":[{"embeddable":true,"href":"https:\/\/blogs.ua.es\/danielrodriguez\/wp-json\/wp\/v2\/pages\/670"}],"wp:attachment":[{"href":"https:\/\/blogs.ua.es\/danielrodriguez\/wp-json\/wp\/v2\/media?parent=666"}],"curies":[{"name":"wp","href":"https:\/\/api.w.org\/{rel}","templated":true}]}}