{"id":93,"date":"2009-02-01T01:05:12","date_gmt":"2009-02-01T00:05:12","guid":{"rendered":"https:\/\/blogs.ua.es\/danielrodriguez\/?page_id=93"},"modified":"2015-03-16T18:20:54","modified_gmt":"2015-03-16T17:20:54","slug":"hikitsuchi-sensei","status":"publish","type":"page","link":"https:\/\/blogs.ua.es\/danielrodriguez\/el-aikido-de-kumano\/hikitsuchi-sensei\/","title":{"rendered":"Hikitsuchi Sensei"},"content":{"rendered":"<p><img decoding=\"async\" src=\"http:\/\/www.aikido-sakaki.com\/main_img\/biohikit1.jpg\" alt=\"Hikitsuchi y O-Sensei\" \/><\/p>\n<p>Naci\u00f3 el 14 de julio de 1919 en el seno de una familia Samurai en Shingu, una peque\u00f1a villa situada en la ribera del Pac\u00edfico de la prefectura de Wakayama. Su infancia no fue f\u00e1cil: con dos a\u00f1os perdi\u00f3 a su madre y luego a su madre con 7. Su abuela, maestra de Naginata (albarda, una lanza con forma de media hoz) se hizo cargo de \u00e9l. Fue educado con el rigor y la disciplina de la \u00e9poca, aprendiendo diferentes artes marciales: Judo, Karate, Kendo ,Ken-jutsu ,yari (el arte de la lanza), shuriken-jutsu, Iaido (el arte de desenvainar el sable), Bai-Jutsu (Tiro al arco montado a caballo). En 1933, con apenas 14 a\u00f1os, conoci\u00f3 a O-Sensei, y decidi\u00f3 consagrar su vida al Budo. De hecho, Morihei Ueshiba fue como un padre para \u00e9l; junto a Saito Sensei y Koichi Tohei, fue el alumno que m\u00e1s tiempo convivi\u00f3 con el fundador. Profundiz\u00f3 tambi\u00e9n en el estudio de las artes tradicionales japonesas y en la religi\u00f3n shintoista.<\/p>\n<p><img decoding=\"async\" src=\"http:\/\/www.afatj.com\/images\/sensei-1.jpg\" alt=\"Hikitsuchi Sensei\" \/><\/p>\n<p class=\"Estilo2\">En 1948, cuando el O-Sensei ten\u00eda 65 a\u00f1os, contact\u00f3 de nuevo con Hikitsuchi (de treinta) tras siete a\u00f1os de ausencia por la guerra del pac\u00edfico, ense\u00f1\u00e1ndole el nuevo Aikido que hab\u00eda creado. El dojo se abri\u00f3 en 1952, y recibi\u00f3 numerosas visitas de O&#8217;Sensei, cuyo lugar preferido es el santuario de Kumano, en Hongu. All\u00ed encuentra de nuevo recuerdos y los lazos que le unen fuertemente a sus padres y antepasados. O&#8217;Sensei se consideraba &#8220;un hijo de Kumano&#8221;, puesto que su nacimiento se debi\u00f3 a las numerosas peregrinaciones realizadas por sus padres a ese lugar sagrado. Las oraciones llegaron a o\u00eddos de los dioses, quienes acordaron un hijo a la familia UESHIBA. O&#8217;Sensei hizo m\u00e1s de 150 peregrinaciones al santuario de Kumano con oraciones y purificaciones y dedicando a los dioses demostraciones de Aikido y de Bo-Jutsu. En los veinte a\u00f1os siguientes<\/p>\n<p class=\"Estilo2\">En Agosto de 1957, H. Michio Sensei recibe de manos del fundador el Makimono o diploma de Masakatsu Bo-Jutsu (Bast\u00f3n del Fundador del Aikido), testificando la capacidad de Hikitsuchi Sensei de transmitir la ense\u00f1anza del Bo. El 9 de enero de 1969, durante el \u00faltimo viaje a la regi\u00f3n de Kumano que \u00e9l tanto quer\u00eda, O&#8217;Sensei le dijo a Hikitsuchi Sensei durante un entrenamiento:<\/p>\n<blockquote>\n<p class=\"Estilo2\"><strong>&#8220;Michio San, yo te lo he dado todo, todo lo que sab\u00eda, hoy te doy el 10\u00ba dan \u00a1Ag\u00e1rrate!&#8221;. <\/strong><\/p>\n<\/blockquote>\n<p class=\"Estilo2\">Hubo al menos cinco testigos; uno de ellos, el se\u00f1or KUBOKATSU, el primero de sus fieles alumnos de Shingu. Hikitsuchi mantuvo su certificado oculto y, por alguna raz\u00f3n, no divulg\u00f3 su d\u00e9cimo dan hasta un tiempo despu\u00e9s.<\/p>\n<p class=\"Estilo2\">&nbsp;<\/p>\n<p><img decoding=\"async\" src=\"http:\/\/www.aikidojournal.com\/images\/articles\/Hikitsuchi_slide.jpg\" alt=\"\" \/><\/p>\n<p class=\"Estilo2\">Poco antes de morir O&#8217;Sensei hab\u00eda dejado escrito en su testamento la misi\u00f3n de HIKITSUCHI Sensei: <em>continuar con la ense\u00f1anza del Aikido, cuidar con solicitud el Nida\u00ef Doshu y vigilar que los altos grados sean otorgados por su hijo Doshu Kisshomaru UESHIBA y por HIKITSUCHI Sensei<\/em>. Sin embargo, no parece que sus relaciones con el Doshu fueran buenas, no creo que a Kisshomaru Ueshiba le hiciera mucha gracia tener por encima a Hikitsuchi sensei, y a \u00e9ste no le debieron gustar los cambios que empezaron a darse tras la muerte del fundador (algo parecido debi\u00f3 pasarle a Koichi Tohei, quien tras llevar el peso de los entrenamientos en el Hombu Dojo desp\u00e9s de la guerra). No es de extra\u00f1ar el ostracismo al que fue sometido por la Aikikai, que nunca ha hecho demasiado por difundir la figura de uno de los tres d\u00e9cimos danes otorgados en vida por O&#8217;Sensei: Abe Seiseki Sensei, Koichi Tohei Sensei e Hikitsuchi Sensei (de los tres, el \u00fanico que recibi\u00f3 el reconocimiento oficial del Aikikai fue Tohei, y el \u00fanico que recibi\u00f3 un certificado firmado por O&#8217;Sensei fue Hikitsuchi, aunque no lo tramit\u00f3 por los canales oficiales; hay otros d\u00e9cimos danes, pero ninguno fue nombrado directamente por el fundador).<\/p>\n<p><img decoding=\"async\" src=\"http:\/\/www.aikido-sakaki.com\/main_img\/biohikit3.jpg\" alt=\"O-Sensei junto a Hikitsuchi\" \/><\/p>\n<p class=\"Estilo2\">En 1974 Hikitsuchi Sensei empieza una gira de cursos por los Estados Unidos invitado por la Universidad de California en Santa Cruz. Durante la d\u00e9cada de los setenta y ochenta recibi\u00f3 numerosos alumnos extranjeros en su dojo, americanos sobre todo. En 1984 invitado por su alumno G\u00e8rard Blaize y con la idea de Peter Shapiro, Hikitsuchi Sensei llega a Paris por vez primera para impartir un curso de Aikido en Francia. A partir de este momento, ense\u00f1\u00f3 a los practicantes de Europa el Aikido tal como \u00e9l lo hab\u00eda recibido del Fundador del Aikido. El 23 de Mayo de 1985, Hikitsuchi Sensei haria una demostraci\u00f3n de Aikido delante del Presidente de los Estados Unidos Jimy Carter y su familia, con el alumno americano Clint George como uke. Le hizo un Nikkyo a uno de sus guardaespaldas, que le hab\u00eda lanzado un suki.<\/p>\n<p class=\"Estilo2\">El lunes 2 de Febrero del 2004 falleci\u00f3 Hikitsuchi Michio Sensei su cuerpo fue incinerado quedando sus cenizas en el cementerio de Shingu y parte guardados por su familia.<\/p>\n<p><img decoding=\"async\" src=\"http:\/\/www.centre-kumano.ch\/images\/Fotos\/11hikitsuchixoxshogatsu.jpg\" alt=\"Kumano Juku Dojo\" \/><\/p>\n<p>Entrenamiento de a\u00f1o nuevo (enero de 2004), \u00faltima clase en el Kumano Juku Dojo.<\/p>\n<p>Para acabar, una an\u00e9cdota m\u00e1s sobre los superpoderes del fundador: Hikitsuchi sensei rememora un entrenamiento con Ueshiba a medianoche, con las luces apagadas, en el que parti\u00f3 la punta del boken de O&#8217;Sensei. La pieza sali\u00f3 volando, y la busc\u00f3 por todo el dojo. De repente, Ueshiba la sac\u00f3 de uno de los pliegues de su kimono, felicit\u00e1ndole por su habilidad.<\/p>\n<p><img loading=\"lazy\" decoding=\"async\" class=\"alignnone\" src=\"http:\/\/www.aikidofaq.com\/bilder\/osensei\/osensei19.gif\" alt=\"\" width=\"680\" height=\"463\" \/><\/p>\n<p>Ah, por supuesto, unos v\u00eddeos:<\/p>\n<p>National Geographic, en un documental sobre Aikido, le hizo una visita poco antes de su muerte:<\/p>\n<p><code><a href=\"http:\/\/www.aikidofaq.com\/misc\/10dan.html\">[kml_flashembed movie=\"http:\/\/www.youtube.com\/v\/37svaNnQEGs\" width=\"425\" height=\"350\" wmode=\"transparent\" \/]<\/a><\/code><\/p>\n<p>&#8212;&#8212;&#8212;&#8212;-<\/p>\n<p>Aqu\u00ed en acci\u00f3n, a\u00f1o 1974:<a href=\"http:\/\/www.aikidofaq.com\/misc\/10dan.html\"><br \/>\n<code>[kml_flashembed movie=\"http:\/\/www.youtube.com\/v\/IdsTPAuz3qM\" width=\"425\" height=\"350\" wmode=\"transparent\" \/]<\/code><\/a><\/p>\n<p>&#8212;&#8212;&#8212;&#8212;-<\/p>\n<p>\u00c9ste es de 1983:<\/p>\n<p><code>[kml_flashembed movie=\"http:\/\/www.youtube.com\/v\/JS8FhW-eu9k\" width=\"425\" height=\"350\" wmode=\"transparent\" \/]<\/code><\/p>\n<p>&#8212;&#8212;&#8212;&#8212;-<\/p>\n<p>Aqu\u00ed en la cascada de Nachi (Kumano), lugar favorito de O&#8217;Sensei:<\/p>\n<p><code>[kml_flashembed movie=\"http:\/\/www.youtube.com\/v\/7meqLKxfjis\" width=\"425\" height=\"350\" wmode=\"transparent\" \/]<\/code><\/p>\n<p>&#8212;&#8212;&#8212;&#8212;-<\/p>\n<p>En espa\u00f1ol, en una visita a Mallorca:<br \/>\n<code>[kml_flashembed movie=\"http:\/\/www.youtube.com\/v\/Z9cpIEw91Fs\" width=\"425\" height=\"350\" wmode=\"transparent\" \/]<\/code><br \/>\n<code>[kml_flashembed movie=\"http:\/\/www.youtube.com\/v\/NS_VNIgFZFY\" width=\"425\" height=\"350\" wmode=\"transparent\" \/]<\/code><\/p>\n<p>&#8212;&#8212;&#8212;&#8212;&#8211;<\/p>\n<p>Finlandia, 1994:<\/p>\n<p><code>[kml_flashembed movie=\"http:\/\/www.youtube.com\/v\/YBvwmfZylFE\" width=\"425\" height=\"350\" wmode=\"transparent\" \/]<\/code><\/p>\n<p>&#8212;&#8212;&#8212;&#8212;&#8212;<\/p>\n<p><code>[kml_flashembed movie=\"http:\/\/www.youtube.com\/v\/8EPoD08b2g4\" width=\"425\" height=\"350\" wmode=\"transparent\" \/]<\/code><\/p>\n<p>&#8212;&#8212;&#8212;&#8212;&#8212;<\/p>\n<p>Acompa\u00f1ando a O&#8217;Sensei:<br \/>\n<code>[kml_flashembed movie=\"http:\/\/www.youtube.com\/v\/L88TbONoAXo\" width=\"425\" height=\"350\" wmode=\"transparent\" \/]<\/code><\/p>\n<p>&#8212;&#8212;&#8212;&#8212;&#8212;<\/p>\n<p>Hay m\u00e1s v\u00eddeos, pero tienen la inserci\u00f3n desactivada, lo que significa que hay que ir a Youtube a verlos:<\/p>\n<p><code>http:\/\/www.youtube.com\/v\/JngLEiVSfMk<\/code><\/p>\n<p>&#8212;&#8212;&#8212;&#8212;-<\/p>\n<p>Un extracto de uno de sus v\u00eddeos, &#8220;Heart of Aikido&#8221;, una compra indispensable si te gusta Hikitsuchi Sensei:<\/p>\n<p>http:\/\/www.youtube.com\/watch?v=xUYOgkCyr0Q<\/p>\n<p>http:\/\/www.youtube.com\/watch?v=mkY9XHkRlis<\/p>\n<p>&#8212;&#8212;&#8212;&#8212;&#8212;<\/p>\n<p>Acompa\u00f1ando a O&#8217;Sensei en una demostraci\u00f3n p\u00fablica:<\/p>\n<p>https:\/\/youtube.com\/watch?v=ucA2wiu24cQ<\/p>\n<p>&#8212;&#8212;&#8212;&#8212;&#8212;<\/p>\n<p>Acompa\u00f1ando a O&#8217;Sensei en el templo de Kumano Hongu, el que sale en el reportaje &#8220;Heart of Aikido&#8221;. Es curioso observar al Fundador, que necesita ayuda para bajar las escaleras, hasta que pisa el tatami y se vuelve invencible:<br \/>\nhttps:\/\/youtube.com\/watch?v=EJRIzjgAZZM<\/p>\n","protected":false},"excerpt":{"rendered":"<p>Naci\u00f3 el 14 de julio de 1919 en el seno de una familia Samurai en Shingu, una peque\u00f1a villa situada en la ribera del Pac\u00edfico de la prefectura de Wakayama. Su infancia no fue f\u00e1cil: con dos a\u00f1os perdi\u00f3 a su madre y luego a su madre con 7. Su abuela, maestra de Naginata (albarda, [&hellip;]<\/p>\n","protected":false},"author":102,"featured_media":0,"parent":1396,"menu_order":0,"comment_status":"open","ping_status":"closed","template":"","meta":{"footnotes":""},"class_list":["post-93","page","type-page","status-publish","hentry"],"_links":{"self":[{"href":"https:\/\/blogs.ua.es\/danielrodriguez\/wp-json\/wp\/v2\/pages\/93","targetHints":{"allow":["GET"]}}],"collection":[{"href":"https:\/\/blogs.ua.es\/danielrodriguez\/wp-json\/wp\/v2\/pages"}],"about":[{"href":"https:\/\/blogs.ua.es\/danielrodriguez\/wp-json\/wp\/v2\/types\/page"}],"author":[{"embeddable":true,"href":"https:\/\/blogs.ua.es\/danielrodriguez\/wp-json\/wp\/v2\/users\/102"}],"replies":[{"embeddable":true,"href":"https:\/\/blogs.ua.es\/danielrodriguez\/wp-json\/wp\/v2\/comments?post=93"}],"version-history":[{"count":31,"href":"https:\/\/blogs.ua.es\/danielrodriguez\/wp-json\/wp\/v2\/pages\/93\/revisions"}],"predecessor-version":[{"id":1398,"href":"https:\/\/blogs.ua.es\/danielrodriguez\/wp-json\/wp\/v2\/pages\/93\/revisions\/1398"}],"up":[{"embeddable":true,"href":"https:\/\/blogs.ua.es\/danielrodriguez\/wp-json\/wp\/v2\/pages\/1396"}],"wp:attachment":[{"href":"https:\/\/blogs.ua.es\/danielrodriguez\/wp-json\/wp\/v2\/media?parent=93"}],"curies":[{"name":"wp","href":"https:\/\/api.w.org\/{rel}","templated":true}]}}