{"id":123,"date":"2013-01-26T20:54:10","date_gmt":"2013-01-26T20:54:10","guid":{"rendered":"https:\/\/blogs.ua.es\/demetrioribes\/?page_id=123"},"modified":"2013-01-27T12:28:35","modified_gmt":"2013-01-27T12:28:35","slug":"metodologia","status":"publish","type":"page","link":"https:\/\/blogs.ua.es\/demetrioribes\/metodologia\/","title":{"rendered":"Metodolog\u00eda"},"content":{"rendered":"<p style=\"text-align: justify\">He creado esta p\u00e1gina para explicar c\u00f3mo he creado este blog y las t\u00e9cnicas utilizadas para su realizaci\u00f3n. La metodolog\u00eda ha sido hacer b\u00fasquedas avanzadas, tal y como se nos explico en clase de <em>Fuentes y Documentos para la Historia.<\/em> En los distintos buscadores, cat\u00e1logos y base de datos. Despu\u00e9s fui preguntando a personas con alta cualificaci\u00f3n sobre este tema en concreto, hasta que he recopilado toda la informaci\u00f3n necesaria para la realizaci\u00f3n de este blog. Adem\u00e1s toda la informaci\u00f3n est\u00e1 regulada por la NORMA ISO 690:2010 (English)<\/p>\n<p style=\"text-align: justify\">A continuaci\u00f3n muestro las referencias que \u00a0he seguido para la realizaci\u00f3n de las entradas del blog.<\/p>\n<p><span style=\"text-decoration: underline\"><strong>DOCUMENTOS IMPRESOS.<\/strong><\/span><\/p>\n<p><strong>\u00b7Monograf\u00edas<\/strong>:<\/p>\n<p>APELLIDOS, Nombre1. <em>T\u00edtulo<\/em>. (Otros colaboradores: traductor, editor, etc. se podr\u00edan hacer constar<\/p>\n<p>con la forma directa de nombre APELLIDOS). Edici\u00f3n. Lugar: Editor, a\u00f1o. Extensi\u00f3n (opcional).<\/p>\n<p>(Serie; n\u00ba). ISBN.<\/p>\n<p>&nbsp;<\/p>\n<p><strong>Parte de una monograf\u00eda:<\/strong><\/p>\n<p>(Autor\/res de la parte) APELLIDOS, Nombre. T\u00edtulo de la parte. En: <em>T\u00edtulo de la obra completa<\/em>.<\/p>\n<p>Edici\u00f3n. Lugar de edici\u00f3n: editor, a\u00f1o, pp. (p\u00e1ginas). ISBN.<\/p>\n<p>&nbsp;<\/p>\n<p><strong>Publicaciones en serie (revista completa):<\/strong><\/p>\n<p><em>T\u00edtulo de la revista<\/em>. Responsabilidad (si fuera necesario para identificarla por tratarse de un t\u00edtulo<\/p>\n<p>muy gen\u00e9rico. Ejem: <em>Bolet\u00edn informativo<\/em>). A\u00f1o de inicio-A\u00f1o de cierre2 (este \u00faltimo dato s\u00f3lo se<\/p>\n<p>usa en el caso de revistas que han dejado de publicarse). ISSN.<\/p>\n<p>&nbsp;<\/p>\n<p><strong>Art\u00edculos de revistas:<\/strong><\/p>\n<p>(Autor\/es de la contribuci\u00f3n) APELLIDOS, Nombre. T\u00edtulo del art\u00edculo. <em>T\u00edtulo de la revista.<\/em><\/p>\n<p>(Localizaci\u00f3n de la parte en el n\u00famero de la revista) A\u00f1o, <strong>volumen <\/strong>(n\u00ba), pp. ISSN.<\/p>\n<p>&nbsp;<\/p>\n<p><span style=\"text-decoration: underline\"><strong>\u00a0DOCUMENTTOS ELECTR\u00d3NICOS.<\/strong><\/span><\/p>\n<p><strong>Libros electr\u00f3nicos y monografias en l\u00ednea<\/strong>:<\/p>\n<p>APELLIDOS, Nombre. <em>T\u00edtulo <\/em>[en l\u00ednea]<em>. <\/em>Lugar de publicaci\u00f3n: editor, fecha de publicaci\u00f3n<\/p>\n<p>[Consulta: fecha de consulta]. Formato (pdf, etc), tama\u00f1o del fichero (MB). Disponible en: http:\/\/<\/p>\n<p>&nbsp;<\/p>\n<p><strong>Parte de monograf\u00eda en l\u00ednea:<\/strong><\/p>\n<p><strong>\u00a0<\/strong>(Autor\/es de la parte) APELLIDOS, Nombre. T\u00edtulo de la parte. En: <em>T\u00edtulo de la obra completa <\/em>[en<\/p>\n<p>l\u00ednea]. Lugar de publicaci\u00f3n: editor, a\u00f1o, pp. [consulta: fecha de consulta]. Disponible en: http.\/\/<\/p>\n<p>&nbsp;<\/p>\n<p><strong>Revista en l\u00ednea:<\/strong><\/p>\n<p><strong>\u00a0<\/strong>1. Modelo de revista de un paquete de revistas electr\u00f3nicas con una base de datos com\u00fan:<\/p>\n<p><em>T\u00edtulo <\/em>[en linea]. Lugar de edici\u00f3n: editor, fecha de publicaci\u00f3n, volumen, n\u00famero [consulta: fecha<\/p>\n<p>de consulta]. Nombre de la base de datos. ISSN. Disponible en: http:\/\/<\/p>\n<p>2. Modelo de revista con acceso en l\u00ednea individualizado:<\/p>\n<p><em>T\u00edtulo <\/em>[en l\u00ednea]. Lugar de edici\u00f3n: editor, fecha de publicaci\u00f3n, volumen, n\u00famero [consulta: fecha<\/p>\n<p>de consulta]. ISSN. Disponible en: http:\/\/<\/p>\n<p>&nbsp;<\/p>\n<p><strong>Art\u00edculo de revista en l\u00ednea:<\/strong><\/p>\n<p><strong>\u00a0<\/strong>(Autor\/es del art\u00edculo) APELLIDOS, Nombre. T\u00edtulo del art\u00edculo. <em>T\u00edtulo de la revista <\/em>[en l\u00ednea].<\/p>\n<p>Lugar: editor, fecha de publicaci\u00f3n, vol\u00famen, n\u00famero [consulta: fecha de consulta]. ISSN.<\/p>\n<p>Disponible en: http:\/\/<\/p>\n<p>&nbsp;<\/p>\n<p><strong>Sitio web:<\/strong><\/p>\n<p><strong>\u00a0<\/strong><em>T\u00edtulo de la web<\/em>. Editor, a\u00f1o [consulta: fecha de consulta]. Disponible en: http:\/\/<\/p>\n<p>&nbsp;<\/p>\n<p><strong>Parte de un sitio web:<\/strong><\/p>\n<p><strong>\u00a0<\/strong>\u00b7 Ejemplo de p\u00e1gina sin autor o autor colectivo (ejem.: art\u00edculo de wikipedia):<\/p>\n<p>T\u00edtulo de la p\u00e1gina. <em>T\u00edtulo del sitio web <\/em>[en l\u00ednea]. Fecha y hora de edici\u00f3n o actualizaci\u00f3n<\/p>\n<p>[consulta: fecha de cosulta]. Disponible en: http:\/\/<\/p>\n<p>\u00b7 Ejemplo de p\u00e1gina o parte de un sitio web con autor:<\/p>\n<p>APELLIDOS, Nombre. T\u00edtulo de la p\u00e1gina o la parte. En: <em>T\u00edtulo del sitio web <\/em>[en l\u00ednea]. Fecha y<\/p>\n<p>hora de edici\u00f3n [consulta: fecha y hora de consulta]. Disponible en: http:\/\/<\/p>\n<p>&nbsp;<\/p>\n<p><span style=\"text-decoration: underline\"><strong>DOCUMENTOS EN PAPEL.<\/strong><\/span><\/p>\n<p><strong>En papel:<\/strong><\/p>\n<p><em>T\u00edtulo. <\/em>Escala. Lugar: Editor, a\u00f1o. Dimensiones (mm). Lugar donde se conserva y signatura.<\/p>\n<p>&nbsp;<\/p>\n<p><strong>En Internet:<\/strong><\/p>\n<p><em>T\u00edtulo <\/em>[en l\u00ednea]. Ubicaci\u00f3n y colecci\u00f3n [consulta: fecha de consulta]. Disponible en: http:\/\/<\/p>\n<p>&nbsp;<\/p>\n<p><strong>Pel\u00edculas<\/strong><\/p>\n<p><em>T\u00edtulo de la pel\u00edcula <\/em>[Pel\u00edcula]. Dirigida por Nombre APELLIDOS. Pa\u00eds: Productora, a\u00f1o. Lugar:<\/p>\n<p>distribuida en Espa\u00f1a por&#8230;<\/p>\n<p>Ejemplo de documental o programa de emisi\u00f3n de TV:<\/p>\n<p><em>Titulo. <\/em>Nombre de la cadena de televisi\u00f3n, fecha.<\/p>\n<p>&nbsp;<\/p>\n<p><strong>Im\u00e1genes<\/strong><\/p>\n<p>APELLIDOS, Nombre. <em>T\u00edtulo de la obra. <\/em>A\u00f1o [imagen digital]. Museo&#8230; [consulta: fecha de<\/p>\n<p>consulta]. Disponible en: http:\/\/<\/p>\n<p>&nbsp;<\/p>\n<p><strong>Audiovisuales<\/strong><\/p>\n<p>APELLIDOS, Nombre. <em>T\u00edtulo. <\/em>[Designaci\u00f3n del tipo de material]. Datos f\u00edsicos. Edici\u00f3n. Lugar de<\/p>\n<p>publicaci\u00f3n: editorial, a\u00f1o.<\/p>\n","protected":false},"excerpt":{"rendered":"<p>He creado esta p\u00e1gina para explicar c\u00f3mo he creado este blog y las t\u00e9cnicas utilizadas para su realizaci\u00f3n. La metodolog\u00eda ha sido hacer b\u00fasquedas avanzadas, tal y como se nos explico en clase de Fuentes y Documentos para la Historia. En los distintos buscadores, cat\u00e1logos y base de datos. Despu\u00e9s fui preguntando a personas con [&hellip;]<\/p>\n","protected":false},"author":2902,"featured_media":0,"parent":0,"menu_order":0,"comment_status":"open","ping_status":"open","template":"","meta":{"footnotes":""},"class_list":["post-123","page","type-page","status-publish","hentry"],"_links":{"self":[{"href":"https:\/\/blogs.ua.es\/demetrioribes\/wp-json\/wp\/v2\/pages\/123","targetHints":{"allow":["GET"]}}],"collection":[{"href":"https:\/\/blogs.ua.es\/demetrioribes\/wp-json\/wp\/v2\/pages"}],"about":[{"href":"https:\/\/blogs.ua.es\/demetrioribes\/wp-json\/wp\/v2\/types\/page"}],"author":[{"embeddable":true,"href":"https:\/\/blogs.ua.es\/demetrioribes\/wp-json\/wp\/v2\/users\/2902"}],"replies":[{"embeddable":true,"href":"https:\/\/blogs.ua.es\/demetrioribes\/wp-json\/wp\/v2\/comments?post=123"}],"version-history":[{"count":9,"href":"https:\/\/blogs.ua.es\/demetrioribes\/wp-json\/wp\/v2\/pages\/123\/revisions"}],"predecessor-version":[{"id":145,"href":"https:\/\/blogs.ua.es\/demetrioribes\/wp-json\/wp\/v2\/pages\/123\/revisions\/145"}],"wp:attachment":[{"href":"https:\/\/blogs.ua.es\/demetrioribes\/wp-json\/wp\/v2\/media?parent=123"}],"curies":[{"name":"wp","href":"https:\/\/api.w.org\/{rel}","templated":true}]}}