{"id":134,"date":"2013-01-27T11:51:51","date_gmt":"2013-01-27T11:51:51","guid":{"rendered":"https:\/\/blogs.ua.es\/demetrioribes\/?page_id=134"},"modified":"2013-01-27T23:02:18","modified_gmt":"2013-01-27T23:02:18","slug":"recursos","status":"publish","type":"page","link":"https:\/\/blogs.ua.es\/demetrioribes\/recursos\/","title":{"rendered":"Recursos"},"content":{"rendered":"<p style=\"text-align: justify\">Las fuentes que he consultado para la realizaci\u00f3n del blog, son muy diversas: desde diferentes peri\u00f3dicos que se pueden consultar desde internet, hasta revistas, p\u00e1ginas web, etc. Posteriormente, nombro algunos recursos que me han sido \u00fatiles y una peque\u00f1a explicaci\u00f3n de estos.<\/p>\n<p style=\"text-align: justify\">\u00b7<strong><span style=\"text-decoration: underline\">Google:<\/span><\/strong><\/p>\n<p style=\"text-align: justify\">Desde aqu\u00ed he encontrado variedad de informaci\u00f3n, por ejemplo im\u00e1genes desde <strong>google im\u00e1genes, <\/strong>su bibliograf\u00eda, para informarme mejor sobre \u00e9l, ya que era desconocido para m\u00ed cuando me asignaron el tema, tambi\u00e9n gracias a este tipo de buscador, pude encontrar variedad de revistas sobre temas relacionados con Demetrio Ribes Marco e incluso de \u00e9l.<\/p>\n<p><span style=\"text-decoration: underline\"><strong>\u00b7Google libros:<\/strong><\/span><\/p>\n<p>Es un servicio de Google que busca el texto completo de los libros que Google escanea, convierte el texto por medio de reconocimiento \u00f3ptico de caracteres y los almacena en su base de datos en l\u00ednea.<\/p>\n<p>Aqu\u00ed he encontrado variedad de libros que hablaban de autores como Demetri Ribes y otros semejantes con caracter\u00edsticas en com\u00fan.<\/p>\n<p style=\"text-align: justify\">\u00b7<strong><span style=\"text-decoration: underline\">Dialnet:<\/span><\/strong><\/p>\n<p style=\"text-align: justify\">Es un portal de difusi\u00f3n de la producci\u00f3n cient\u00edfica hispana que inici\u00f3 su funcionamiento en el a\u00f1o 2001 especializado en ciencias humanas y sociales. Su base de base de datos, de acceso libre fue creada por la Universidad de La Rioja (Espa\u00f1a) y constituye una hemeroteca virtual que contiene los \u00edndices de las revistas cient\u00edficas y human\u00edsticas de Espa\u00f1a, Portugal y Latinoam\u00e9rica, incluyendo tambi\u00e9n libros (monograf\u00edas), tesis doctorales, homenajes y otros tipos de documentos. Muchos de los documentos est\u00e1n disponibles en l\u00ednea (texto completo).<\/p>\n<p style=\"text-align: justify\">Desde aqu\u00ed he encontrado el libro de Demetrio Ribes Marco.<\/p>\n<p style=\"text-align: justify\">\u00b7<strong><span style=\"text-decoration: underline\">Universidad de Alicante:<\/span><\/strong><\/p>\n<p style=\"text-align: justify\">Gracias a las publicaciones de esta p\u00e1gina, pude encontrar la informaci\u00f3n acera de en qu\u00e9 consist\u00eda el premio Demetrio Ribes Marco, ya que cuenta esta p\u00e1gina con una variedad de publicaciones interesantes y no solo es un lugar destinado a los estudiantes para acceder a su campus virtual.<\/p>\n<p style=\"text-align: justify\">\u00b7<strong><span style=\"text-decoration: underline\">Peri\u00f3dico el Pa\u00eds:<\/span><\/strong><\/p>\n<p style=\"text-align: justify\">Es un peri\u00f3dico espa\u00f1ol de pago, aunque se puede acceder gratuitamente al contenido del diario en internet. Redactado en castellano, algunas versiones comunitarias utilizan otros idiomas en algunos suplementos.<\/p>\n<p style=\"text-align: justify\">Me ha ayudado bastante gracias a sus publicaciones, la cual he consultado variedad de veces.<\/p>\n<p style=\"text-align: justify\"><strong><span style=\"text-decoration: underline\">\u00b7Revista de obras p\u00fablicas:<\/span><\/strong><\/p>\n<p style=\"text-align: justify\">La Revista de Obras P\u00fablicas, decana de la prensa espa\u00f1ola no diaria, fue fundada en 1853. Nacida en el seno de la Escuela de Ingenieros de Caminos de Madrid, su propio claustro de profesores se puso al frente de la publicaci\u00f3n, y en ella colaboraron ingenieros tan ilustres como Jos\u00e9 de Echegaray, Eduardo Saavedra y Pr\u00e1xedes Mateo Sagasta.<strong> <\/strong><\/p>\n<p style=\"text-align: justify\">Aqu\u00ed se encuentra variedad de informaci\u00f3n acerca de temas relacionados con Demetrio Ribes, es decir, obtener m\u00e1s informaci\u00f3n acerca de las t\u00e9cnicas que utilizaba y saber un poco de ellas.<\/p>\n<p style=\"text-align: justify\">\u00b7<strong><span style=\"text-decoration: underline\">Revista del ferrocarril:<\/span><\/strong><\/p>\n<p style=\"text-align: justify\">Es una revista t\u00e9cnica de car\u00e1cter divulgativo dirigida al sector ferroviario, que edita la Fundaci\u00f3n de los Ferrocarriles Espa\u00f1oles, en cuyo patronato se encuentran representadas las empresas p\u00fablicas del sector ferroviario. La revista se edita en dos versiones -impresa y digital- mensualmente en el primer caso y con renovaci\u00f3n diaria de contenidos en el segundo.<\/p>\n<p style=\"text-align: justify\">Aqu\u00ed al igual que en la revista de obras p\u00fablicas he obtenido m\u00e1s informaci\u00f3n.<\/p>\n<p style=\"text-align: justify\">\u00b7Estas son algunas de las fuentes consultadas entre otras. Por otro lado, he consultado una variedad extensa de fuentes, las cuales no he obtenido informaci\u00f3n acerca de este arquitecto famoso valenciano como son: youtube, RUA, BUA, Universidad de Valencia, Academia.edu, etc.<\/p>\n<p>&nbsp;<\/p>\n","protected":false},"excerpt":{"rendered":"<p>Las fuentes que he consultado para la realizaci\u00f3n del blog, son muy diversas: desde diferentes peri\u00f3dicos que se pueden consultar desde internet, hasta revistas, p\u00e1ginas web, etc. Posteriormente, nombro algunos recursos que me han sido \u00fatiles y una peque\u00f1a explicaci\u00f3n de estos. \u00b7Google: Desde aqu\u00ed he encontrado variedad de informaci\u00f3n, por ejemplo im\u00e1genes desde google [&hellip;]<\/p>\n","protected":false},"author":2902,"featured_media":0,"parent":0,"menu_order":0,"comment_status":"open","ping_status":"open","template":"","meta":{"footnotes":""},"class_list":["post-134","page","type-page","status-publish","hentry"],"_links":{"self":[{"href":"https:\/\/blogs.ua.es\/demetrioribes\/wp-json\/wp\/v2\/pages\/134","targetHints":{"allow":["GET"]}}],"collection":[{"href":"https:\/\/blogs.ua.es\/demetrioribes\/wp-json\/wp\/v2\/pages"}],"about":[{"href":"https:\/\/blogs.ua.es\/demetrioribes\/wp-json\/wp\/v2\/types\/page"}],"author":[{"embeddable":true,"href":"https:\/\/blogs.ua.es\/demetrioribes\/wp-json\/wp\/v2\/users\/2902"}],"replies":[{"embeddable":true,"href":"https:\/\/blogs.ua.es\/demetrioribes\/wp-json\/wp\/v2\/comments?post=134"}],"version-history":[{"count":4,"href":"https:\/\/blogs.ua.es\/demetrioribes\/wp-json\/wp\/v2\/pages\/134\/revisions"}],"predecessor-version":[{"id":136,"href":"https:\/\/blogs.ua.es\/demetrioribes\/wp-json\/wp\/v2\/pages\/134\/revisions\/136"}],"wp:attachment":[{"href":"https:\/\/blogs.ua.es\/demetrioribes\/wp-json\/wp\/v2\/media?parent=134"}],"curies":[{"name":"wp","href":"https:\/\/api.w.org\/{rel}","templated":true}]}}