{"id":138,"date":"2013-01-27T12:25:06","date_gmt":"2013-01-27T12:25:06","guid":{"rendered":"https:\/\/blogs.ua.es\/demetrioribes\/?page_id=138"},"modified":"2013-01-27T12:28:51","modified_gmt":"2013-01-27T12:28:51","slug":"valoracion-critica","status":"publish","type":"page","link":"https:\/\/blogs.ua.es\/demetrioribes\/valoracion-critica\/","title":{"rendered":"Valoraci\u00f3n"},"content":{"rendered":"<p style=\"text-align: justify\">Tengo que reconocer que no conoc\u00eda mucho acerca de este arquitecto valenciano, llamado <strong>Demetrio Ribes<\/strong>. Y gracias a la realizaci\u00f3n de este blog he podido conocer m\u00e1s acerca de \u00e9l. No he encontrado tanta informaci\u00f3n como me gustar\u00eda haber encontrado de \u00e9l. Y lo que he querido plasmar son conocimientos acerca de Demetrio Ribes y sobre todo sus obras m\u00e1s importantes, por si alguien est\u00e1 interesado en \u00e9l, poder aportar algo de conocimiento acerca de Demetrio Ribes Marco.<\/p>\n<p style=\"text-align: justify\">Como y he dicho anteriormente, no he encontrado tanta informaci\u00f3n como quer\u00eda haber encontrado, pero lo que hay que tener en cuenta es que fue un arquitecto muy famoso a principios del siglo XX. Adem\u00e1s ten\u00eda una amplia formaci\u00f3n, inici\u00f3 su formaci\u00f3n en Barcelona, en Ciencias F\u00edsico-Matem\u00e1ticas, traslad\u00e1ndose posteriormente a Madrid para estudiar Arquitectura. Es all\u00ed donde Ribes se impregna de todo el debate te\u00f3rico del momento sobre opciones y corrientes arquitect\u00f3nicas como el eclecticismo, modernismo, regionalismo o el racionalismo. Adem\u00e1s su inter\u00e9s por teor\u00edas del momento, desde las propuestas de Otto Wagner a las propiamente regionalistas de L. Rucabado, elaborando su propia versi\u00f3n que se adapta a las nuevas necesidades y usos de los materiales, hace que se pueda encontrar informaci\u00f3n acerca de esto, desarrollando lo que vendr\u00eda a ser sus intereses, que es lo que he intentado plasmar en este blog.<\/p>\n<p style=\"text-align: justify\">Tambi\u00e9n se dedic\u00f3 a la arquitectura de car\u00e1cter p\u00fablico y religioso, como la Casa de Correos y Tel\u00e9grafos de Castell\u00f3n, la Plaza de Toros de X\u00e0tiva o el Asilo de la Marquesa de San Joaqu\u00edn. Arquitectura civil y religiosa donde Ribes proyecta y desarrolla sus m\u00e1s variadas facetas y aptitudes, adaptadas a la necesaria funcionalidad requerida (eclecticismo, aplicaci\u00f3n de la decoraci\u00f3n en nuevos espacios, correcta distribuci\u00f3n espacial, uso del hormig\u00f3n armado&#8230;). Obras que explico en mi blog e incluso explico en qu\u00e9 consiste esta t\u00e9cnica de Demetrio Ribes, es decir, la utilizaci\u00f3n del hormig\u00f3n armado.<\/p>\n<p style=\"text-align: justify\">Lo que he intentado es plasmar en que se basaban las obras de Demetrio Ribes. Estoy satisfecha con que me haya tocado este tema, porque he conocido m\u00e1s acerca de en qu\u00e9 consist\u00eda la arquitectura en este \u00e9poca, adem\u00e1s de la ideolog\u00eda de Demetrio Ribes y en que se basaba para crear estas obras.<\/p>\n","protected":false},"excerpt":{"rendered":"<p>Tengo que reconocer que no conoc\u00eda mucho acerca de este arquitecto valenciano, llamado Demetrio Ribes. Y gracias a la realizaci\u00f3n de este blog he podido conocer m\u00e1s acerca de \u00e9l. No he encontrado tanta informaci\u00f3n como me gustar\u00eda haber encontrado de \u00e9l. Y lo que he querido plasmar son conocimientos acerca de Demetrio Ribes y [&hellip;]<\/p>\n","protected":false},"author":2902,"featured_media":0,"parent":0,"menu_order":0,"comment_status":"open","ping_status":"open","template":"","meta":{"footnotes":""},"class_list":["post-138","page","type-page","status-publish","hentry"],"_links":{"self":[{"href":"https:\/\/blogs.ua.es\/demetrioribes\/wp-json\/wp\/v2\/pages\/138","targetHints":{"allow":["GET"]}}],"collection":[{"href":"https:\/\/blogs.ua.es\/demetrioribes\/wp-json\/wp\/v2\/pages"}],"about":[{"href":"https:\/\/blogs.ua.es\/demetrioribes\/wp-json\/wp\/v2\/types\/page"}],"author":[{"embeddable":true,"href":"https:\/\/blogs.ua.es\/demetrioribes\/wp-json\/wp\/v2\/users\/2902"}],"replies":[{"embeddable":true,"href":"https:\/\/blogs.ua.es\/demetrioribes\/wp-json\/wp\/v2\/comments?post=138"}],"version-history":[{"count":5,"href":"https:\/\/blogs.ua.es\/demetrioribes\/wp-json\/wp\/v2\/pages\/138\/revisions"}],"predecessor-version":[{"id":146,"href":"https:\/\/blogs.ua.es\/demetrioribes\/wp-json\/wp\/v2\/pages\/138\/revisions\/146"}],"wp:attachment":[{"href":"https:\/\/blogs.ua.es\/demetrioribes\/wp-json\/wp\/v2\/media?parent=138"}],"curies":[{"name":"wp","href":"https:\/\/api.w.org\/{rel}","templated":true}]}}