{"id":25,"date":"2012-12-22T12:49:42","date_gmt":"2012-12-22T12:49:42","guid":{"rendered":"https:\/\/blogs.ua.es\/demetrioribes\/?page_id=25"},"modified":"2013-01-27T12:29:06","modified_gmt":"2013-01-27T12:29:06","slug":"explicacion-del-tema","status":"publish","type":"page","link":"https:\/\/blogs.ua.es\/demetrioribes\/explicacion-del-tema\/","title":{"rendered":"Explicaci\u00f3n del tema"},"content":{"rendered":"<p style=\"text-align: justify\">El tema que voy a desarrollar y del cual trata el blog son los aspectos importantes de la vida de <strong>Demetrio Ribes<\/strong> y sus influencias.\u00a0 Mi principal prop\u00f3sito es dar a conocer a este gran <strong>arquitecto espa\u00f1ol<\/strong>, el cual se form\u00f3 en Madrid\u00a0 que desaroll\u00f3 su principal obra en Valencia. Fue Licenciado y \u00a0doctor en Ciencias F\u00edsico-Matem\u00e1ticas.<\/p>\n<p style=\"text-align: justify\">Esta obra de la que se habla es la llamada \u00a0&#8220;<strong><em>Determinaci\u00f3n del el\u00e1stico de un cuerpo en equilibrio<\/em><\/strong>&#8220;,\u00a0 ecrita en 1902. Recibe influencias de las corrientes estil\u00edsticas del momento y se enmarca principalmente en el uso industrial. Fue nombrado arquitecto por la Compa\u00f1ia de los Caminos de Hierro del Norte de Espa\u00f1a en el a\u00f1o 1902, realizando proyectos ferroviarios tanto en Valencia como en otras ciudades.<\/p>\n<p style=\"text-align: justify\">Cabe destacar los edificios Gemelos en la estaci\u00f3n de Pr\u00edncipe P\u00edo de Madrid y la Estaci\u00f3n del Norte de Barcelona, siendo su obra m\u00e1s importante <strong>la Estaci\u00f3n del Norte de Valencia<\/strong> proyectada en 1906, la cual se considera perteneciente al movimiento secesionista influido por Otto Wagner.Proyect\u00f3 sus primeras obras civiles utilizando el hormig\u00f3n armado, para lo que funda la \u201cCompa\u00f1\u00eda Espa\u00f1ola de Construcciones\u201d, siendo el iniciador del empleo de este material en la Comunidad Valenciana con la realizaci\u00f3n de los Docks comerciales del Puerto de Valencia.<\/p>\n<p style=\"text-align: justify\">Entre sus obras cabe destacar as\u00ed mismo: Plaza de Toros de J\u00e1tiva, Oficina de Correos de Castell\u00f3n Asilo de la Marquesa de San Joaqu\u00edn, Diversos edificios de viviendas en la ciudad de Valencia, Casa Ribes Y Casa L\u00e1zaro.<\/p>\n<p style=\"text-align: justify\"><img loading=\"lazy\" decoding=\"async\" src=\"http:\/\/www.museodeltransporte.com\/archivos\/catedra\/med_demetrio_retrato_2.jpg\" alt=\"\" width=\"218\" height=\"231\" \/><\/p>\n","protected":false},"excerpt":{"rendered":"<p>El tema que voy a desarrollar y del cual trata el blog son los aspectos importantes de la vida de Demetrio Ribes y sus influencias.\u00a0 Mi principal prop\u00f3sito es dar a conocer a este gran arquitecto espa\u00f1ol, el cual se form\u00f3 en Madrid\u00a0 que desaroll\u00f3 su principal obra en Valencia. Fue Licenciado y \u00a0doctor en [&hellip;]<\/p>\n","protected":false},"author":2902,"featured_media":0,"parent":0,"menu_order":0,"comment_status":"open","ping_status":"open","template":"","meta":{"footnotes":""},"class_list":["post-25","page","type-page","status-publish","hentry"],"_links":{"self":[{"href":"https:\/\/blogs.ua.es\/demetrioribes\/wp-json\/wp\/v2\/pages\/25","targetHints":{"allow":["GET"]}}],"collection":[{"href":"https:\/\/blogs.ua.es\/demetrioribes\/wp-json\/wp\/v2\/pages"}],"about":[{"href":"https:\/\/blogs.ua.es\/demetrioribes\/wp-json\/wp\/v2\/types\/page"}],"author":[{"embeddable":true,"href":"https:\/\/blogs.ua.es\/demetrioribes\/wp-json\/wp\/v2\/users\/2902"}],"replies":[{"embeddable":true,"href":"https:\/\/blogs.ua.es\/demetrioribes\/wp-json\/wp\/v2\/comments?post=25"}],"version-history":[{"count":5,"href":"https:\/\/blogs.ua.es\/demetrioribes\/wp-json\/wp\/v2\/pages\/25\/revisions"}],"predecessor-version":[{"id":147,"href":"https:\/\/blogs.ua.es\/demetrioribes\/wp-json\/wp\/v2\/pages\/25\/revisions\/147"}],"wp:attachment":[{"href":"https:\/\/blogs.ua.es\/demetrioribes\/wp-json\/wp\/v2\/media?parent=25"}],"curies":[{"name":"wp","href":"https:\/\/api.w.org\/{rel}","templated":true}]}}