{"id":9,"date":"2012-12-07T15:26:43","date_gmt":"2012-12-07T15:26:43","guid":{"rendered":"https:\/\/blogs.ua.es\/demetrioribes\/?page_id=9"},"modified":"2013-01-03T19:40:21","modified_gmt":"2013-01-03T19:40:21","slug":"presentacion","status":"publish","type":"page","link":"https:\/\/blogs.ua.es\/demetrioribes\/presentacion\/","title":{"rendered":"Presentaci\u00f3n"},"content":{"rendered":"<p style=\"text-align: justify\">Soy <strong>Marta Gonz\u00e1lez Puertas<\/strong>, de la universidad de Alicante, soy estudiante de primero de geograf\u00eda y ordenaci\u00f3n del territorio. Estoy realizando un blog de la asignatura Fuentes y Documentos para la historia. Y este blog trata sobre el famoso Demetrio Ribes que naci\u00f3 en Valencia en 1875 y fue uno de los arquitectos m\u00e1s relevantes de principios del siglo XX. Inici\u00f3 su formaci\u00f3n en Barcelona, en Ciencias F\u00edsico-Matem\u00e1ticas, traslad\u00e1ndose posteriormente a Madrid para estudiar Arquitectura.<\/p>\n<p style=\"text-align: justify\">Escog\u00ed este tema ya que es un hombre bastante memorable y veo necesario dar a conocer c\u00f3mo era su vida, sus obras m\u00e1s importantes, sus influencias, entre otras cosas.<\/p>\n<p>&nbsp;<\/p>\n<p><a href=\"https:\/\/blogs.ua.es\/demetrioribes\/files\/2012\/12\/logo-ua.png\"><img loading=\"lazy\" decoding=\"async\" class=\"alignleft  wp-image-12\" src=\"https:\/\/blogs.ua.es\/demetrioribes\/files\/2012\/12\/logo-ua.png\" alt=\"Universidad de Alicante\" width=\"381\" height=\"63\" \/><\/a><\/p>\n<p>&nbsp;<\/p>\n<p>&nbsp;<\/p>\n<p>&nbsp;<\/p>\n<p><img loading=\"lazy\" decoding=\"async\" src=\"http:\/\/image2.findagrave.com\/photos250\/photos\/2006\/120\/14136852_114649882733.jpg\" alt=\"\" width=\"250\" height=\"229\" \/><\/p>\n","protected":false},"excerpt":{"rendered":"<p>Soy Marta Gonz\u00e1lez Puertas, de la universidad de Alicante, soy estudiante de primero de geograf\u00eda y ordenaci\u00f3n del territorio. Estoy realizando un blog de la asignatura Fuentes y Documentos para la historia. Y este blog trata sobre el famoso Demetrio Ribes que naci\u00f3 en Valencia en 1875 y fue uno de los arquitectos m\u00e1s relevantes [&hellip;]<\/p>\n","protected":false},"author":2902,"featured_media":0,"parent":0,"menu_order":0,"comment_status":"open","ping_status":"open","template":"","meta":{"footnotes":""},"class_list":["post-9","page","type-page","status-publish","hentry"],"_links":{"self":[{"href":"https:\/\/blogs.ua.es\/demetrioribes\/wp-json\/wp\/v2\/pages\/9","targetHints":{"allow":["GET"]}}],"collection":[{"href":"https:\/\/blogs.ua.es\/demetrioribes\/wp-json\/wp\/v2\/pages"}],"about":[{"href":"https:\/\/blogs.ua.es\/demetrioribes\/wp-json\/wp\/v2\/types\/page"}],"author":[{"embeddable":true,"href":"https:\/\/blogs.ua.es\/demetrioribes\/wp-json\/wp\/v2\/users\/2902"}],"replies":[{"embeddable":true,"href":"https:\/\/blogs.ua.es\/demetrioribes\/wp-json\/wp\/v2\/comments?post=9"}],"version-history":[{"count":6,"href":"https:\/\/blogs.ua.es\/demetrioribes\/wp-json\/wp\/v2\/pages\/9\/revisions"}],"predecessor-version":[{"id":42,"href":"https:\/\/blogs.ua.es\/demetrioribes\/wp-json\/wp\/v2\/pages\/9\/revisions\/42"}],"wp:attachment":[{"href":"https:\/\/blogs.ua.es\/demetrioribes\/wp-json\/wp\/v2\/media?parent=9"}],"curies":[{"name":"wp","href":"https:\/\/api.w.org\/{rel}","templated":true}]}}