{"id":10,"date":"2014-05-26T17:01:17","date_gmt":"2014-05-26T17:01:17","guid":{"rendered":"https:\/\/blogs.ua.es\/denia19391940\/?page_id=10"},"modified":"2014-05-26T17:06:36","modified_gmt":"2014-05-26T17:06:36","slug":"metodologia","status":"publish","type":"page","link":"https:\/\/blogs.ua.es\/denia19391940\/metodologia\/","title":{"rendered":"Metodolog\u00eda"},"content":{"rendered":"<p style=\"text-align: justify\">Hemos tenido dos experiencias completamente diferentes a la hora de recopilar la informaci\u00f3n de las actas, ya que nos dispon\u00edan de dichos documentos digitalizados, ni permit\u00edan hacer fotograf\u00edas (aunque fuera sin flash):<\/p>\n<p style=\"text-align: justify\">Las del a\u00f1o 1939 nos fue fotocopiada y dada sin ning\u00fan problema, mediante el pago de tasas pertinentes. Para ello nos desplazamos hasta la localidad de Denia y hablamos con los archiveros. Al decir que resid\u00edamos en Alicante, nos la cedieron en el momento.<\/p>\n<p style=\"text-align: justify\">En cambio, del a\u00f1o 1940, cuando nos dispusimos a recoger la informaci\u00f3n, siguiendo el tr\u00e1mite realizado con el a\u00f1o anterior, s\u00f3lo pudimos obtener las actas de 4 de enero, hasta \u00a0el 22 de mayo. Esto se debe a que no nos permitieron, en este caso, fotocopiar los documentos, ya que eran demasiadas p\u00e1ginas, por lo que ten\u00edamos que desplazarnos all\u00ed, cada vez que quer\u00edamos consultarlas. Debido a la lejan\u00eda y a lo dicho con anterioridad, no pudimos recoger la gran cantidad de los vol\u00famenes.<\/p>\n","protected":false},"excerpt":{"rendered":"<p>Hemos tenido dos experiencias completamente diferentes a la hora de recopilar la informaci\u00f3n de las actas, ya que nos dispon\u00edan de dichos documentos digitalizados, ni permit\u00edan hacer fotograf\u00edas (aunque fuera sin flash): Las del a\u00f1o 1939 nos fue fotocopiada y dada sin ning\u00fan problema, mediante el pago de tasas pertinentes. Para ello nos desplazamos hasta [&hellip;]<\/p>\n","protected":false},"author":2906,"featured_media":0,"parent":0,"menu_order":3,"comment_status":"open","ping_status":"open","template":"","meta":{"footnotes":""},"class_list":["post-10","page","type-page","status-publish","hentry"],"_links":{"self":[{"href":"https:\/\/blogs.ua.es\/denia19391940\/wp-json\/wp\/v2\/pages\/10","targetHints":{"allow":["GET"]}}],"collection":[{"href":"https:\/\/blogs.ua.es\/denia19391940\/wp-json\/wp\/v2\/pages"}],"about":[{"href":"https:\/\/blogs.ua.es\/denia19391940\/wp-json\/wp\/v2\/types\/page"}],"author":[{"embeddable":true,"href":"https:\/\/blogs.ua.es\/denia19391940\/wp-json\/wp\/v2\/users\/2906"}],"replies":[{"embeddable":true,"href":"https:\/\/blogs.ua.es\/denia19391940\/wp-json\/wp\/v2\/comments?post=10"}],"version-history":[{"count":1,"href":"https:\/\/blogs.ua.es\/denia19391940\/wp-json\/wp\/v2\/pages\/10\/revisions"}],"predecessor-version":[{"id":11,"href":"https:\/\/blogs.ua.es\/denia19391940\/wp-json\/wp\/v2\/pages\/10\/revisions\/11"}],"wp:attachment":[{"href":"https:\/\/blogs.ua.es\/denia19391940\/wp-json\/wp\/v2\/media?parent=10"}],"curies":[{"name":"wp","href":"https:\/\/api.w.org\/{rel}","templated":true}]}}