{"id":7,"date":"2014-05-26T16:44:13","date_gmt":"2014-05-26T16:44:13","guid":{"rendered":"https:\/\/blogs.ua.es\/denia19391940\/?page_id=7"},"modified":"2014-05-26T17:06:15","modified_gmt":"2014-05-26T17:06:15","slug":"localidad","status":"publish","type":"page","link":"https:\/\/blogs.ua.es\/denia19391940\/localidad\/","title":{"rendered":"Historia"},"content":{"rendered":"<p style=\"text-align: justify\">Los antecendentes de la ciudad de Denia propiamente dicha proceden de la fundaci\u00f3n de una colonia griega de nombre Hemeroskopeion, aunque en \u00e9poca anterior a la romana hubo asentamientos \u00edberos en la zona del Montg\u00f3.<br \/>\nEl n\u00facleo de poblaci\u00f3n estable data del siglo III a. de C. Cuando Dianum\u00a0fue fundada por los romanos. En esta \u00e9poca Denia y adquiri\u00f3 importancia \u00a0por su puerto, que exportaba grandes cantidades de producci\u00f3n.<br \/>\nAlrededor del a\u00f1o 713 los musulmanes ocupan el lugar, y en ese per\u00edodo la ciudad adquiere gran esplendor, sobre todo en el \u00e1mbito cultural. En 1244, \u00a0con el reinado de Jaume I, D\u00e9nia fue conquistada por los cristianos por \u00a0Pere Eixiem Carr\u00f2s.<br \/>\nDurante el siglo XV, D\u00e9nia pasa a ser marquesado de Sandoval y Rojas.\u00a0Por mandato de Felipe III, el antiguo marquesado alcanza el t\u00edtulo de ciudad, en el a\u00f1o 1612.<br \/>\nEn la guerra de Sucesi\u00f3n y en el a\u00f1o 1705, D\u00e9nia es la primera ciudad que\u00a0declara como rey al archiduque Carlos de la casa de Austria, pretendiente al\u00a0trono. Los efectos de esta guerra fueron catastr\u00f3ficos para la econom\u00eda y\u00a0para la poblaci\u00f3n del municipio.<\/p>\n<p style=\"text-align: justify\">A lo largo del siglo XVIII y XIX, Denia se recupera de las devastadoras \u00a0consecuencias de la guerra de Sucesi\u00f3n. El monocultivo de la uva produjo gran desarrollo econ\u00f3mico en la ciudad, lo que determina la construcci\u00f3n\u00a0de grandes infraestructuras de comunicaciones a trav\u00e9s del ferrocarril, el\u00a0tel\u00e9grafo y el gas. Ya en pleno siglo XX, la ciudad experimenta el\u00a0fen\u00f3meno tur\u00edstico, que conlleva un acusado desarrollo del sector servicios\u00a0y el turismo pasa a ser la principal fuente econ\u00f3mica de Denia.<\/p>\n<p style=\"text-align: justify\"><em>Denia: actividades e historia<\/em>\u00a0[en l\u00ednea. Consulta 26\/05\/2014] Disponible en:\u00a0www.mercatdedenia.es<\/p>\n<p style=\"text-align: justify\">M\u00e1s informaci\u00f3n en:<\/p>\n<p style=\"text-align: justify\">&#8211;\u00a0http:\/\/historiadenia.wordpress.com\/<\/p>\n<p style=\"text-align: justify\">&#8211;\u00a0http:\/\/www.denia.com\/tag\/historia-de-denia\/<\/p>\n","protected":false},"excerpt":{"rendered":"<p>Los antecendentes de la ciudad de Denia propiamente dicha proceden de la fundaci\u00f3n de una colonia griega de nombre Hemeroskopeion, aunque en \u00e9poca anterior a la romana hubo asentamientos \u00edberos en la zona del Montg\u00f3. El n\u00facleo de poblaci\u00f3n estable data del siglo III a. de C. Cuando Dianum\u00a0fue fundada por los romanos. En esta [&hellip;]<\/p>\n","protected":false},"author":2906,"featured_media":0,"parent":0,"menu_order":2,"comment_status":"open","ping_status":"open","template":"","meta":{"footnotes":""},"class_list":["post-7","page","type-page","status-publish","hentry"],"_links":{"self":[{"href":"https:\/\/blogs.ua.es\/denia19391940\/wp-json\/wp\/v2\/pages\/7","targetHints":{"allow":["GET"]}}],"collection":[{"href":"https:\/\/blogs.ua.es\/denia19391940\/wp-json\/wp\/v2\/pages"}],"about":[{"href":"https:\/\/blogs.ua.es\/denia19391940\/wp-json\/wp\/v2\/types\/page"}],"author":[{"embeddable":true,"href":"https:\/\/blogs.ua.es\/denia19391940\/wp-json\/wp\/v2\/users\/2906"}],"replies":[{"embeddable":true,"href":"https:\/\/blogs.ua.es\/denia19391940\/wp-json\/wp\/v2\/comments?post=7"}],"version-history":[{"count":2,"href":"https:\/\/blogs.ua.es\/denia19391940\/wp-json\/wp\/v2\/pages\/7\/revisions"}],"predecessor-version":[{"id":31,"href":"https:\/\/blogs.ua.es\/denia19391940\/wp-json\/wp\/v2\/pages\/7\/revisions\/31"}],"wp:attachment":[{"href":"https:\/\/blogs.ua.es\/denia19391940\/wp-json\/wp\/v2\/media?parent=7"}],"curies":[{"name":"wp","href":"https:\/\/api.w.org\/{rel}","templated":true}]}}