{"id":30,"date":"2008-11-05T19:49:26","date_gmt":"2008-11-05T17:49:26","guid":{"rendered":"https:\/\/blogs.ua.es\/descubridores\/?page_id=30"},"modified":"2008-12-30T06:26:48","modified_gmt":"2008-12-30T04:26:48","slug":"colon","status":"publish","type":"page","link":"https:\/\/blogs.ua.es\/descubridores\/colon\/","title":{"rendered":"Colon"},"content":{"rendered":"<p>Pese a que este blog va a hacer referencia a descubridores y exploradores del nuevo mundo a partir de <a href=\"https:\/\/blogs.ua.es\/descubridores\/files\/2008\/12\/o_colon_toma_posesion1.jpg\"><img loading=\"lazy\" decoding=\"async\" class=\"size-medium wp-image-103 alignleft\" src=\"https:\/\/blogs.ua.es\/descubridores\/files\/2008\/12\/o_colon_toma_posesion1-300x226.jpg\" alt=\"\" width=\"253\" height=\"190\" \/><\/a>Cristobal Col\u00f3n, es imprecindible hacer una peque\u00f1a referencia a este personaje tan enigm\u00e1tico para situarnos cronol\u00f3gicamente y para describir\u00a0 viajes posteriores a los suyos.<\/p>\n<p>&#8211; Primer viaje: Salida de Palos de la Frontera ( Huelva ) el 3 de Agosto y llegada el viernes 12 de octubre de 1492\u00a0 a una isla del mar Caribe llamada Guanahani.<\/p>\n<p>Despu\u00e9s llegaron a la isla de Cuba<a title=\"Cuba\" href=\"https:\/\/blogs.ua.es\/wiki\/Cuba\"><\/a>, a la que llamaron Juana, y posteriormente a La Espa\u00f1ola<a title=\"La Espa\u00f1ola\" href=\"https:\/\/blogs.ua.es\/wiki\/La_Espa%C3%B1ola\"><\/a>.<\/p>\n<p>&#8211; Segundo viaje: Salida de C\u00e1diz el 24 de Septiembre de 1493 y\u00a0llegada a\u00a0La Deseada el 3 de Noviembre; despu\u00e9s descubri\u00f3 Puerto Rico y continu\u00f3 su viaje\u00a0hasta\u00a0Santiago (Jamaica<a title=\"Jamaica\" href=\"https:\/\/blogs.ua.es\/wiki\/Jamaica\"><\/a>).<\/p>\n<p>&#8211; Tercer viaje: Salida de Sanlucar de Barrameda el 30 de Mayo de 1498 y llegada a la isla de Trinidad los \u00faltimos d\u00edas de Julio. M\u00e1s adelante en agosto arriba a la desembocadura del r\u00edo Orinoco. Tambi\u00e9n visita las tres islas que hoy en d\u00eda forman el estado de Nueva Esparta<\/p>\n<p>&#8211; Cuarto viaje: Salida del puerto de C\u00e1diz el 11 de Mayo y descubri\u00f3 la isla de Guanaja en la costa de Honduras y bautiz\u00f3 el Cabo Gracias a Dios en la actual Nicaragua<\/p>\n<p><a href=\"https:\/\/blogs.ua.es\/descubridores\/files\/2008\/12\/ruta.png\"><img loading=\"lazy\" decoding=\"async\" class=\"alignright size-medium wp-image-105\" src=\"https:\/\/blogs.ua.es\/descubridores\/files\/2008\/12\/ruta-248x300.png\" alt=\"\" width=\"248\" height=\"300\" \/><\/a><\/p>\n","protected":false},"excerpt":{"rendered":"<p>Pese a que este blog va a hacer referencia a descubridores y exploradores del nuevo mundo a partir de Cristobal Col\u00f3n, es imprecindible hacer una peque\u00f1a referencia a este personaje tan enigm\u00e1tico para situarnos cronol\u00f3gicamente y para describir\u00a0 viajes posteriores a los suyos. &#8211; Primer viaje: Salida de Palos de la Frontera ( Huelva ) [&hellip;]<\/p>\n","protected":false},"author":892,"featured_media":0,"parent":0,"menu_order":0,"comment_status":"open","ping_status":"open","template":"","meta":{"footnotes":""},"class_list":["post-30","page","type-page","status-publish","hentry"],"_links":{"self":[{"href":"https:\/\/blogs.ua.es\/descubridores\/wp-json\/wp\/v2\/pages\/30","targetHints":{"allow":["GET"]}}],"collection":[{"href":"https:\/\/blogs.ua.es\/descubridores\/wp-json\/wp\/v2\/pages"}],"about":[{"href":"https:\/\/blogs.ua.es\/descubridores\/wp-json\/wp\/v2\/types\/page"}],"author":[{"embeddable":true,"href":"https:\/\/blogs.ua.es\/descubridores\/wp-json\/wp\/v2\/users\/892"}],"replies":[{"embeddable":true,"href":"https:\/\/blogs.ua.es\/descubridores\/wp-json\/wp\/v2\/comments?post=30"}],"version-history":[{"count":6,"href":"https:\/\/blogs.ua.es\/descubridores\/wp-json\/wp\/v2\/pages\/30\/revisions"}],"predecessor-version":[{"id":102,"href":"https:\/\/blogs.ua.es\/descubridores\/wp-json\/wp\/v2\/pages\/30\/revisions\/102"}],"wp:attachment":[{"href":"https:\/\/blogs.ua.es\/descubridores\/wp-json\/wp\/v2\/media?parent=30"}],"curies":[{"name":"wp","href":"https:\/\/api.w.org\/{rel}","templated":true}]}}