{"id":33,"date":"2008-11-12T18:24:50","date_gmt":"2008-11-12T16:24:50","guid":{"rendered":"https:\/\/blogs.ua.es\/descubridores\/?page_id=33"},"modified":"2009-01-12T20:59:12","modified_gmt":"2009-01-12T18:59:12","slug":"americo-vespucio","status":"publish","type":"page","link":"https:\/\/blogs.ua.es\/descubridores\/americo-vespucio\/","title":{"rendered":"Americo Vespucio"},"content":{"rendered":"<p><a href=\"https:\/\/blogs.ua.es\/descubridores\/files\/2009\/01\/437px-amerigo_vespucci1.jpg\"><img loading=\"lazy\" decoding=\"async\" class=\"alignnone size-medium wp-image-114\" src=\"https:\/\/blogs.ua.es\/descubridores\/files\/2009\/01\/437px-amerigo_vespucci1-218x300.jpg\" alt=\"\" width=\"218\" height=\"300\" \/><\/a><\/p>\n<p>Americo Vespucio fue un navegante italiano, su importancia en la historia de los descubridores es b\u00e1sica, ya que se le considera el primero en darse cuenta que las nuevas tierras descubiertas eran un nuevo continente.<\/p>\n<p>Lleg\u00f3 a Castilla en 1492 como agente de los Medici, particip\u00f3 en los preparativos de Col\u00f3n y poco a poco se convirti\u00f3 en un erudito en estudios na\u00faticos y cosmolog\u00eda.<\/p>\n<p>Escribi\u00f3 cinco cartas de sus viajes a las Indias,explicando que los territorios descubiertos eran un nuevo continente.<a href=\"https:\/\/blogs.ua.es\/descubridores\/files\/2009\/01\/437px-amerigo_vespucci.jpg\"><\/a><\/p>\n","protected":false},"excerpt":{"rendered":"<p>Americo Vespucio fue un navegante italiano, su importancia en la historia de los descubridores es b\u00e1sica, ya que se le considera el primero en darse cuenta que las nuevas tierras descubiertas eran un nuevo continente. Lleg\u00f3 a Castilla en 1492 como agente de los Medici, particip\u00f3 en los preparativos de Col\u00f3n y poco a poco [&hellip;]<\/p>\n","protected":false},"author":892,"featured_media":0,"parent":0,"menu_order":0,"comment_status":"open","ping_status":"open","template":"","meta":{"footnotes":""},"class_list":["post-33","page","type-page","status-publish","hentry"],"_links":{"self":[{"href":"https:\/\/blogs.ua.es\/descubridores\/wp-json\/wp\/v2\/pages\/33","targetHints":{"allow":["GET"]}}],"collection":[{"href":"https:\/\/blogs.ua.es\/descubridores\/wp-json\/wp\/v2\/pages"}],"about":[{"href":"https:\/\/blogs.ua.es\/descubridores\/wp-json\/wp\/v2\/types\/page"}],"author":[{"embeddable":true,"href":"https:\/\/blogs.ua.es\/descubridores\/wp-json\/wp\/v2\/users\/892"}],"replies":[{"embeddable":true,"href":"https:\/\/blogs.ua.es\/descubridores\/wp-json\/wp\/v2\/comments?post=33"}],"version-history":[{"count":3,"href":"https:\/\/blogs.ua.es\/descubridores\/wp-json\/wp\/v2\/pages\/33\/revisions"}],"predecessor-version":[{"id":35,"href":"https:\/\/blogs.ua.es\/descubridores\/wp-json\/wp\/v2\/pages\/33\/revisions\/35"}],"wp:attachment":[{"href":"https:\/\/blogs.ua.es\/descubridores\/wp-json\/wp\/v2\/media?parent=33"}],"curies":[{"name":"wp","href":"https:\/\/api.w.org\/{rel}","templated":true}]}}