{"id":36,"date":"2008-11-12T18:32:59","date_gmt":"2008-11-12T16:32:59","guid":{"rendered":"https:\/\/blogs.ua.es\/descubridores\/?page_id=36"},"modified":"2009-01-12T21:47:31","modified_gmt":"2009-01-12T19:47:31","slug":"viajes-menores-o-andaluces","status":"publish","type":"page","link":"https:\/\/blogs.ua.es\/descubridores\/viajes-menores-o-andaluces\/","title":{"rendered":"Viajes menores o andaluces"},"content":{"rendered":"<p class=\"MsoNormal\" style=\"margin: 0cm 0cm 0pt\"><strong><span style=\"text-decoration: underline\"><span lang=\"ES\"><span style=\"font-size: small\"><span style=\"font-family: Times New Roman\">Viajes menores o andaluces.<\/span><\/span><\/span><\/span><\/strong><\/p>\n<p class=\"MsoNormal\" style=\"margin: 0cm 0cm 0pt\"><span lang=\"ES\"><span style=\"font-size: small\"><span style=\"font-family: Times New Roman\">Se definen como los viajes que tuvieron lugar entre 1499 y 1500. Sus protagonistas fueron <span style=\"color: #000000\">Alonso de Ojeda, Vicente Y\u00e1\u00f1ez Pinz\u00f3n, Diego de Lepe y Crist\u00f3bal Guerra. Aqu\u00ed podemos observar una peque\u00f1a descripci\u00f3n de sus traves\u00edas.<\/span><\/span><\/span><\/span><\/p>\n<p class=\"MsoNormal\" style=\"margin: 0cm 0cm 0pt\"><span lang=\"ES\"><span style=\"font-size: small;font-family: Times New Roman\">\u00a0<\/span><\/span><\/p>\n<p class=\"MsoNormal\" style=\"margin: 0cm 0cm 0pt\"><span style=\"text-decoration: underline\"><span lang=\"ES\"><span style=\"font-size: small\"><span style=\"font-family: Times New Roman\">El viaje de Alonso de Ojeda<\/span><\/span><\/span><\/span><\/p>\n<p class=\"MsoNormal\" style=\"margin: 0cm 0cm 0pt\"><span lang=\"ES\"><span style=\"font-size: small;font-family: Times New Roman\">La primera expedici\u00f3n de Alonso de Ojeda, en asociaci\u00f3n con <\/span><a href=\"http:\/\/www.americas-fr.com\/es\/historia\/juan-de-la-cosa.html\"><span style=\"font-size: 9pt;font-family: Arial\">Juan de la Cosa<\/span><\/a><span style=\"font-size: small;font-family: Times New Roman\"> y <\/span><a title=\"Am\u00e9rico Vespucio\" href=\"http:\/\/www.americas-fr.com\/es\/historia\/vespucio.html\"><span style=\"font-size: 9pt;font-family: Arial\">Am\u00e9rico Vespucio<\/span><\/a><span style=\"font-size: small;font-family: Times New Roman\">, parte del Puerto de Santa Mar\u00eda el 18 de mayo de 1499, pasando por Cabo Verde..<\/span><\/span><\/p>\n<p class=\"MsoNormal\" style=\"margin: 0cm 0cm 0pt\">\u00a0<\/p>\n<p class=\"MsoNormal\" style=\"margin: 0cm 0cm 0pt\"><span lang=\"ES\"><span style=\"font-size: small;font-family: Times New Roman\">\u00a0<\/span><\/span><\/p>\n<p class=\"MsoNormal\" style=\"margin: 0cm 0cm 0pt\">\u00a0<\/p>\n<p class=\"MsoNormal\" style=\"margin: 0cm 0cm 0pt\"><span lang=\"ES\"><a href=\"http:\/\/upload.wikimedia.org\/wikipedia\/commons\/1\/10\/Viajes_de_Alonso_de_Ojeda.PNG\"><\/a><\/span><\/p>\n<p class=\"MsoNormal\" style=\"margin: 0cm 0cm 0pt\"><span style=\"text-decoration: underline\"><span lang=\"ES\"><span style=\"font-size: small\"><span style=\"font-family: Times New Roman\">Vicente Ya\u00f1ez Pinz\u00f3n<\/span><\/span><\/span><\/span><\/p>\n<p class=\"MsoNormal\" style=\"margin: 0cm 0cm 0pt\"><span lang=\"ES\"><span style=\"font-size: small;font-family: Times New Roman\">Descubri\u00f3 las costas de <\/span><a title=\"Brasil\" href=\"http:\/\/es.wikipedia.org\/wiki\/Brasil\"><span style=\"font-size: 9pt;font-family: Arial\">Brasil<\/span><\/a><span style=\"font-size: small;font-family: Times New Roman\"> en enero de 1500, tres meses antes de la llegada de <\/span><a title=\"Pedro \u00c1lvares Cabral\" href=\"http:\/\/es.wikipedia.org\/wiki\/Pedro_%C3%81lvares_Cabral\"><span style=\"font-size: 9pt;font-family: Arial\">Pedro \u00c1lvares Cabral<\/span><\/a><span style=\"font-size: small;font-family: Times New Roman\"> a quien se considera hist\u00f3ricamente el descubridor de Brasil<\/span><\/span><\/p>\n<p class=\"MsoNormal\" style=\"margin: 0cm 0cm 0pt\"><span style=\"text-decoration: underline\"><\/span><\/p>\n<p class=\"MsoNormal\" style=\"margin: 0cm 0cm 0pt\"><span style=\"text-decoration: underline\"><\/span><\/p>\n<p class=\"MsoNormal\" style=\"margin: 0cm 0cm 0pt\"><span style=\"text-decoration: underline\"><span lang=\"ES\"><\/span><\/span><\/p>\n<p class=\"MsoNormal\" style=\"margin: 0cm 0cm 0pt\"><span style=\"text-decoration: underline\"><span lang=\"ES\"><span style=\"font-size: small\"><\/span><\/span><\/span><\/p>\n<p class=\"MsoNormal\" style=\"margin: 0cm 0cm 0pt\"><span style=\"text-decoration: underline\"><span lang=\"ES\"><span style=\"font-size: small\"><\/span><\/span><\/span><\/p>\n<p class=\"MsoNormal\" style=\"margin: 0cm 0cm 0pt\"><span style=\"text-decoration: underline\"><span lang=\"ES\"><span style=\"font-size: small\"><span style=\"font-family: Times New Roman\">Diego de Lepe<\/span><\/span><\/span><\/span><\/p>\n<p class=\"MsoNormal\" style=\"margin: 0cm 0cm 0pt\"><span lang=\"ES\"><span style=\"font-size: small;font-family: Times New Roman\">En 1500 sigue la ruta de <a title=\"Vicente Y\u00e1\u00f1ez Pinz\u00f3n\" href=\"https:\/\/blogs.ua.es\/wiki\/Vicente_Y%C3%A1%C3%B1ez_Pinz%C3%B3n\">Vicente Y\u00e1\u00f1ez Pinz\u00f3n<\/a>, y lleg\u00f3 m\u00e1s al sur de lo que sus antecesores hab\u00edan logrado.<\/span><\/span><\/p>\n<p class=\"MsoNormal\" style=\"margin: 0cm 0cm 0pt\"><span style=\"text-decoration: underline\"><\/span><\/p>\n<p class=\"MsoNormal\" style=\"margin: 0cm 0cm 0pt\"><span style=\"text-decoration: underline\"><\/span><\/p>\n<p class=\"MsoNormal\" style=\"margin: 0cm 0cm 0pt\"><span style=\"text-decoration: underline\"><\/span><\/p>\n<p class=\"MsoNormal\" style=\"margin: 0cm 0cm 0pt\"><span lang=\"ES\"><span style=\"font-size: small\"><span style=\"font-family: Times New Roman\"><\/span><\/span><\/span><\/p>\n<p class=\"MsoNormal\" style=\"margin: 0cm 0cm 0pt\"><span lang=\"ES\"><span style=\"font-size: small\"><span style=\"font-family: Times New Roman\"><\/span><\/span><\/span><\/p>\n<p class=\"MsoNormal\" style=\"margin: 0cm 0cm 0pt\"><span lang=\"ES\"><span style=\"font-size: small\"><span style=\"font-family: Times New Roman\"><span style=\"text-decoration: underline\">Crist\u00f3bal Guerra <\/span><\/span><\/span><\/span><\/p>\n<p class=\"MsoNormal\" style=\"margin: 0cm 0cm 0pt\"><span lang=\"ES\">Realiz\u00f3 tres viajes a Am\u00e9rica con su hermano Juan. En el primero, en la expedici\u00f3n de Pedro Alonso Ni\u00f1o (1499-1500), arrib\u00f3 a la islas Margarita y a la costa de las Perlas, donde regres\u00f3 en 1500-1501<\/span><\/p>\n<p class=\"MsoNormal\" style=\"margin: 0cm 0cm 0pt\"><span style=\"text-decoration: underline\"><\/span><\/p>\n<p><span style=\"text-decoration: underline\"><\/span><\/p>\n","protected":false},"excerpt":{"rendered":"<p>Viajes menores o andaluces. Se definen como los viajes que tuvieron lugar entre 1499 y 1500. Sus protagonistas fueron Alonso de Ojeda, Vicente Y\u00e1\u00f1ez Pinz\u00f3n, Diego de Lepe y Crist\u00f3bal Guerra. Aqu\u00ed podemos observar una peque\u00f1a descripci\u00f3n de sus traves\u00edas. \u00a0 El viaje de Alonso de Ojeda La primera expedici\u00f3n de Alonso de Ojeda, en [&hellip;]<\/p>\n","protected":false},"author":892,"featured_media":0,"parent":0,"menu_order":0,"comment_status":"open","ping_status":"open","template":"","meta":{"footnotes":""},"class_list":["post-36","page","type-page","status-publish","hentry"],"_links":{"self":[{"href":"https:\/\/blogs.ua.es\/descubridores\/wp-json\/wp\/v2\/pages\/36","targetHints":{"allow":["GET"]}}],"collection":[{"href":"https:\/\/blogs.ua.es\/descubridores\/wp-json\/wp\/v2\/pages"}],"about":[{"href":"https:\/\/blogs.ua.es\/descubridores\/wp-json\/wp\/v2\/types\/page"}],"author":[{"embeddable":true,"href":"https:\/\/blogs.ua.es\/descubridores\/wp-json\/wp\/v2\/users\/892"}],"replies":[{"embeddable":true,"href":"https:\/\/blogs.ua.es\/descubridores\/wp-json\/wp\/v2\/comments?post=36"}],"version-history":[{"count":4,"href":"https:\/\/blogs.ua.es\/descubridores\/wp-json\/wp\/v2\/pages\/36\/revisions"}],"predecessor-version":[{"id":133,"href":"https:\/\/blogs.ua.es\/descubridores\/wp-json\/wp\/v2\/pages\/36\/revisions\/133"}],"wp:attachment":[{"href":"https:\/\/blogs.ua.es\/descubridores\/wp-json\/wp\/v2\/media?parent=36"}],"curies":[{"name":"wp","href":"https:\/\/api.w.org\/{rel}","templated":true}]}}