{"id":61,"date":"2008-11-19T19:07:18","date_gmt":"2008-11-19T17:07:18","guid":{"rendered":"https:\/\/blogs.ua.es\/descubridores\/?page_id=61"},"modified":"2008-12-30T05:20:26","modified_gmt":"2008-12-30T03:20:26","slug":"hernan-cortes","status":"publish","type":"page","link":"https:\/\/blogs.ua.es\/descubridores\/hernan-cortes\/","title":{"rendered":"Hernan Cort\u00e9s"},"content":{"rendered":"<p><div id='gallery-1' class='gallery galleryid-61 gallery-columns-3 gallery-size-thumbnail'><figure class='gallery-item'>\n\t\t\t<div class='gallery-icon '>\n\t\t\t\t<a href='https:\/\/blogs.ua.es\/descubridores\/hernan-cortes\/hernan-cortes-jpg\/'><img loading=\"lazy\" decoding=\"async\" width=\"1\" height=\"1\" src=\"https:\/\/blogs.ua.es\/descubridores\/files\/\/2008\/12\/hernan-cortes-jpg.jpg\" class=\"attachment-thumbnail size-thumbnail\" alt=\"\" \/><\/a>\n\t\t\t<\/div><\/figure><figure class='gallery-item'>\n\t\t\t<div class='gallery-icon landscape'>\n\t\t\t\t<a href='https:\/\/blogs.ua.es\/descubridores\/hernan-cortes\/diego-rivera-tenochtitlan\/'><img loading=\"lazy\" decoding=\"async\" width=\"150\" height=\"150\" src=\"https:\/\/blogs.ua.es\/descubridores\/files\/\/2008\/12\/diego-rivera-tenochtitlan-150x150.jpg\" class=\"attachment-thumbnail size-thumbnail\" alt=\"\" aria-describedby=\"gallery-1-70\" \/><\/a>\n\t\t\t<\/div>\n\t\t\t\t<figcaption class='wp-caption-text gallery-caption' id='gallery-1-70'>\n\t\t\t\tCiuadad de M\u00e9jico-Tenochtitlan, Diego Rivera\n\t\t\t\t<\/figcaption><\/figure>\n\t\t<\/div>\nLa principal fuente de la que\u00a0conocemos\u00a0de los avatares de las conquistas protagonizadas por H\u00e9rnan Cort\u00e9s son las\u00a0<a title=\"Cr\u00f3nica\" href=\"https:\/\/blogs.ua.es\/wiki\/Cr%C3%B3nica\">Cr\u00f3nicas<\/a> de <a title=\"Indias\" href=\"https:\/\/blogs.ua.es\/wiki\/Indias\">Indias<\/a>, una serie de compilaciones de narraciones hist\u00f3ricas t\u00f3madas desde un punto de vista proespa\u00f1ol. <a href=\"http:\/\/es.wikipedia.org\/wiki\/Hern%C3%A1n_Cort%C3%A9s\">Hernan Cort\u00e9s<\/a>, est\u00e1 considerado el conquistador del imperio azteca. Nacido en Medell\u00edn ( C\u00e1ceres) en 1485, fuen mandado por su padre un Hidalgo extreme\u00f1o a Salamanca, como era costumbre en la \u00e9poca,\u00a0para estudiar las leyes. Sin embargo, pronto se manifest\u00f3 el car\u00e1cter inquieto y aventurero del joven\u00a0Cort\u00e9s,\u00a0 dos a\u00f1os m\u00e1s tarde\u00a0abandon\u00f3 sus estudios intentando \u00a0embarcarse en alguna de las expediciones hacia la Indias e Italia consiguiendo finalmente embarcarse en 1504\u00a0hacia la la Isla la\u00a0Espa\u00f1ola donde se instal\u00f3 como plantador\u00a0y funcionario colonial\u00a0. Desde all\u00ed partir\u00eda a la conquista de la isla de Cuba a las ordenes de Nicol\u00e1s de Ovando y de Diego Vel\u00e1zquez de Cuellar.<\/p>\n<p>Posteriormente Diego Velazquez, gobernador de la isla de Cuba, \u00a0le encarg\u00f3 explorar el Yucat\u00e1n y tras varias desavenencias con su protector se embarc\u00f3 en la conquista de An\u00e1huac o M\u00e9xico. Sin embargo, es importante resaltar que esta conquista no se hizo siguiendo estandares contempor\u00e1neos,\u00a0el ejercito ,&#8221;invasor&#8221;, estaba formado por una \u00a0tropa que incluso para guerras del siglo XV y XVI solamente se pod\u00eda considerar una avanzadilla, siendo esto, el hito m\u00e1s importante de la conquista.\u00a0Lo constitu\u00edan los siguientes elementos:<\/p>\n<ul>\n<li>11 naves<\/li>\n<li>518 infantes<\/li>\n<li>16 jinetes<\/li>\n<li>13 arcabuzeros<\/li>\n<li>32 ballesteros<\/li>\n<li>110 marineros<\/li>\n<li>200 indios y negros como auxiliares de tropa<\/li>\n<li>32 caballos<\/li>\n<li>10 ca\u00f1ones de bronce<\/li>\n<li>4 <a title=\"Falconete\" href=\"https:\/\/blogs.ua.es\/wiki\/Falconete\"><span style=\"color: #002bb8\">falconetes<\/span><\/a><\/li>\n<\/ul>\n<p>Tras ello conquisto diversas ciudades de los alrededores, teniendo noticias en ese momento de la existencia del poderoso imperio azteca.<\/p>\n<p>Cort\u00e9s se percat\u00f3 rapidamente que este imperio ten\u00eda poderosos enemigos en su propio mundo y supo aprovechar esta buena estrella reforzando sus propias tropas con un ejercito aut\u00f3ctono de la naci\u00f3n Totonaca que accedi\u00f3 a cederle 13.000 guerreros, que ponian rumbo al coraz\u00f3n del imperio Mexicano,\u00a0 a cambio de promesas de libertad e independencia. Estas promesas no fueron cumplidas jamas.<\/p>\n<p>Exist\u00edan dos grandes concepciones pol\u00edticas en las culturas mesoamericanas, que eran el motivo de un enfrentamiento abierto que se manifestaba en continuas guerras y asaltos para capturar v\u00edctimas para los sacrificios religiosos:<\/p>\n<p>Tlaxcala ,una Confederaci\u00f3n o Rep\u00fablica de ciuadades \u00e9stado y formada por cuatro estados aut\u00f3nomos, gobernado por un Senado.<\/p>\n<p>Tenochtitl\u00e1n, un Imperio gobernado por Moctezuma.<\/p>\n<p>Hern\u00e1n Cortes tras enfrentarse inicicialmente con la Rep\u00fablica Tlaxcala y inflingirles graves derrotas consigue la paz y el apoyo de estos para enfrentarse por fin al gran Imperio Mexicano.<\/p>\n<p><a href=\"https:\/\/blogs.ua.es\/descubridores\/files\/2008\/12\/tenoch2a.jpg\"><img loading=\"lazy\" decoding=\"async\" class=\"alignright size-full wp-image-75\" src=\"https:\/\/blogs.ua.es\/descubridores\/files\/2008\/12\/tenoch2a.jpg\" alt=\"\" width=\"500\" height=\"227\" \/><\/a><\/p>\n<p><img decoding=\"async\" src=\"\/DOCUME~1\/@bi\/CONFIG~1\/Temp\/moz-screenshot.jpg\" alt=\"\" \/><img decoding=\"async\" src=\"\/DOCUME~1\/@bi\/CONFIG~1\/Temp\/moz-screenshot-1.jpg\" alt=\"\" \/><\/p>\n<p>El 8 de Noviembre de 1519 se produjo la entrada de Cort\u00e9s en la ciudad y el encuentro de Moctezuma, en un principio pac\u00edfica. No tardar\u00eda un a\u00f1o en caer. Sin embargo, a\u00fan no\u00a0 hab\u00edan finalizado las aventuras de Cort\u00e9s que decubrir\u00eda la California llegando a emprender hasta 4 expediciones a aquellas tierras desconocidas.<\/p>\n<p><strong><a href=\"https:\/\/blogs.ua.es\/descubridores\/files\/2008\/12\/mapa-imperio-azteca.png\"><img loading=\"lazy\" decoding=\"async\" class=\"alignright size-full wp-image-73\" src=\"https:\/\/blogs.ua.es\/descubridores\/files\/2008\/12\/mapa-imperio-azteca.png\" alt=\"\" width=\"686\" height=\"554\" \/><\/a><\/strong><\/p>\n<p><a href=\"https:\/\/blogs.ua.es\/descubridores\/files\/2008\/12\/mapa-imperio-azteca.png\"><\/a><\/p>\n","protected":false},"excerpt":{"rendered":"<p>La principal fuente de la que\u00a0conocemos\u00a0de los avatares de las conquistas protagonizadas por H\u00e9rnan Cort\u00e9s son las\u00a0Cr\u00f3nicas de Indias, una serie de compilaciones de narraciones hist\u00f3ricas t\u00f3madas desde un punto de vista proespa\u00f1ol. Hernan Cort\u00e9s, est\u00e1 considerado el conquistador del imperio azteca. Nacido en Medell\u00edn ( C\u00e1ceres) en 1485, fuen mandado por su padre un [&hellip;]<\/p>\n","protected":false},"author":892,"featured_media":0,"parent":0,"menu_order":0,"comment_status":"open","ping_status":"open","template":"","meta":{"footnotes":""},"class_list":["post-61","page","type-page","status-publish","hentry"],"_links":{"self":[{"href":"https:\/\/blogs.ua.es\/descubridores\/wp-json\/wp\/v2\/pages\/61","targetHints":{"allow":["GET"]}}],"collection":[{"href":"https:\/\/blogs.ua.es\/descubridores\/wp-json\/wp\/v2\/pages"}],"about":[{"href":"https:\/\/blogs.ua.es\/descubridores\/wp-json\/wp\/v2\/types\/page"}],"author":[{"embeddable":true,"href":"https:\/\/blogs.ua.es\/descubridores\/wp-json\/wp\/v2\/users\/892"}],"replies":[{"embeddable":true,"href":"https:\/\/blogs.ua.es\/descubridores\/wp-json\/wp\/v2\/comments?post=61"}],"version-history":[{"count":12,"href":"https:\/\/blogs.ua.es\/descubridores\/wp-json\/wp\/v2\/pages\/61\/revisions"}],"predecessor-version":[{"id":66,"href":"https:\/\/blogs.ua.es\/descubridores\/wp-json\/wp\/v2\/pages\/61\/revisions\/66"}],"wp:attachment":[{"href":"https:\/\/blogs.ua.es\/descubridores\/wp-json\/wp\/v2\/media?parent=61"}],"curies":[{"name":"wp","href":"https:\/\/api.w.org\/{rel}","templated":true}]}}