{"id":81,"date":"2008-12-30T05:31:22","date_gmt":"2008-12-30T03:31:22","guid":{"rendered":"https:\/\/blogs.ua.es\/descubridores\/?page_id=81"},"modified":"2009-01-07T02:22:26","modified_gmt":"2009-01-07T00:22:26","slug":"francisco-pizarro","status":"publish","type":"page","link":"https:\/\/blogs.ua.es\/descubridores\/francisco-pizarro\/","title":{"rendered":"Francisco Pizarro"},"content":{"rendered":"<p><a href=\"https:\/\/blogs.ua.es\/descubridores\/files\/2008\/12\/francisco_pizarro.jpeg\"><img loading=\"lazy\" decoding=\"async\" class=\"size-medium wp-image-84 alignleft\" src=\"https:\/\/blogs.ua.es\/descubridores\/files\/2008\/12\/francisco_pizarro-183x300.jpg\" alt=\"\" width=\"183\" height=\"300\" \/><\/a><strong> Francisco Pizarro Gonz\u00e1lez, marqu\u00e9s<\/strong> (Trujillo 1476\u00a0 -Lima 1541)<\/p>\n<p>Hijo del Hidalgo Gonzalo Pizarro Rodr\u00edguez de Aguilar, tuvo una infancia dificil. Iletrado y criador de cerdos, abandon\u00f3 Extremadura a temprana edad dirigi\u00e9ndose a Sevilla para alistarse finalmente en los Tercios Espa\u00f1oles, librando las batallas de la &#8220;Campa\u00f1a de N\u00e1poles&#8221; pero siempre como soldado. Por fin emprende el viaje a las \u00c1mericas en 1502 con Nicol\u00e1s de Ovanda, el nuevo gobernador de &#8220;La Espa\u00f1ola&#8221;.<\/p>\n<p>Desde aqu\u00ed, particip\u00f3 en diversos viajes de exploraci\u00f3n coincidiendo con Vasco Nu\u00f1ez de Balboa y descrubiendo junto a \u00e9l el &#8220;Mar del Sur&#8221; (pac\u00edfico). En enero de 1519, Francisco Pizarro acabar\u00eda arrestando a Vasco N\u00fa\u00f1ez de Balboa por orden de Pedro Arias de Avila, Gobernador de Castilla de Oro. Siendo recompensado como encomendero y alcalde de la ciudad de Panam\u00e1 d\u00e1ndo un giro significativo a la rueda de su fortuna. Una vez en esta situacion; comienza a buscar aliados para nuevas conquistas uniendose a Diego de Almagro y Hernando de Luque reparti\u00e9ndose las responsabilidades de estas futuras incursiones Pizarro como Comandante, Hernando abasteciendo militarmente y con alimentos a la expedici\u00f3n y Luque de las finanzas.<\/p>\n<p>Dos a\u00f1os m\u00e1s tarde, en una isla de llamada&#8221;Gallo&#8221;, con un peque\u00f1o grupo de hombres extenuados y ambrientos, Pizarro protagonizar\u00eda una de sus haza\u00f1as m\u00e1s sonadas. Ante sus hombres y apunto de desertar estos, traz\u00f3 una l\u00ednea en el suelo con su espada exclamando en voz alta &#8220;<strong>Por este lado se va a Panam\u00e1, a ser pobres, por este otro al Per\u00fa, a ser ricos; escoja el que fuere buen castellano lo que m\u00e1s bien le estuviere&#8221;<\/strong><\/p>\n<p><a href=\"https:\/\/blogs.ua.es\/descubridores\/files\/2008\/12\/ruta-pizarro.jpg\"><img loading=\"lazy\" decoding=\"async\" class=\"size-medium wp-image-92 alignright\" src=\"https:\/\/blogs.ua.es\/descubridores\/files\/2008\/12\/ruta-pizarro-238x300.jpg\" alt=\"\" width=\"238\" height=\"300\" \/><\/a><\/p>\n","protected":false},"excerpt":{"rendered":"<p>Francisco Pizarro Gonz\u00e1lez, marqu\u00e9s (Trujillo 1476\u00a0 -Lima 1541) Hijo del Hidalgo Gonzalo Pizarro Rodr\u00edguez de Aguilar, tuvo una infancia dificil. Iletrado y criador de cerdos, abandon\u00f3 Extremadura a temprana edad dirigi\u00e9ndose a Sevilla para alistarse finalmente en los Tercios Espa\u00f1oles, librando las batallas de la &#8220;Campa\u00f1a de N\u00e1poles&#8221; pero siempre como soldado. Por fin emprende [&hellip;]<\/p>\n","protected":false},"author":892,"featured_media":0,"parent":0,"menu_order":0,"comment_status":"open","ping_status":"open","template":"","meta":{"footnotes":""},"class_list":["post-81","page","type-page","status-publish","hentry"],"_links":{"self":[{"href":"https:\/\/blogs.ua.es\/descubridores\/wp-json\/wp\/v2\/pages\/81","targetHints":{"allow":["GET"]}}],"collection":[{"href":"https:\/\/blogs.ua.es\/descubridores\/wp-json\/wp\/v2\/pages"}],"about":[{"href":"https:\/\/blogs.ua.es\/descubridores\/wp-json\/wp\/v2\/types\/page"}],"author":[{"embeddable":true,"href":"https:\/\/blogs.ua.es\/descubridores\/wp-json\/wp\/v2\/users\/892"}],"replies":[{"embeddable":true,"href":"https:\/\/blogs.ua.es\/descubridores\/wp-json\/wp\/v2\/comments?post=81"}],"version-history":[{"count":10,"href":"https:\/\/blogs.ua.es\/descubridores\/wp-json\/wp\/v2\/pages\/81\/revisions"}],"predecessor-version":[{"id":87,"href":"https:\/\/blogs.ua.es\/descubridores\/wp-json\/wp\/v2\/pages\/81\/revisions\/87"}],"wp:attachment":[{"href":"https:\/\/blogs.ua.es\/descubridores\/wp-json\/wp\/v2\/media?parent=81"}],"curies":[{"name":"wp","href":"https:\/\/api.w.org\/{rel}","templated":true}]}}