{"id":155,"date":"2015-11-12T09:10:04","date_gmt":"2015-11-12T09:10:04","guid":{"rendered":"https:\/\/blogs.ua.es\/destinosturisticosinteligentes\/?page_id=155"},"modified":"2015-11-12T09:10:52","modified_gmt":"2015-11-12T09:10:52","slug":"informacion-basica","status":"publish","type":"page","link":"https:\/\/blogs.ua.es\/destinosturisticosinteligentes\/informacion-basica\/","title":{"rendered":"Informaci\u00f3n b\u00e1sica"},"content":{"rendered":"<p style=\"text-align: justify\"><strong>Titulo:\u00a0<\/strong><em>Nuevos enfoques para la planificaci\u00f3n y gesti\u00f3n del territorio tur\u00edstico: conceptualizaci\u00f3n, an\u00e1lisis de experiencias y problemas. Definici\u00f3n de modelos operativos para destinos tur\u00edsticos inteligentes (CSO2014-59193-R)<\/em><\/p>\n<p style=\"text-align: justify\"><strong>Entidades financiadoras:\u00a0<\/strong>Proyectos de I+D de \u201cEXCELENCIA\u201d y Proyectos de I+D+I \u201cRETOS INVESTIGACI\u00d3N\u201d. Direcci\u00f3n General de Investigaci\u00f3n Cient\u00edfica y T\u00e9cnica. Subdirecci\u00f3n General de Proyectos de Investigaci\u00f3n.<\/p>\n<p style=\"text-align: justify\"><strong>Per\u00edodo de vigencia:\u00a0<\/strong>2015-2017<\/p>\n<p style=\"text-align: justify\"><strong>Investigador principal:\u00a0<\/strong>Jos\u00e9 Fernando Vera Rebollo\u00a0y Josep Antoni Ivars Baidal<\/p>\n<p style=\"text-align: justify\">\n","protected":false},"excerpt":{"rendered":"<p>Titulo:\u00a0Nuevos enfoques para la planificaci\u00f3n y gesti\u00f3n del territorio tur\u00edstico: conceptualizaci\u00f3n, an\u00e1lisis de experiencias y problemas. Definici\u00f3n de modelos operativos para destinos tur\u00edsticos inteligentes (CSO2014-59193-R) Entidades financiadoras:\u00a0Proyectos de I+D de \u201cEXCELENCIA\u201d y Proyectos de I+D+I \u201cRETOS INVESTIGACI\u00d3N\u201d. Direcci\u00f3n General de Investigaci\u00f3n Cient\u00edfica y T\u00e9cnica. Subdirecci\u00f3n General de Proyectos de Investigaci\u00f3n. Per\u00edodo de vigencia:\u00a02015-2017 Investigador principal:\u00a0Jos\u00e9 [&hellip;]<\/p>\n","protected":false},"author":1683,"featured_media":0,"parent":0,"menu_order":0,"comment_status":"closed","ping_status":"closed","template":"","meta":{"footnotes":""},"class_list":["post-155","page","type-page","status-publish","hentry"],"_links":{"self":[{"href":"https:\/\/blogs.ua.es\/destinosturisticosinteligentes\/wp-json\/wp\/v2\/pages\/155","targetHints":{"allow":["GET"]}}],"collection":[{"href":"https:\/\/blogs.ua.es\/destinosturisticosinteligentes\/wp-json\/wp\/v2\/pages"}],"about":[{"href":"https:\/\/blogs.ua.es\/destinosturisticosinteligentes\/wp-json\/wp\/v2\/types\/page"}],"author":[{"embeddable":true,"href":"https:\/\/blogs.ua.es\/destinosturisticosinteligentes\/wp-json\/wp\/v2\/users\/1683"}],"replies":[{"embeddable":true,"href":"https:\/\/blogs.ua.es\/destinosturisticosinteligentes\/wp-json\/wp\/v2\/comments?post=155"}],"version-history":[{"count":2,"href":"https:\/\/blogs.ua.es\/destinosturisticosinteligentes\/wp-json\/wp\/v2\/pages\/155\/revisions"}],"predecessor-version":[{"id":158,"href":"https:\/\/blogs.ua.es\/destinosturisticosinteligentes\/wp-json\/wp\/v2\/pages\/155\/revisions\/158"}],"wp:attachment":[{"href":"https:\/\/blogs.ua.es\/destinosturisticosinteligentes\/wp-json\/wp\/v2\/media?parent=155"}],"curies":[{"name":"wp","href":"https:\/\/api.w.org\/{rel}","templated":true}]}}