{"id":2,"date":"2015-11-10T10:32:08","date_gmt":"2015-11-10T10:32:08","guid":{"rendered":"https:\/\/blogs.ua.es\/destinosturisticosinteligentes\/?page_id=2"},"modified":"2015-11-19T10:32:08","modified_gmt":"2015-11-19T10:32:08","slug":"elproyecto","status":"publish","type":"page","link":"https:\/\/blogs.ua.es\/destinosturisticosinteligentes\/elproyecto\/","title":{"rendered":"El proyecto DTI"},"content":{"rendered":"<p style=\"text-align: justify\">La actividad tur\u00edstica se halla inmersa en un contexto de cambio estructural derivado del impacto de las tecnolog\u00edas de la informaci\u00f3n y la comunicaci\u00f3n, de los nuevos patrones de comportamiento de la demanda, de la aparici\u00f3n de nuevos modelos de negocio y de una mayor sensibilidad ambiental ante la amenaza del cambio clim\u00e1tico. Estas din\u00e1micas requieren nuevos planteamientos de planificaci\u00f3n y gesti\u00f3n de los destinos tur\u00edsticos para mejorar su competitividad y evolucionar hacia pautas ambiental y socialmente m\u00e1s sostenibles.<\/p>\n<p style=\"text-align: justify\">En este contexto de cambio, el enfoque de los territorios\/ciudades inteligentes constituye una referencia interesante. La proliferaci\u00f3n de iniciativas de ciudad inteligente en Europa y, particularmente, en Espa\u00f1a, confiere indudable actualidad a este nuevo enfoque de la gesti\u00f3n territorial y urbana, no exento de cr\u00edticas fundadas en torno a su aplicaci\u00f3n pr\u00e1ctica y alcance real, que se ha trasladado tambi\u00e9n a la gesti\u00f3n tur\u00edstica y que constituye un eje de la pol\u00edtica de innovaci\u00f3n tur\u00edstica espa\u00f1ola.<\/p>\n<p style=\"text-align: justify\">Sin embargo, la aplicaci\u00f3n de \u201csoluciones inteligentes\u201d a los destinos tur\u00edsticos no est\u00e1 acompa\u00f1ada por la definici\u00f3n previa de un modelo de territorio tur\u00edstico inteligente adaptado a las necesidades reales de los espacios tur\u00edsticos. Por esta raz\u00f3n, el proyecto que se presenta pretende satisfacer la necesidad real de conceptualizar los territorios\/destinos tur\u00edsticos inteligentes y proponer modelos de desarrollo adaptados a los diferentes entornos territoriales y especializaciones tur\u00edsticas: destinos urbanos, patrimoniales, litorales o rurales; b\u00e1sicamente.<\/p>\n<p style=\"text-align: justify\">El proyecto pivota en torno a seis \u00e1mbitos tem\u00e1ticos fundamentales de los territorios\/destinos inteligentes: gobernanza; sostenibilidad; conectividad\/sensorizaci\u00f3n; sistemas de informaci\u00f3n; innovaci\u00f3n; y mejora de la experiencia tur\u00edstica. Se aborda, por tanto, el enfoque de los territorios\/destinos inteligentes desde una perspectiva integral, gracias a la configuraci\u00f3n de un equipo de trabajo multidisciplinar y a la aplicaci\u00f3n de una metodolog\u00eda innovadora que incluye t\u00e9cnicas de seguimiento de base tecnol\u00f3gica, benchmarking y una selecci\u00f3n de destinos piloto en los que se contrastar\u00e1n los indicadores derivados del modelo de territorio\/destino inteligente, que el proyecto identificar\u00e1 con una finalidad claramente operativa frente a las aproximaciones de car\u00e1cter exclusivamente te\u00f3rico. Los trabajos en los destinos piloto incorporan la perspectiva de los actores locales, un aspecto fundamental para evitar la identificaci\u00f3n del territorio inteligente con un proyecto primordialmente tecnol\u00f3gico, un sesgo observable en diferentes iniciativas de ciudad inteligente en nuestro pa\u00eds.<\/p>\n<p style=\"text-align: justify\">El impacto esperado del proyecto presenta una doble vertiente. Desde el punto de vista de la investigaci\u00f3n, la idea es consolidar los territorios tur\u00edsticos inteligentes como una nueva l\u00ednea de investigaci\u00f3n que aglutina v\u00edas de trabajo previas del equipo investigador (sostenibilidad, innovaci\u00f3n, renovaci\u00f3n de destinos tur\u00edsticos, etc.) y, desde una \u00f3ptica aplicada, favorecer un tipo de planificaci\u00f3n y gesti\u00f3n tur\u00edstica basada en el conocimiento, la innovaci\u00f3n y las nuevas tecnolog\u00edas, una orientaci\u00f3n contemplada en los principales estrategias tur\u00edsticas de nuestro pa\u00eds, a diferentes escalas, y claramente adaptada al reto de la econom\u00eda y sociedad digital, a la Estrategia Espa\u00f1ola de Ciencia, Tecnolog\u00eda e Innovaci\u00f3n y al Programa Horizonte 2020.<\/p>\n<p style=\"text-align: justify\"><a href=\"https:\/\/drive.google.com\/file\/d\/0B1BQIk37m_L-b2RKcXdHMVRSN0E\/view\" target=\"_blank\">ENGLISH VERSION<\/a><\/p>\n","protected":false},"excerpt":{"rendered":"<p>La actividad tur\u00edstica se halla inmersa en un contexto de cambio estructural derivado del impacto de las tecnolog\u00edas de la informaci\u00f3n y la comunicaci\u00f3n, de los nuevos patrones de comportamiento de la demanda, de la aparici\u00f3n de nuevos modelos de negocio y de una mayor sensibilidad ambiental ante la amenaza del cambio clim\u00e1tico. Estas din\u00e1micas [&hellip;]<\/p>\n","protected":false},"author":1683,"featured_media":0,"parent":0,"menu_order":-2,"comment_status":"closed","ping_status":"closed","template":"","meta":{"footnotes":""},"class_list":["post-2","page","type-page","status-publish","hentry"],"_links":{"self":[{"href":"https:\/\/blogs.ua.es\/destinosturisticosinteligentes\/wp-json\/wp\/v2\/pages\/2","targetHints":{"allow":["GET"]}}],"collection":[{"href":"https:\/\/blogs.ua.es\/destinosturisticosinteligentes\/wp-json\/wp\/v2\/pages"}],"about":[{"href":"https:\/\/blogs.ua.es\/destinosturisticosinteligentes\/wp-json\/wp\/v2\/types\/page"}],"author":[{"embeddable":true,"href":"https:\/\/blogs.ua.es\/destinosturisticosinteligentes\/wp-json\/wp\/v2\/users\/1683"}],"replies":[{"embeddable":true,"href":"https:\/\/blogs.ua.es\/destinosturisticosinteligentes\/wp-json\/wp\/v2\/comments?post=2"}],"version-history":[{"count":10,"href":"https:\/\/blogs.ua.es\/destinosturisticosinteligentes\/wp-json\/wp\/v2\/pages\/2\/revisions"}],"predecessor-version":[{"id":198,"href":"https:\/\/blogs.ua.es\/destinosturisticosinteligentes\/wp-json\/wp\/v2\/pages\/2\/revisions\/198"}],"wp:attachment":[{"href":"https:\/\/blogs.ua.es\/destinosturisticosinteligentes\/wp-json\/wp\/v2\/media?parent=2"}],"curies":[{"name":"wp","href":"https:\/\/api.w.org\/{rel}","templated":true}]}}