{"id":482,"date":"2017-09-20T18:27:45","date_gmt":"2017-09-20T18:27:45","guid":{"rendered":"https:\/\/blogs.ua.es\/destinosturisticosinteligentes\/?page_id=482"},"modified":"2017-09-28T13:50:55","modified_gmt":"2017-09-28T13:50:55","slug":"organizando-tu-alojamiento-para-stdrm2017","status":"publish","type":"page","link":"https:\/\/blogs.ua.es\/destinosturisticosinteligentes\/organizando-tu-alojamiento-para-stdrm2017\/","title":{"rendered":"\u00bfOrganizando tu alojamiento para #STDRM2017?\u00a0"},"content":{"rendered":"<header class=\"entry-header\">\n<h1 class=\"entry-title\"><span style=\"color: #0000ff\">Alojarse en Alicante<\/span><\/h1>\n<\/header>\n<div class=\"entry-content\">\n<p>Alicante dispone de una oferta de alojamiento muy diversa y de gran calidad, por lo que ser\u00e1 realmente sencillo encontrar un hotel adaptado a todas tus necesidades.<\/p>\n<p><strong>\u00bfD\u00f3nde se celebra #STDRM2017?<\/strong><\/p>\n<p>Es importante que antes de proceder a la reserva, recuerdes que #STDRM2017 se desarrolla en el\u00a0<strong>Campus de la Universidad de Alicante<\/strong>, enclavado en\u00a0<strong>San Vicente del Raspeig<\/strong>. Este municipio se sit\u00faa al noroeste del \u00e1rea metropolitana de Alicante, una ciudad universitaria y residencial excelentemente comunicada con el centro urbano a trav\u00e9s del\u00a0<a title=\"Autob\u00fas urbano\" href=\"http:\/\/www.subus.es\/\" target=\"_blank\" rel=\"noopener\">autob\u00fas\u00a0<\/a>(n\u00ba24) y el\u00a0<a title=\"TRAM ALICANTE\" href=\"http:\/\/www.tramalicante.es\/page.php\" target=\"_blank\" rel=\"noopener\">tranv\u00eda TRAM (L2)<\/a>. De esta manera, puedes acceder en apenas 20 minutos al centro de la ciudad, adem\u00e1s con una frecuencia muy flexible (cada 15 minutos, aprox.) y por 1,45 euros, el billete sencillo.<\/p>\n<p><strong>\u00bfD\u00f3nde reservo el hotel? \u00bfEn San Vicente del Raspeig o en Alicante?<\/strong><\/p>\n<p>Pensamos que es una decisi\u00f3n en la que influyen criterios muy personales, por lo que queremos recomendarte ambas opciones en funci\u00f3n de aspectos que consideramos pueden ser los que m\u00e1s te preocupen.<\/p>\n<p><strong>ALOJARSE EN SAN VICENTE DEL RASPEIG.<\/strong>\u00a0Quiz\u00e1 la opci\u00f3n m\u00e1s pr\u00e1ctica y econ\u00f3mica.<\/p>\n<p>En la inmediata cercan\u00eda del Campus, existe alojamiento que te permitir\u00e1 asistir c\u00f3moda y relajadamente al sal\u00f3n de actos del Aulario II (edf. 30, plano UA <a href=\"https:\/\/web.ua.es\/es\/universidad-alicante\/documentos\/plano-del-campus.pdf\">aqu\u00ed<\/a>), donde desarrollaremos #STDRM2017. Te recomendamos la\u00a0<b>Villa Universitaria<\/b>, a escasos 5 minutos andando del Campus. Una habitaci\u00f3n b\u00e1sica individual, sin desayuno y con wi-fi gratuito, puedes reservarla por 47 euros la noche. El desayuno dentro del Campus es muy econ\u00f3mico y dispones de diferentes club sociales que incluyen servicios de cafeter\u00eda y restaurante. Echa un vistazo a su web y reserva cuanto antes:\u00a0<a href=\"http:\/\/www.villaalojamiento.es\/\">www.villaalojamiento.es<\/a>.<\/p>\n<p>Un detalle importante. La Villa Universitaria se encuentra\u00a0 a 5 minutos de las paradas del autob\u00fas urbano y del TRAM. Por tanto, est\u00e1 muy bien comunicada.<\/p>\n<p><strong>ALOJARSE EN ALICANTE.<\/strong>\u00a0Alternativas casi infinitas en una de las ciudades tur\u00edsticas m\u00e1s importantes del Mediterr\u00e1neo.<\/p>\n<p>La ciudad de Alicante, capital de la provincia hom\u00f3nima, dispone de toda la oferta tur\u00edstica que te puedas imaginar. Destacan sus museos, playas y monumentos, entre los que resalta el Castillo de Santa B\u00e1rbara, enclavado en el monte Benacantil y considerado como una de las fortalezas medievales m\u00e1s grandes de Espa\u00f1a. La Explanada de Espa\u00f1a, el paseo m\u00e1s emblem\u00e1tico de la ciudad, te permitir\u00e1 acceder a visitas inaplazables como su fachada mar\u00edtima, la Playa del Postiguet o el caso antiguo, con todos sus edificios hist\u00f3ricos y museos.<\/p>\n<p>En Alicante, en funci\u00f3n del precio, ubicaci\u00f3n, calidad y accesibilidad, \u00a0te recomendamos los siguientes hoteles:<\/p>\n<p>\u2013\u00a0\u00a0\u00a0\u00a0\u00a0\u00a0\u00a0\u00a0\u00a0\u00a0<b>Hotel Rambla.<\/b>\u00a0Avenida Rambla M\u00e9ndez N\u00fa\u00f1ez, 9. El precio de una habitaci\u00f3n doble est\u00e1ndar es de 51 euros\/noche. Conexi\u00f3n wi-fi gratuita. Haz clic\u00a0<a href=\"http:\/\/www.booking.com\/hotel\/es\/rambla-alicante.es.html?aid=311090;label=hotel-13550-es-LkdrfTBJs2ujUt9z2vS56wS10607812740%3Apl%3Ata%3Ap1%3Ap2%3Aac%3Aap1t1%3Aneg;sid=4f643acfa9550695d980ee26b167b9cb;dcid=4;checkin=2014-11-04;checkout=2014-11-05;ucfs=1;srfi\">aqu\u00ed<\/a>\u00a0para m\u00e1s informaci\u00f3n.<\/p>\n<p>\u2013\u00a0\u00a0\u00a0\u00a0\u00a0\u00a0\u00a0\u00a0\u00a0\u00a0<b>Hotel NH Cristal.<\/b>\u00a0Calle Tom\u00e1s L\u00f3pez Torregrosa, 11. El precio de una habitaci\u00f3n individual es de 63 euros\/noche. Conexi\u00f3n wi-fi gratuita. Haz clic\u00a0<a href=\"http:\/\/www.booking.com\/hotel\/es\/nhcristal.es.html?aid=311090;label=hotel-13550-es-LkdrfTBJs2ujUt9z2vS56wS10607812740%3Apl%3Ata%3Ap1%3Ap2%3Aac%3Aap1t1%3Aneg;sid=4f643acfa9550695d980ee26b167b9cb;dcid=4\">aqu\u00ed<\/a>\u00a0para m\u00e1s informaci\u00f3n.<\/p>\n<p>\u2013\u00a0\u00a0\u00a0\u00a0\u00a0\u00a0\u00a0\u00a0\u00a0\u00a0<b>Hotel Eurostars Lucentum.<\/b>\u00a0Alfonso X El Sabio, 11. El precio de una habitaci\u00f3n individual es de 97 euros\/noche. Conexi\u00f3n wi-fi gratuita. Haz clic\u00a0\u00a0<a href=\"http:\/\/www.booking.com\/hotel\/es\/eurostars-lucentum.es.html?aid=311090;label=hotel-13550-es-LkdrfTBJs2ujUt9z2vS56wS10607812740%3Apl%3Ata%3Ap1%3Ap2%3Aac%3Aap1t1%3Aneg;sid=4f643acfa9550695d980ee26b167b9cb;dcid=4\">aqu\u00ed<\/a>\u00a0para m\u00e1s informaci\u00f3n.<\/p>\n<p>\u2013\u00a0\u00a0\u00a0\u00a0\u00a0\u00a0\u00a0\u00a0\u00a0\u00a0<b>Hotel Eurostars Mediterranea Plaza.<\/b>\u00a0Plaza del Ayuntamiento, 6. El precio de una habitaci\u00f3n doble es 88 euros\/noche. Conexi\u00f3n wi-fi gratuita. Haz clic\u00a0<a href=\"http:\/\/www.booking.com\/hotel\/es\/mediterraneaplaza.es.html?aid=311090;label=hotel-13550-es-LkdrfTBJs2ujUt9z2vS56wS10607812740%3Apl%3Ata%3Ap1%3Ap2%3Aac%3Aap1t1%3Aneg;sid=4f643acfa9550695d980ee26b167b9cb;dcid=4\">aqu\u00ed<\/a>\u00a0para m\u00e1s informaci\u00f3n.<\/p>\n<p>La accesibilidad centro urbano-Universidad es de igual modo excelente.<\/p>\n<p>Si necesitas cualquier informaci\u00f3n adicional, no dudes en contactar con nosotros a trav\u00e9s del email <a href=\"http:\/\/proyectodti@ua.es\">proyectodti@ua.es.<\/a><\/p>\n<p>Gracias por tu participaci\u00f3n!<\/p>\n<p>* Precios referidos a la consulta realizada el d\u00eda 26\/10\/17\u00a0 www.villaalojamiento.es y www.booking.com.<\/p>\n<\/div>\n","protected":false},"excerpt":{"rendered":"<p>Alojarse en Alicante Alicante dispone de una oferta de alojamiento muy diversa y de gran calidad, por lo que ser\u00e1 realmente sencillo encontrar un hotel adaptado a todas tus necesidades. \u00bfD\u00f3nde se celebra #STDRM2017? Es importante que antes de proceder a la reserva, recuerdes que #STDRM2017 se desarrolla en el\u00a0Campus de la Universidad de Alicante, [&hellip;]<\/p>\n","protected":false},"author":1683,"featured_media":0,"parent":0,"menu_order":0,"comment_status":"closed","ping_status":"closed","template":"","meta":{"footnotes":""},"class_list":["post-482","page","type-page","status-publish","hentry"],"_links":{"self":[{"href":"https:\/\/blogs.ua.es\/destinosturisticosinteligentes\/wp-json\/wp\/v2\/pages\/482","targetHints":{"allow":["GET"]}}],"collection":[{"href":"https:\/\/blogs.ua.es\/destinosturisticosinteligentes\/wp-json\/wp\/v2\/pages"}],"about":[{"href":"https:\/\/blogs.ua.es\/destinosturisticosinteligentes\/wp-json\/wp\/v2\/types\/page"}],"author":[{"embeddable":true,"href":"https:\/\/blogs.ua.es\/destinosturisticosinteligentes\/wp-json\/wp\/v2\/users\/1683"}],"replies":[{"embeddable":true,"href":"https:\/\/blogs.ua.es\/destinosturisticosinteligentes\/wp-json\/wp\/v2\/comments?post=482"}],"version-history":[{"count":6,"href":"https:\/\/blogs.ua.es\/destinosturisticosinteligentes\/wp-json\/wp\/v2\/pages\/482\/revisions"}],"predecessor-version":[{"id":522,"href":"https:\/\/blogs.ua.es\/destinosturisticosinteligentes\/wp-json\/wp\/v2\/pages\/482\/revisions\/522"}],"wp:attachment":[{"href":"https:\/\/blogs.ua.es\/destinosturisticosinteligentes\/wp-json\/wp\/v2\/media?parent=482"}],"curies":[{"name":"wp","href":"https:\/\/api.w.org\/{rel}","templated":true}]}}