{"id":489,"date":"2017-09-20T18:35:03","date_gmt":"2017-09-20T18:35:03","guid":{"rendered":"https:\/\/blogs.ua.es\/destinosturisticosinteligentes\/?page_id=489"},"modified":"2017-09-20T21:35:40","modified_gmt":"2017-09-20T21:35:40","slug":"propuestas-de-ocio-en-alicante-y-oficinas-de-informacion-turistica","status":"publish","type":"page","link":"https:\/\/blogs.ua.es\/destinosturisticosinteligentes\/propuestas-de-ocio-en-alicante-y-oficinas-de-informacion-turistica\/","title":{"rendered":"Propuestas de ocio en Alicante y oficinas de informaci\u00f3n tur\u00edstica"},"content":{"rendered":"<h1 class=\"entry-header\">Porque todo no es trabajar&#8230;<\/h1>\n<div><\/div>\n<header class=\"entry-header\">\n<div class=\"entry-meta\"><span style=\"font-size: 16px\">Ya queda muy poco para #STDRM2017. Por este motivo, hemos creado varios mapas tem\u00e1ticos que estamos seguros van a ayudaros a gestionar vuestro tiempo de ocio en la ciudad de Alicante. \u00a0En este caso, os traemos un mapa con informaci\u00f3n relativa a propuestas de ocio en la ciudad. Incluye unas cuantas recomendaciones sobre visitas tur\u00edsticas de inter\u00e9s, la localizaci\u00f3n de las principales oficinas de informaci\u00f3n tur\u00edstica y algunas propuestas gastron\u00f3micas que no deb\u00e9is dejar pasar.<\/span><\/div>\n<\/header>\n<div class=\"entry-content\">\n<p><a title=\"Mapa de propuestas de OCIO\" href=\"https:\/\/mapsengine.google.com\/map\/edit?hl=es&amp;mid=zuaSO7ZQ2Bq8.kRmcXVI7D7Ao\" target=\"_blank\" rel=\"noopener\"><img loading=\"lazy\" decoding=\"async\" class=\"aligncenter size-thumbnail wp-image-317\" src=\"https:\/\/blogs.ua.es\/clustersturismo\/files\/2014\/09\/mapa-propuestas-150x150.jpg\" alt=\"mapa propuestas\" width=\"150\" height=\"150\" \/><\/a><\/p>\n<p>Como decimos, tan solo son recomendaciones, ya que son muchas las opciones. Si quieres descubrir en profundidad \u00a0todo lo que Alicante puede ofrecerte, echa un vistazo a la web tur\u00edstica de la ciudad (<a href=\"http:\/\/www.alicanteturismo.com\">http:\/\/www.alicanteturismo.com<\/a>).<\/p>\n<p>Ante cualquier duda o necesidad, puedes ponerte en contacto con nosotros a trav\u00e9s del email <a href=\"proyectodti@ua.es\">proyectodti@ua.es<\/a> o el tel\u00e9fono 965903400 Ext. 2507.<\/p>\n<p>Saludos y hasta pronto!<\/p>\n<\/div>\n","protected":false},"excerpt":{"rendered":"<p>Porque todo no es trabajar&#8230; Ya queda muy poco para #STDRM2017. Por este motivo, hemos creado varios mapas tem\u00e1ticos que estamos seguros van a ayudaros a gestionar vuestro tiempo de ocio en la ciudad de Alicante. \u00a0En este caso, os traemos un mapa con informaci\u00f3n relativa a propuestas de ocio en la ciudad. Incluye unas [&hellip;]<\/p>\n","protected":false},"author":1683,"featured_media":0,"parent":0,"menu_order":0,"comment_status":"closed","ping_status":"closed","template":"","meta":{"footnotes":""},"class_list":["post-489","page","type-page","status-publish","hentry"],"_links":{"self":[{"href":"https:\/\/blogs.ua.es\/destinosturisticosinteligentes\/wp-json\/wp\/v2\/pages\/489","targetHints":{"allow":["GET"]}}],"collection":[{"href":"https:\/\/blogs.ua.es\/destinosturisticosinteligentes\/wp-json\/wp\/v2\/pages"}],"about":[{"href":"https:\/\/blogs.ua.es\/destinosturisticosinteligentes\/wp-json\/wp\/v2\/types\/page"}],"author":[{"embeddable":true,"href":"https:\/\/blogs.ua.es\/destinosturisticosinteligentes\/wp-json\/wp\/v2\/users\/1683"}],"replies":[{"embeddable":true,"href":"https:\/\/blogs.ua.es\/destinosturisticosinteligentes\/wp-json\/wp\/v2\/comments?post=489"}],"version-history":[{"count":1,"href":"https:\/\/blogs.ua.es\/destinosturisticosinteligentes\/wp-json\/wp\/v2\/pages\/489\/revisions"}],"predecessor-version":[{"id":490,"href":"https:\/\/blogs.ua.es\/destinosturisticosinteligentes\/wp-json\/wp\/v2\/pages\/489\/revisions\/490"}],"wp:attachment":[{"href":"https:\/\/blogs.ua.es\/destinosturisticosinteligentes\/wp-json\/wp\/v2\/media?parent=489"}],"curies":[{"name":"wp","href":"https:\/\/api.w.org\/{rel}","templated":true}]}}