{"id":492,"date":"2017-09-20T21:42:37","date_gmt":"2017-09-20T21:42:37","guid":{"rendered":"https:\/\/blogs.ua.es\/destinosturisticosinteligentes\/?page_id=492"},"modified":"2017-11-03T09:06:37","modified_gmt":"2017-11-03T09:06:37","slug":"informacion-de-interes-stdrm2017","status":"publish","type":"page","link":"https:\/\/blogs.ua.es\/destinosturisticosinteligentes\/","title":{"rendered":"Informaci\u00f3n de inter\u00e9s #STDRM2017"},"content":{"rendered":"<p><a href=\"https:\/\/blogs.ua.es\/destinosturisticosinteligentes\/files\/2017\/09\/unnamed-3.jpg\"><img loading=\"lazy\" decoding=\"async\" class=\"aligncenter size-full wp-image-467\" src=\"https:\/\/blogs.ua.es\/destinosturisticosinteligentes\/files\/2017\/09\/unnamed-3.jpg\" alt=\"\" width=\"2704\" height=\"966\" srcset=\"https:\/\/blogs.ua.es\/destinosturisticosinteligentes\/files\/2017\/09\/unnamed-3.jpg 2704w, https:\/\/blogs.ua.es\/destinosturisticosinteligentes\/files\/2017\/09\/unnamed-3-300x107.jpg 300w, https:\/\/blogs.ua.es\/destinosturisticosinteligentes\/files\/2017\/09\/unnamed-3-768x274.jpg 768w, https:\/\/blogs.ua.es\/destinosturisticosinteligentes\/files\/2017\/09\/unnamed-3-1024x366.jpg 1024w\" sizes=\"auto, (max-width: 2704px) 100vw, 2704px\" \/><\/a><\/p>\n<p>&nbsp;<\/p>\n<ol>\n<li><span style=\"color: #000000\"><strong>PRESENTACIONES.<\/strong> <span style=\"color: #333333\">Disponibles<\/span> <a href=\"https:\/\/blogs.ua.es\/destinosturisticosinteligentes\/2017\/11\/03\/presentaciones\/\">AQU\u00cd.<\/a><\/span><\/li>\n<li><span style=\"color: #000000\"><strong>ACTAS DEL SEMINARIO.<\/strong><\/span>\u00a0Disponibles<a href=\"https:\/\/blogs.ua.es\/destinosturisticosinteligentes\/2017\/10\/24\/actas\/\">\u00a0AQU\u00cd.\u00a0<\/a><\/li>\n<li><span style=\"color: #000000\"><strong>COMUNICACIONES MEJOR VALORADAS<\/strong>.<\/span> M\u00e1s info <a href=\"https:\/\/blogs.ua.es\/destinosturisticosinteligentes\/2017\/10\/19\/comunicaciones-mejor-valoradas\/\">AQU\u00cd.\u00a0<\/a><\/li>\n<li><span style=\"color: #000000\"><strong>PROGRAMA DEFINITIVO.<\/strong><\/span>\u00a0Programa definitivo del seminario. Disponible\u00a0\u00a0<a title=\"Programa definitivo\" href=\"https:\/\/goo.gl\/ZaQxFn\" target=\"_blank\" rel=\"noopener\">AQU\u00cd.<\/a><\/li>\n<li><span style=\"color: #000000\"><strong>INSCRIPCIONES.<\/strong>\u00a0<\/span> Si quieres inscribirte debes hacerlo a trav\u00e9s del formulario disponible\u00a0<a title=\"Inscripciones,hasta el 29 de octubre!\" href=\"https:\/\/blogs.ua.es\/destinosturisticosinteligentes\/2017\/03\/07\/inscripcion\/\" target=\"_blank\" rel=\"noopener\">AQU\u00cd.<\/a><\/li>\n<li><span style=\"color: #000000\"><strong>ACCESO A INTERNET EN LA UA.<\/strong><\/span>\u00a0Si quieres acceder a Internet en la UA puedes utilizar su red EDUROAM. Si tu universidad de origen instituci\u00f3n no dispone de EDUROAM, tienes que seguir los pasos que te indicamos en el documento disponible\u00a0<a title=\"\u00bfQuieres tener acceso a Internet?\" href=\"https:\/\/drive.google.com\/file\/d\/0B1BAhZryk76rNUFGUUJudU4xejQ\/view?usp=sharing\" target=\"_blank\" rel=\"noopener\">AQU\u00cd<\/a>.\u00a0Muy importante:\u00a0puedes solicitar un perfil de acceso temporal hasta el 20 de octubre.<\/li>\n<li><span style=\"color: #000000\"><strong>PAGO DE TASAS DE INSCRIPCI\u00d3N (PARTICIPANTES INTERNACIONALES)<\/strong>.<\/span> Si eres participante internacional y elegiste la opci\u00f3n de pagar una vez estuvieras en Alicante, este documento te proporcionar\u00e1 informaci\u00f3n de inter\u00e9s para gestionar el pago. Disponible\u00a0<a title=\"Si eres participante internacional, te interesa!\" href=\"https:\/\/drive.google.com\/file\/d\/0B1BAhZryk76rd0pybDZZNnNxa0U\/view?usp=sharing\" target=\"_blank\" rel=\"noopener\">AQU\u00cd<\/a>.<\/li>\n<li><span style=\"color: #000000\"><strong>\u00bfC\u00d3MO DESPLAZARTE POR ALICANTE?<\/strong><\/span>\u00a0Todo el transporte p\u00fablico analizado en cinco p\u00e1ginas. Te interesa leerlo. Disponible<a title=\"Todos los desplazamientos que necesitas hacer...\" href=\"https:\/\/drive.google.com\/file\/d\/0B1BAhZryk76reUdnWXM2ZlVLOXM\/view?usp=sharing\" target=\"_blank\" rel=\"noopener\">\u00a0AQU\u00cd.<\/a><\/li>\n<li>ENTRADA DEL BLOG RELATIVA A:\u00a0<span style=\"color: #000000\"><strong>MAPA DE PROPUESTAS DE OCIO Y OFICINAS DE INFORMACI\u00d3N TUR\u00cdSTICA<\/strong><\/span>. Disponible\u00a0<a title=\"\u00bfHas pensado lo que vas a hacer en tu tiempo de ocio?\" href=\"https:\/\/mapsengine.google.com\/map\/edit?hl=es&amp;mid=zuaSO7ZQ2Bq8.kRmcXVI7D7Ao\" target=\"_blank\" rel=\"noopener\">AQU\u00cd.<\/a><\/li>\n<li>ENTRADA DEL BLOG RELATIVA A:\u00a0<span style=\"color: #000000\"><strong>MAPA DE HOTELES RECOMENDADOS Y PUNTOS DE INTER\u00c9S<\/strong><\/span>. Disponible\u00a0<a title=\"\u00bfTienes ya hotel? Mira los POIs\" href=\"https:\/\/mapsengine.google.com\/map\/edit?mid=zuaSO7ZQ2Bq8.k9F61olqhcxk\" target=\"_blank\" rel=\"noopener\">AQU\u00cd.<\/a><\/li>\n<\/ol>\n<p>Si necesitas m\u00e1s informaci\u00f3n, puedes dirigirte a <a href=\"proyectodti@ua.es\">proyectodti@ua.es <\/a>o el Telf. 965903400 Ext. 2507. Marco A. Celdr\u00e1n.<\/p>\n<p>&nbsp;<\/p>\n<p>&nbsp;<\/p>\n<p>&nbsp;<\/p>\n","protected":false},"excerpt":{"rendered":"<p>&nbsp; PRESENTACIONES. Disponibles AQU\u00cd. ACTAS DEL SEMINARIO.\u00a0Disponibles\u00a0AQU\u00cd.\u00a0 COMUNICACIONES MEJOR VALORADAS. M\u00e1s info AQU\u00cd.\u00a0 PROGRAMA DEFINITIVO.\u00a0Programa definitivo del seminario. Disponible\u00a0\u00a0AQU\u00cd. INSCRIPCIONES.\u00a0 Si quieres inscribirte debes hacerlo a trav\u00e9s del formulario disponible\u00a0AQU\u00cd. ACCESO A INTERNET EN LA UA.\u00a0Si quieres acceder a Internet en la UA puedes utilizar su red EDUROAM. Si tu universidad de origen instituci\u00f3n no [&hellip;]<\/p>\n","protected":false},"author":1683,"featured_media":0,"parent":0,"menu_order":0,"comment_status":"closed","ping_status":"closed","template":"","meta":{"footnotes":""},"class_list":["post-492","page","type-page","status-publish","hentry"],"_links":{"self":[{"href":"https:\/\/blogs.ua.es\/destinosturisticosinteligentes\/wp-json\/wp\/v2\/pages\/492","targetHints":{"allow":["GET"]}}],"collection":[{"href":"https:\/\/blogs.ua.es\/destinosturisticosinteligentes\/wp-json\/wp\/v2\/pages"}],"about":[{"href":"https:\/\/blogs.ua.es\/destinosturisticosinteligentes\/wp-json\/wp\/v2\/types\/page"}],"author":[{"embeddable":true,"href":"https:\/\/blogs.ua.es\/destinosturisticosinteligentes\/wp-json\/wp\/v2\/users\/1683"}],"replies":[{"embeddable":true,"href":"https:\/\/blogs.ua.es\/destinosturisticosinteligentes\/wp-json\/wp\/v2\/comments?post=492"}],"version-history":[{"count":21,"href":"https:\/\/blogs.ua.es\/destinosturisticosinteligentes\/wp-json\/wp\/v2\/pages\/492\/revisions"}],"predecessor-version":[{"id":605,"href":"https:\/\/blogs.ua.es\/destinosturisticosinteligentes\/wp-json\/wp\/v2\/pages\/492\/revisions\/605"}],"wp:attachment":[{"href":"https:\/\/blogs.ua.es\/destinosturisticosinteligentes\/wp-json\/wp\/v2\/media?parent=492"}],"curies":[{"name":"wp","href":"https:\/\/api.w.org\/{rel}","templated":true}]}}