{"id":6,"date":"2015-11-10T10:57:04","date_gmt":"2015-11-10T10:57:04","guid":{"rendered":"https:\/\/blogs.ua.es\/destinosturisticosinteligentes\/?page_id=6"},"modified":"2015-11-16T14:56:47","modified_gmt":"2015-11-16T14:56:47","slug":"el-equipo","status":"publish","type":"page","link":"https:\/\/blogs.ua.es\/destinosturisticosinteligentes\/el-equipo\/","title":{"rendered":"El equipo"},"content":{"rendered":"<h4 style=\"text-align: justify\"><strong>27 investigadores de diferentes universidades\u00a0<\/strong><\/h4>\n<p style=\"text-align: justify\">El equipo de investigaci\u00f3n del proyecto <em>&#8220;Nuevos enfoques para la planificaci\u00f3n y gesti\u00f3n del territorio tur\u00edstico: conceptualizaci\u00f3n, an\u00e1lisis de experiencias y problemas. Definici\u00f3n de modelos operativos para destinos tur\u00edsticos inteligentes (CSO2014-59193-R)&#8221;<\/em> est\u00e1 formado por 27 investigadores, repartidos entre la Universidad de Alicante (UA), la Universidad de M\u00e1laga (UMA), la Universidad de Murcia (UM), la Universidad de Oviedo (UNIOVI), \u00a0la Universidad Complutense de Madrid (UCM) y otros organismos p\u00fablicos.<\/p>\n","protected":false},"excerpt":{"rendered":"<p>27 investigadores de diferentes universidades\u00a0 El equipo de investigaci\u00f3n del proyecto &#8220;Nuevos enfoques para la planificaci\u00f3n y gesti\u00f3n del territorio tur\u00edstico: conceptualizaci\u00f3n, an\u00e1lisis de experiencias y problemas. Definici\u00f3n de modelos operativos para destinos tur\u00edsticos inteligentes (CSO2014-59193-R)&#8221; est\u00e1 formado por 27 investigadores, repartidos entre la Universidad de Alicante (UA), la Universidad de M\u00e1laga (UMA), la Universidad [&hellip;]<\/p>\n","protected":false},"author":1683,"featured_media":0,"parent":0,"menu_order":-1,"comment_status":"closed","ping_status":"closed","template":"","meta":{"footnotes":""},"class_list":["post-6","page","type-page","status-publish","hentry"],"_links":{"self":[{"href":"https:\/\/blogs.ua.es\/destinosturisticosinteligentes\/wp-json\/wp\/v2\/pages\/6","targetHints":{"allow":["GET"]}}],"collection":[{"href":"https:\/\/blogs.ua.es\/destinosturisticosinteligentes\/wp-json\/wp\/v2\/pages"}],"about":[{"href":"https:\/\/blogs.ua.es\/destinosturisticosinteligentes\/wp-json\/wp\/v2\/types\/page"}],"author":[{"embeddable":true,"href":"https:\/\/blogs.ua.es\/destinosturisticosinteligentes\/wp-json\/wp\/v2\/users\/1683"}],"replies":[{"embeddable":true,"href":"https:\/\/blogs.ua.es\/destinosturisticosinteligentes\/wp-json\/wp\/v2\/comments?post=6"}],"version-history":[{"count":10,"href":"https:\/\/blogs.ua.es\/destinosturisticosinteligentes\/wp-json\/wp\/v2\/pages\/6\/revisions"}],"predecessor-version":[{"id":195,"href":"https:\/\/blogs.ua.es\/destinosturisticosinteligentes\/wp-json\/wp\/v2\/pages\/6\/revisions\/195"}],"wp:attachment":[{"href":"https:\/\/blogs.ua.es\/destinosturisticosinteligentes\/wp-json\/wp\/v2\/media?parent=6"}],"curies":[{"name":"wp","href":"https:\/\/api.w.org\/{rel}","templated":true}]}}