{"id":73,"date":"2015-11-11T10:14:38","date_gmt":"2015-11-11T10:14:38","guid":{"rendered":"https:\/\/blogs.ua.es\/destinosturisticosinteligentes\/?page_id=73"},"modified":"2016-10-13T20:09:48","modified_gmt":"2016-10-13T20:09:48","slug":"entes-promotores-observadores-epos","status":"publish","type":"page","link":"https:\/\/blogs.ua.es\/destinosturisticosinteligentes\/entes-promotores-observadores-epos\/","title":{"rendered":"Entes promotores observadores (EPOs)"},"content":{"rendered":"<h5><span style=\"color: #0000ff\"><strong>Andaluc\u00eda<\/strong><\/span><\/h5>\n<hr \/>\n<h5><\/h5>\n<p>Ayuntamiento de Marbella<\/p>\n<p>Ayuntamiento de M\u00e1laga<\/p>\n<p>Consorcio Plan Qualifica Costa del Sol<\/p>\n<h5><strong><span style=\"color: #0000ff\">Castilla y Le\u00f3n<\/span><\/strong><\/h5>\n<hr \/>\n<h5><\/h5>\n<p>Ayuntamiento de \u00c1vila<\/p>\n<h5><span style=\"color: #0000ff\"><strong>Comunidad Valenciana<\/strong><\/span><\/h5>\n<hr \/>\n<h5><\/h5>\n<p>Ag\u00e8ncia Valenciana del Turisme<\/p>\n<p>Patronato de Turismo de Alicante<\/p>\n<p>Ayuntamiento de Calpe<\/p>\n<h5><span style=\"color: #0000ff\"><strong>Murcia<\/strong><\/span><\/h5>\n<hr \/>\n<h5><\/h5>\n<p>Instituto de Turismo de la Regi\u00f3n de Murcia<\/p>\n<h5><span style=\"color: #0000ff\">Principado de Asturias<\/span><\/h5>\n<hr \/>\n<h5><\/h5>\n<p>Direcci\u00f3n General del Principado de Asturias<\/p>\n<p>Ayuntamiento de Gij\u00f3n<\/p>\n<p>Ayuntamiento de Taramundi<\/p>\n<p>&nbsp;<\/p>\n","protected":false},"excerpt":{"rendered":"<p>Andaluc\u00eda Ayuntamiento de Marbella Ayuntamiento de M\u00e1laga Consorcio Plan Qualifica Costa del Sol Castilla y Le\u00f3n Ayuntamiento de \u00c1vila Comunidad Valenciana Ag\u00e8ncia Valenciana del Turisme Patronato de Turismo de Alicante Ayuntamiento de Calpe Murcia Instituto de Turismo de la Regi\u00f3n de Murcia Principado de Asturias Direcci\u00f3n General del Principado de Asturias Ayuntamiento de Gij\u00f3n Ayuntamiento [&hellip;]<\/p>\n","protected":false},"author":1683,"featured_media":0,"parent":0,"menu_order":0,"comment_status":"closed","ping_status":"closed","template":"","meta":{"footnotes":""},"class_list":["post-73","page","type-page","status-publish","hentry"],"_links":{"self":[{"href":"https:\/\/blogs.ua.es\/destinosturisticosinteligentes\/wp-json\/wp\/v2\/pages\/73","targetHints":{"allow":["GET"]}}],"collection":[{"href":"https:\/\/blogs.ua.es\/destinosturisticosinteligentes\/wp-json\/wp\/v2\/pages"}],"about":[{"href":"https:\/\/blogs.ua.es\/destinosturisticosinteligentes\/wp-json\/wp\/v2\/types\/page"}],"author":[{"embeddable":true,"href":"https:\/\/blogs.ua.es\/destinosturisticosinteligentes\/wp-json\/wp\/v2\/users\/1683"}],"replies":[{"embeddable":true,"href":"https:\/\/blogs.ua.es\/destinosturisticosinteligentes\/wp-json\/wp\/v2\/comments?post=73"}],"version-history":[{"count":9,"href":"https:\/\/blogs.ua.es\/destinosturisticosinteligentes\/wp-json\/wp\/v2\/pages\/73\/revisions"}],"predecessor-version":[{"id":300,"href":"https:\/\/blogs.ua.es\/destinosturisticosinteligentes\/wp-json\/wp\/v2\/pages\/73\/revisions\/300"}],"wp:attachment":[{"href":"https:\/\/blogs.ua.es\/destinosturisticosinteligentes\/wp-json\/wp\/v2\/media?parent=73"}],"curies":[{"name":"wp","href":"https:\/\/api.w.org\/{rel}","templated":true}]}}