{"id":8,"date":"2015-11-10T11:02:35","date_gmt":"2015-11-10T11:02:35","guid":{"rendered":"https:\/\/blogs.ua.es\/destinosturisticosinteligentes\/?page_id=8"},"modified":"2015-12-04T10:07:56","modified_gmt":"2015-12-04T10:07:56","slug":"documentacion-y-publicaciones","status":"publish","type":"page","link":"https:\/\/blogs.ua.es\/destinosturisticosinteligentes\/documentacion-y-publicaciones\/","title":{"rendered":"Documentaci\u00f3n y publicaciones"},"content":{"rendered":"<ul>\n<li><strong>&#8220;Estudio y gu\u00eda metodol\u00f3gica sobre ciudades inteligentes&#8221;<\/strong>. ONTSI, Disponible <a href=\"http:\/\/www.ontsi.red.es\/ontsi\/es\/estudios-informes\/estudio-y-gu%C3%AD-metodol%C3%B3gica-sobre-ciudades-inteligentes\" target=\"_blank\">aqu\u00ed<\/a>.<\/li>\n<li><strong><em>&#8220;Special Issue on Smart Destinations&#8221;<\/em>.<\/strong>Journal of Destination Marketing &amp; Management, 2015. Vol. 4, Issue 3. Disponible\u00a0<a href=\"http:\/\/www.sciencedirect.com\/science\/journal\/2212571X\/4\/3\" target=\"_blank\">aqui<\/a>.<\/li>\n<li><em>\u00a0<strong>&#8220;Manual operativo para la configuraci\u00f3n de destinos tur\u00edsticos inteligentes&#8221;<\/strong><\/em>.INVAT.TUR, 2015. \u00a0Disponible <a href=\"http:\/\/invattur.gva.es\/estudio\/manual-operativo-para-la-configuracion-de-destinos-turisticos-inteligentes\/\" target=\"_blank\">aqu\u00ed<\/a>.<\/li>\n<li><em><strong>&#8220;Libro blanco Smart Cities&#8221;.<\/strong>\u00a0TELEF\u00d3NICA, 2015.\u00a0<\/em> Disponible <a href=\"https:\/\/m2m.telefonica.com\/libroblanco-smart-cities\/media\/libro-blanco-smart-cities-esp-2015.pdf\" target=\"_blank\">aqu\u00ed<\/a>.<\/li>\n<li><strong><em>&#8220;Libro blanco de destinos tur\u00edsticos inteligentes&#8221;<\/em><\/strong>.SEGITTUR, 2015. Disponible <a href=\"http:\/\/www.segittur.es\/opencms\/export\/sites\/segitur\/.content\/galerias\/descargas\/proyectos\/Libro-Blanco-Destinos-Tursticos-Inteligentes-construyendo-el-futuro.pdf\" target=\"_blank\">aqu\u00ed<\/a>.<\/li>\n<li><strong><em>&#8220;Libro blanco de los destinos tur\u00edsticos inteligentes&#8221;<\/em><\/strong>.BLANCO, J. (2015). LID Editorial, Madrid.<\/li>\n<\/ul>\n<p>&nbsp;<\/p>\n","protected":false},"excerpt":{"rendered":"<p>&#8220;Estudio y gu\u00eda metodol\u00f3gica sobre ciudades inteligentes&#8221;. ONTSI, Disponible aqu\u00ed. &#8220;Special Issue on Smart Destinations&#8221;.Journal of Destination Marketing &amp; Management, 2015. Vol. 4, Issue 3. Disponible\u00a0aqui. \u00a0&#8220;Manual operativo para la configuraci\u00f3n de destinos tur\u00edsticos inteligentes&#8221;.INVAT.TUR, 2015. \u00a0Disponible aqu\u00ed. &#8220;Libro blanco Smart Cities&#8221;.\u00a0TELEF\u00d3NICA, 2015.\u00a0 Disponible aqu\u00ed. &#8220;Libro blanco de destinos tur\u00edsticos inteligentes&#8221;.SEGITTUR, 2015. Disponible aqu\u00ed. &#8220;Libro [&hellip;]<\/p>\n","protected":false},"author":1683,"featured_media":0,"parent":0,"menu_order":0,"comment_status":"closed","ping_status":"closed","template":"","meta":{"footnotes":""},"class_list":["post-8","page","type-page","status-publish","hentry"],"_links":{"self":[{"href":"https:\/\/blogs.ua.es\/destinosturisticosinteligentes\/wp-json\/wp\/v2\/pages\/8","targetHints":{"allow":["GET"]}}],"collection":[{"href":"https:\/\/blogs.ua.es\/destinosturisticosinteligentes\/wp-json\/wp\/v2\/pages"}],"about":[{"href":"https:\/\/blogs.ua.es\/destinosturisticosinteligentes\/wp-json\/wp\/v2\/types\/page"}],"author":[{"embeddable":true,"href":"https:\/\/blogs.ua.es\/destinosturisticosinteligentes\/wp-json\/wp\/v2\/users\/1683"}],"replies":[{"embeddable":true,"href":"https:\/\/blogs.ua.es\/destinosturisticosinteligentes\/wp-json\/wp\/v2\/comments?post=8"}],"version-history":[{"count":20,"href":"https:\/\/blogs.ua.es\/destinosturisticosinteligentes\/wp-json\/wp\/v2\/pages\/8\/revisions"}],"predecessor-version":[{"id":247,"href":"https:\/\/blogs.ua.es\/destinosturisticosinteligentes\/wp-json\/wp\/v2\/pages\/8\/revisions\/247"}],"wp:attachment":[{"href":"https:\/\/blogs.ua.es\/destinosturisticosinteligentes\/wp-json\/wp\/v2\/media?parent=8"}],"curies":[{"name":"wp","href":"https:\/\/api.w.org\/{rel}","templated":true}]}}