{"id":91,"date":"2015-11-11T11:52:30","date_gmt":"2015-11-11T11:52:30","guid":{"rendered":"https:\/\/blogs.ua.es\/destinosturisticosinteligentes\/?page_id=91"},"modified":"2016-10-13T10:01:23","modified_gmt":"2016-10-13T10:01:23","slug":"equipo-de-investigacion","status":"publish","type":"page","link":"https:\/\/blogs.ua.es\/destinosturisticosinteligentes\/equipo-de-investigacion\/","title":{"rendered":"Equipo de investigaci\u00f3n"},"content":{"rendered":"<h5 style=\"text-align: center\">\u00a0<a href=\"https:\/\/blogs.ua.es\/destinosturisticosinteligentes\/files\/2015\/11\/cropped-logo-iuit-UA.jpg\"><img loading=\"lazy\" decoding=\"async\" class=\"wp-image-145 aligncenter\" src=\"https:\/\/blogs.ua.es\/destinosturisticosinteligentes\/files\/2015\/11\/cropped-logo-iuit-UA.jpg\" alt=\"cropped-logo-iuit-UA.jpg\" width=\"63\" height=\"63\" srcset=\"https:\/\/blogs.ua.es\/destinosturisticosinteligentes\/files\/2015\/11\/cropped-logo-iuit-UA.jpg 512w, https:\/\/blogs.ua.es\/destinosturisticosinteligentes\/files\/2015\/11\/cropped-logo-iuit-UA-150x150.jpg 150w, https:\/\/blogs.ua.es\/destinosturisticosinteligentes\/files\/2015\/11\/cropped-logo-iuit-UA-300x300.jpg 300w, https:\/\/blogs.ua.es\/destinosturisticosinteligentes\/files\/2015\/11\/cropped-logo-iuit-UA-270x270.jpg 270w, https:\/\/blogs.ua.es\/destinosturisticosinteligentes\/files\/2015\/11\/cropped-logo-iuit-UA-192x192.jpg 192w, https:\/\/blogs.ua.es\/destinosturisticosinteligentes\/files\/2015\/11\/cropped-logo-iuit-UA-180x180.jpg 180w, https:\/\/blogs.ua.es\/destinosturisticosinteligentes\/files\/2015\/11\/cropped-logo-iuit-UA-32x32.jpg 32w\" sizes=\"auto, (max-width: 63px) 100vw, 63px\" \/><\/a><\/h5>\n<ul>\n<li style=\"text-align: left\"><strong><a href=\"http:\/\/web.ua.es\/es\/grupoinvesturismo\/informacion\/curriculums\/jose-fernando-vera-rebollo.html\" target=\"_blank\">Dr. J. Fernando Vera Rebollo.<\/a><\/strong> Investigador responsable.<\/li>\n<\/ul>\n<ul>\n<li style=\"text-align: left\"><a href=\"http:\/\/web.ua.es\/es\/grupoinvesturismo\/informacion\/curriculums\/josep-ivars-baidal.html\" target=\"_blank\"><strong>Dr. Josep A. Ivars Baidal.<\/strong> <\/a>Investigador responsable.<\/li>\n<\/ul>\n<hr \/>\n<ul>\n<li style=\"text-align: left\"><a href=\"http:\/\/iei.ua.es\/es\/investigacion\/investigadores\/ana-belen-ramon-rodriguez.html\" target=\"_blank\"><strong>Dra. Ana Bel\u00e9n Ram\u00f3n Rodr\u00edguez.<\/strong> <\/a>Universidad de Alicante.<\/li>\n<li style=\"text-align: left\"><a href=\"http:\/\/cvnet.cpd.ua.es\/Directorio\/Home\/FichaPersona\/19457?depende=B184\" target=\"_blank\"><strong>Dr. Armando Ortu\u00f1o Padilla.<\/strong> <\/a>Universidad de Alicante<\/li>\n<li style=\"text-align: left\"><strong><a href=\"http:\/\/web.ua.es\/es\/grupoinvesturismo\/informacion\/curriculums\/carlos-javier-banos-castineira.html\" target=\"_blank\">Dr. Carlos Ba\u00f1os Casti\u00f1eira.<\/a><\/strong> Universidad de Alicante.<\/li>\n<li style=\"text-align: left\"><strong><a href=\"http:\/\/invattur.gva.es\/organigrama\/\" target=\"_blank\">David Giner S\u00e1nchez.<\/a><\/strong>\u00a0Invat.tur.<\/li>\n<li style=\"text-align: left\"><strong><a href=\"http:\/\/web.ua.es\/es\/grupoinvesturismo\/informacion\/curriculums\/elisa-rico-canovas.html\" target=\"_blank\">Dra. Elisa Rico C\u00e1novas.<\/a><\/strong> Universidad de Alicante.<\/li>\n<li style=\"text-align: left\"><a href=\"http:\/\/web.ua.es\/es\/grupoinvesturismo\/informacion\/curriculums\/isabel-rodriguez-sanchez.html\" target=\"_blank\"><strong>Dra. Isabel Rodr\u00edguez S\u00e1nchez.<\/strong> <\/a>Universidad de Alicante.<\/li>\n<li style=\"text-align: left\"><strong><a href=\"http:\/\/invattur.gva.es\/organigrama\/\" target=\"_blank\">Dr. Javier Solsona Monzon\u00eds.<\/a><\/strong> Invat.tur<\/li>\n<li style=\"text-align: left\"><strong><a href=\"http:\/\/cvnet.cpd.ua.es\/Directorio\/Home\/FichaPersona\/26162?depende=B158&amp;idioma=es\" target=\"_blank\">Dr. Jos\u00e9 Norberto Maz\u00f3n L\u00f3pez.<\/a><\/strong> Universidad de Alicante<\/li>\n<li style=\"text-align: left\"><a href=\"https:\/\/scholar.google.es\/citations?user=MC4GupQAAAAJ&amp;hl=es\" target=\"_blank\"><strong>Dr. Jos\u00e9 Francisco Perles Ribes.<\/strong> <\/a>Ayuntamiento de Calpe<\/li>\n<li style=\"text-align: left\"><a href=\"http:\/\/iei.ua.es\/es\/investigacion\/investigadores\/luis-moreno-izquierdo.html\" target=\"_blank\"><strong>Dr. Luis Moreno Izquierdo<\/strong>.<\/a> Universidad de Alicante.<\/li>\n<li style=\"text-align: left\"><strong><a href=\"http:\/\/web.ua.es\/es\/grupoinvesturismo\/informacion\/curriculums\/rosario-navalon-garcia.html\" target=\"_blank\">Dra. Rosario Naval\u00f3n Garc\u00eda.<\/a><\/strong> Universidad de Alicante.<\/li>\n<li style=\"text-align: left\"><a href=\"http:\/\/web.ua.es\/es\/grupoinvesturismo\/informacion\/curriculums\/maria-paz-such-climent.html\" target=\"_blank\"><strong>Dra. Mar\u00eda Paz Such Climent<\/strong>.<\/a> Universidad de Alicante.<\/li>\n<li style=\"text-align: left\"><a href=\"http:\/\/web.ua.es\/es\/grupoinvesturismo\/informacion\/curriculums\/raquel-huete-nieves.html\" target=\"_blank\"><strong>Dra. Raquel Huete Nieves.<\/strong> <\/a>Universidad de Alicante.<\/li>\n<li style=\"text-align: left\"><a href=\"https:\/\/cvnet.cpd.ua.es\/Directorio\/Home\/FichaPersona\/76055?depende=10.17&amp;idioma=es\"><strong>Francisco Femenia Serra.<\/strong><\/a>\u00a0Becario FPI adscrito al proyecto. Universidad de Alicante<\/li>\n<li style=\"text-align: left\"><a href=\"https:\/\/cvnet.cpd.ua.es\/Directorio\/Home\/FichaPersona\/14738?depende=10170002\"><strong>Marco A. Celdr\u00e1n Bernabeu<\/strong>.<\/a> T\u00e9cnico. Universidad de Alicante.<\/li>\n<\/ul>\n<hr \/>\n<p><a href=\"https:\/\/blogs.ua.es\/destinosturisticosinteligentes\/files\/2015\/11\/EscudoUMA.gif\"><img loading=\"lazy\" decoding=\"async\" class=\"aligncenter wp-image-178\" src=\"https:\/\/blogs.ua.es\/destinosturisticosinteligentes\/files\/2015\/11\/EscudoUMA.gif\" alt=\"EscudoUMA\" width=\"99\" height=\"92\" \/><\/a><\/p>\n<ul style=\"text-align: left\">\n<li><strong><a href=\"http:\/\/www.uma.es\/departamento-de-geografia\/info\/70609\/ana-maria-luque-gil\/\" target=\"_blank\">Dra. Ana Mar\u00eda Luque Gil.<\/a><\/strong> Universidad de M\u00e1laga.<\/li>\n<li><strong><a href=\"http:\/\/www.lcc.uma.es\/contenidos\/informacion_personal.action?id=120\" target=\"_blank\">Dr. Antonio J. Guevara Plaza.<\/a><\/strong> Universidad de M\u00e1laga.<\/li>\n<li><a href=\"http:\/\/www.sicuma.uma.es\/miembros?ver=rossi\" target=\"_blank\"><strong>Dr. Carlos Rossi Jim\u00e9nez.<\/strong> <\/a>Universidad de M\u00e1laga.<\/li>\n<li><a href=\"http:\/\/www.uma.es\/departamento-de-geografia\/info\/70613\/enrique-navarro-jurado\/\" target=\"_blank\"><strong>Dr. Enrique Navarro Jurado.<\/strong> <\/a>Universidad de M\u00e1laga.<\/li>\n<li><strong><a href=\"http:\/\/www.uma.es\/cms\/base\/redireccion_publica\/base\/basecontent\/61235\/\" target=\"_blank\">Dr. Jes\u00fas Carlos Sanjuan Solis.<\/a><\/strong> Universidad de M\u00e1laga.<\/li>\n<li><strong><a href=\"https:\/\/www.linkedin.com\/in\/mar%C3%ADa-jes%C3%BAs-perea-medina-9150ab66\" target=\"_blank\">Mar\u00eda Jos\u00e9 Perea Medina.<\/a>\u00a0<\/strong>T\u00e9cnico. Universidad de M\u00e1laga.<\/li>\n<\/ul>\n<hr \/>\n<p><a href=\"https:\/\/blogs.ua.es\/destinosturisticosinteligentes\/files\/2015\/11\/logo-um.png\"><img loading=\"lazy\" decoding=\"async\" class=\"aligncenter wp-image-182\" src=\"https:\/\/blogs.ua.es\/destinosturisticosinteligentes\/files\/2015\/11\/logo-um.png\" alt=\"logo-um\" width=\"215\" height=\"60\" srcset=\"https:\/\/blogs.ua.es\/destinosturisticosinteligentes\/files\/2015\/11\/logo-um.png 521w, https:\/\/blogs.ua.es\/destinosturisticosinteligentes\/files\/2015\/11\/logo-um-300x83.png 300w\" sizes=\"auto, (max-width: 215px) 100vw, 215px\" \/><\/a><\/p>\n<ul style=\"text-align: left\">\n<li><a href=\"http:\/\/www.um.es\/web\/geografia\/contenido\/pdi\" target=\"_blank\"><strong>Dr. Cayetano Espejo Mar\u00edn.<\/strong> <\/a>Universidad de Murcia.<\/li>\n<\/ul>\n<hr \/>\n<p><a href=\"https:\/\/blogs.ua.es\/destinosturisticosinteligentes\/files\/2015\/11\/uni-oviedo.png\"><img loading=\"lazy\" decoding=\"async\" class=\"aligncenter wp-image-181\" src=\"https:\/\/blogs.ua.es\/destinosturisticosinteligentes\/files\/2015\/11\/uni-oviedo.png\" alt=\"uni oviedo\" width=\"321\" height=\"81\" srcset=\"https:\/\/blogs.ua.es\/destinosturisticosinteligentes\/files\/2015\/11\/uni-oviedo.png 690w, https:\/\/blogs.ua.es\/destinosturisticosinteligentes\/files\/2015\/11\/uni-oviedo-300x76.png 300w\" sizes=\"auto, (max-width: 321px) 100vw, 321px\" \/><\/a><\/p>\n<ul>\n<li style=\"text-align: left\"><a href=\"http:\/\/www.catedrafundacionarecesdcuniovi.es\/personal-d.-francisco-javier-de-la-ballina-ballina.html\" target=\"_blank\"><strong>Dr. Francisco Javier de la Ballina Ballina<\/strong>.<\/a> Universidad de Oviedo.<\/li>\n<li style=\"text-align: left\"><strong><a href=\"http:\/\/ecoapli.uniovi.es\/areas\/estructuraeconomica\/-\/asset_publisher\/Csk5\/content\/valdes-pelaez-luis;jsessionid=32C606B56276AD535A712F2C7E99630C?redirect=%2Fareas%2Festructuraeconomica\" target=\"_blank\">Dr. Luis Vald\u00e9s Pel\u00e1ez.<\/a><\/strong> Universidad de Oviedo.<\/li>\n<li style=\"text-align: left\"><strong><a href=\"https:\/\/cvnet.cpd.ua.es\/Directorio\/Home\/FichaPersona\/92855?depende=10170002\">Laura Vega Ur\u00eda<\/a>.<\/strong> T\u00e9cnico. Universidad de Oviedo.<\/li>\n<\/ul>\n<hr \/>\n<p><a href=\"https:\/\/blogs.ua.es\/destinosturisticosinteligentes\/files\/2015\/11\/39-2014-06-09-logo_ucm.jpg\"><img loading=\"lazy\" decoding=\"async\" class=\"aligncenter wp-image-179\" src=\"https:\/\/blogs.ua.es\/destinosturisticosinteligentes\/files\/2015\/11\/39-2014-06-09-logo_ucm.jpg\" alt=\"Marca\" width=\"109\" height=\"100\" srcset=\"https:\/\/blogs.ua.es\/destinosturisticosinteligentes\/files\/2015\/11\/39-2014-06-09-logo_ucm.jpg 1181w, https:\/\/blogs.ua.es\/destinosturisticosinteligentes\/files\/2015\/11\/39-2014-06-09-logo_ucm-300x276.jpg 300w, https:\/\/blogs.ua.es\/destinosturisticosinteligentes\/files\/2015\/11\/39-2014-06-09-logo_ucm-1024x941.jpg 1024w\" sizes=\"auto, (max-width: 109px) 100vw, 109px\" \/><\/a><\/p>\n<ul style=\"text-align: left\">\n<li><strong><a href=\"https:\/\/www.ucm.es\/geografia_humana\/garcia-hernandez,-maria\" target=\"_blank\">Dra. Mar\u00eda Garc\u00eda Hern\u00e1ndez.<\/a><\/strong> Universidad Complutense de Madrid.<\/li>\n<li><a href=\"https:\/\/www.ucm.es\/geografia_humana\/directorio?id=26176\" target=\"_blank\"><strong>Dra. Nieves Libertad Troiti\u00f1o Torralba<\/strong>. <\/a>Universidad Complutense de Madrid.<\/li>\n<li><a href=\"https:\/\/cvnet.cpd.ua.es\/Directorio\/Home\/FichaPersona\/92375?depende=10170002\"><strong>Elena Ferreiro Calzada.<\/strong><\/a> T\u00e9cnico. Universidad Complutense de Madrid<\/li>\n<\/ul>\n<hr \/>\n<p><a href=\"https:\/\/blogs.ua.es\/destinosturisticosinteligentes\/files\/2015\/11\/145826.gif\"><img loading=\"lazy\" decoding=\"async\" class=\"aligncenter wp-image-180\" src=\"https:\/\/blogs.ua.es\/destinosturisticosinteligentes\/files\/2015\/11\/145826.gif\" alt=\"145826\" width=\"116\" height=\"116\" \/><\/a><\/p>\n<ul>\n<li style=\"text-align: left\"><strong>Dr. <a href=\"http:\/\/www.researchgate.net\/profile\/Jose_Gandara\/publications\" target=\"_blank\">Jose Manoel Gandara Gon<\/a><\/strong><b><a href=\"http:\/\/www.researchgate.net\/profile\/Jose_Gandara\/publications\" target=\"_blank\">\u00e7alves Gandara<\/a>.<\/b> Universidad Federal do Paran\u00e1. Brasil.<\/li>\n<\/ul>\n","protected":false},"excerpt":{"rendered":"<p>\u00a0 Dr. J. Fernando Vera Rebollo. Investigador responsable. Dr. Josep A. Ivars Baidal. Investigador responsable. Dra. Ana Bel\u00e9n Ram\u00f3n Rodr\u00edguez. Universidad de Alicante. Dr. Armando Ortu\u00f1o Padilla. Universidad de Alicante Dr. Carlos Ba\u00f1os Casti\u00f1eira. Universidad de Alicante. David Giner S\u00e1nchez.\u00a0Invat.tur. Dra. Elisa Rico C\u00e1novas. Universidad de Alicante. Dra. Isabel Rodr\u00edguez S\u00e1nchez. Universidad de Alicante. Dr. [&hellip;]<\/p>\n","protected":false},"author":1683,"featured_media":0,"parent":0,"menu_order":0,"comment_status":"closed","ping_status":"closed","template":"","meta":{"footnotes":""},"class_list":["post-91","page","type-page","status-publish","hentry"],"_links":{"self":[{"href":"https:\/\/blogs.ua.es\/destinosturisticosinteligentes\/wp-json\/wp\/v2\/pages\/91","targetHints":{"allow":["GET"]}}],"collection":[{"href":"https:\/\/blogs.ua.es\/destinosturisticosinteligentes\/wp-json\/wp\/v2\/pages"}],"about":[{"href":"https:\/\/blogs.ua.es\/destinosturisticosinteligentes\/wp-json\/wp\/v2\/types\/page"}],"author":[{"embeddable":true,"href":"https:\/\/blogs.ua.es\/destinosturisticosinteligentes\/wp-json\/wp\/v2\/users\/1683"}],"replies":[{"embeddable":true,"href":"https:\/\/blogs.ua.es\/destinosturisticosinteligentes\/wp-json\/wp\/v2\/comments?post=91"}],"version-history":[{"count":28,"href":"https:\/\/blogs.ua.es\/destinosturisticosinteligentes\/wp-json\/wp\/v2\/pages\/91\/revisions"}],"predecessor-version":[{"id":296,"href":"https:\/\/blogs.ua.es\/destinosturisticosinteligentes\/wp-json\/wp\/v2\/pages\/91\/revisions\/296"}],"wp:attachment":[{"href":"https:\/\/blogs.ua.es\/destinosturisticosinteligentes\/wp-json\/wp\/v2\/media?parent=91"}],"curies":[{"name":"wp","href":"https:\/\/api.w.org\/{rel}","templated":true}]}}