{"id":20,"date":"2014-12-17T17:40:07","date_gmt":"2014-12-17T17:40:07","guid":{"rendered":"https:\/\/blogs.ua.es\/didacticadelahistoria\/?page_id=20"},"modified":"2014-12-17T17:40:07","modified_gmt":"2014-12-17T17:40:07","slug":"practica-3","status":"publish","type":"page","link":"https:\/\/blogs.ua.es\/didacticadelahistoria\/practica-3\/","title":{"rendered":"Pr\u00e1ctica 3"},"content":{"rendered":"<p>Comentario de Texto sobre el &#8220;Decreto de Valencia de Fernando VII&#8221;.<\/p>\n<p><strong>Decreto de Valencia, Fernando VII.<\/strong><\/p>\n<p><em>\u201cDado que la divina Providencia por medio de la renuncia espont\u00e1nea y solemne de mi augusto padre me puso en el trono de mis mayores [&#8230;] y desde aquel fausto d\u00eda en que entr\u00e9 en la capital, en medio de las sinceras demostraciones de amor y lealtad con que el pueblo de Madrid sali\u00f3 a recibirme, imponiendo esta manifestaci\u00f3n de su amor a mi real persona a las huestes francesas [&#8230;]; desde aquel d\u00eda, pues, puse en mi real \u00e1nimo para responder a tan leales sentimientos y satisfacer a las grandes obligaciones en que est\u00e1 un Rey con sus pueblos, dedicar todo mi tiempo al desempe\u00f1o de tan augustas funciones, y a reparar los males a que pudo dar ocasi\u00f3n la perniciosa influencia de un valido durante el reinado anterior. [&#8230;]<\/em><\/p>\n<p><em>Pero la dura situaci\u00f3n de las cosas y la perfidia de Buonaparte, de cuyos crueles efectos quise, pasando por Bayona, preservar a mi pueblo, apenas dieron lugar a m\u00e1s. Reunida all\u00ed la real familia, se cometi\u00f3 en toda ella, y se\u00f1aladamente en mi persona, un atroz atentado [&#8230;]; y violado, en lo m\u00e1s alto el sagrado derecho de gentes, fui privado de mi libertad y de hecho del gobierno de mis reinos. [&#8230;]<\/em><\/p>\n<p><em>Por tanto, habiendo o\u00eddo lo que ecu\u00e1nimemente me han informado personas respetables por su celo y conocimientos y lo que acerca de cuanto aqu\u00ed se contiene se me ha expuesto en representaciones que de varias partes del reino se me han dirigido [&#8230;] declaro que mi real \u00e1nimo es no solamente no jurar ni acceder a dicha Constituci\u00f3n ni a decreto alguno de las cortes generales y extraordinarias, y de las ordinarias actualmente abiertas [&#8230;] sino a declarar aquella constituci\u00f3n y tales decretos nulos y de ning\u00fan valor y efecto, ahora ni en tiempo alguno, como si no hubiesen pasado jam\u00e1s tales actos, y se quitasen de en medio del tiempo, y sin obligaci\u00f3n en mis pueblos y s\u00fabditos, de cualquiera clase y condici\u00f3n, a cumplirlos ni guardarlos. [&#8230;]\u201d<\/em><\/p>\n<p>&nbsp;<\/p>\n<p>&nbsp;<\/p>\n<p>El decreto de Valencia de Fernando VII se trata de un texto jur\u00eddico de \u00edndole pol\u00edtica y claramente hist\u00f3rico. Su autor es Fernando VII, sin embargo el texto debi\u00f3 ser escrito por alguno de sus consejeros. Pese a esto debemos destacar que estamos antes una fuente primaria ya que se trata de un fragmento del Decreto en s\u00ed mismo y no de una reformulaci\u00f3n posterior de \u00e9ste.<\/p>\n<p>Este texto firmado en 4 de mayo de 1808 es el decreto por el cual Fernando VII deroga la Constituci\u00f3n de C\u00e1diz de 1812 y restaura el absolutismo mon\u00e1rquico.<\/p>\n<p>Fernando VII, hijo de Carlos IV, ocup\u00f3 el trono de la monarqu\u00eda espa\u00f1ola en 1808 tras el Mot\u00edn de Aranjuez. En este mot\u00edn cay\u00f3 el ministro Godoy y el rey Carlos IV abdic\u00f3 a favor de su hijo Fernando. Napole\u00f3n, que ya hab\u00eda acordado por el Tratado de Fointenebleau, en 1807, la alianza con Espa\u00f1a, convoc\u00f3 a padre e hijo en Bayona y oblig\u00f3 al nuevo rey, Fernando VII, a devolver la corona a su padre, Carlos IV para que \u00e9ste abdicara en favor de Jos\u00e9 Bonaparte (Jos\u00e9 I). Esta circunstancia forz\u00f3 el exilio de la familia real en Francia mientras Napole\u00f3n invad\u00eda la pen\u00ednsula. En los a\u00f1os posteriores y con la entrada de Napole\u00f3n en Espa\u00f1a, se produjo el estallido de la Guerra de Independencia que se alarg\u00f3 hasta 1814 en que finaliz\u00f3 y por el tratado de Valen\u00e7ay Napole\u00f3n devolvi\u00f3 el trono a Fernando VII que retorn\u00f3 a Espa\u00f1a, donde restaur\u00f3 el absolutismo. Durante su ausencia tuvo lugar un movimiento liberal que llev\u00f3 a la redacci\u00f3n de la Constituci\u00f3n de C\u00e1diz en 1812, que instauraba un r\u00e9gimen mon\u00e1rquico constitucional.<\/p>\n<p>&nbsp;<\/p>\n<p><span style=\"text-decoration: underline\"><strong>\u00a0COMENTARIO<\/strong><\/span><\/p>\n<p>El Decreto fue escrito en Valencia que es el primer destino de Fernando VII una vez finalizada la guerra, aqu\u00ed recibir\u00e1 el Manifiesto de los Persas, que hab\u00eda sido redactado por un grupo de diputados absolutistas como muestra de apoyo al rey. El rey, redact\u00f3 este decreto en un intento de estudiar los apoyos con que contaba para la restauraci\u00f3n del poder absoluto antes de entrar en Madrid y, enfrentarse en las Cortes a los liberales. Por lo tanto podemos decir que \u00e9ste, \u201cEl Decreto de Valencia\u201d es el anuncio de las intenciones pol\u00edticas de Fernando VII.<\/p>\n<p>Las ideas principales que podemos extraer del texto son las siguientes:<\/p>\n<p>La idea principal que da sentido a este decreto, y que en definitiva es la que motiva su redacci\u00f3n, es su decisi\u00f3n de volver al pa\u00eds a restaurar el absolutismo tras haber sido llamado a Bayona para renunciar al trono en favor de Jos\u00e9 Bonaparte y con \u00e9l abolir la Constituci\u00f3n liberal de 1812 que se hab\u00eda promulgado en su ausencia.<\/p>\n<p>En el primer p\u00e1rrafo encontramos la idea de que cuando Carlos IV, padre de Fernando VII renuncia al trono y se lo concede a \u00e9l, su hijo, todo el pueblo de Madrid le recibe con entusiasmo y le jura lealtad \u201c<em>desde aquel fausto d\u00eda en que entr\u00e9 en la capital, en medio de las sinceras demostraciones de amor y lealtad con que el pueblo de Madrid sali\u00f3 a recibirme\u201d. <\/em>Es en esta actitud en la que se apoya para fundamentar la necesidad de su vuelta al trono y el restablecimiento del absolutismo.<\/p>\n<p>El pueblo ya hab\u00eda aclamado su entronizaci\u00f3n en un primer momento, y es por este mismo motivo que tras haber perdido el trono y haber sido invadida la pen\u00ednsula por las tropas de Jos\u00e9 Bonaparte, decide volver al pa\u00eds para recuperar su trono ya que el pueblo espa\u00f1ol le hab\u00eda jurado lealtad y le estaba demostrando apoyo (Manifiesto de los Persas) para que retornara y reestableciera el absolutismo. De esta manera al entrar en la pen\u00ednsula declara sin efectos la Constituci\u00f3n que hab\u00eda sido promulgada en su ausencia y elimina toda obligaci\u00f3n que pudiera suponer \u00e9sta a su pueblo, como si no hubiera existido.<\/p>\n<p>En definitiva, cuando Fernando VII vio apoyos suficientes en Espa\u00f1a a trav\u00e9s del \u201cManifiesto de los Persas\u201d, dict\u00f3 este decreto del 4 de mayo en Valencia, primera ciudad a la que entr\u00f3 tras regresar del exilio en Francia, que anula y deja sin efecto las Cortes de C\u00e1diz.<\/p>\n<p>Esto da comienzo una etapa absolutista, produci\u00e9ndose el restablecimiento del Antiguo R\u00e9gimen, que adem\u00e1s se produce en una situaci\u00f3n internacional favorable ya que tras la derrota de Napole\u00f3n en el resto de Europa se pone en marcha la Restauraci\u00f3n y se crea la Santa Alianza, que se compromete a defender y mantener los reg\u00edmenes absolutistas y acabar con el liberalismo. As\u00ed se produce el restablecimiento del r\u00e9gimen se\u00f1orial, de las antiguas instituciones como la Inquisici\u00f3n entre otras, se suprime la libertad de prensa, etc.<\/p>\n<p>&nbsp;<\/p>\n<p>Como conclusi\u00f3n, se trata de un documento muy importante en la historia del siglo XIX espa\u00f1ol ya que nos muestra la pugna que existe a lo largo del siglo entre el liberalismo y el absolutismo y que principalmente comienza a darse a partir de este episodio. Este decreto supone la supresi\u00f3n de toda la obra legislativa de C\u00e1diz, de car\u00e1cter liberal, y la vuelta al absolutismo y la restauraci\u00f3n de todos los elementos propios de las instituciones del Antiguo R\u00e9gimen. Fernando VII fue monarca absoluto desde 1814 hasta 1833 con una breve etapa liberal durante el Trienio Liberal en que se le oblig\u00f3 a jurar la Constituci\u00f3n de 1812. No es hasta el reinado de su hija Isabel quien gobernar\u00e1 gracias a la Pragm\u00e1tica Sanci\u00f3n, que no se comienza a construir el Estado liberal en Espa\u00f1a.<\/p>\n","protected":false},"excerpt":{"rendered":"<p>Comentario de Texto sobre el &#8220;Decreto de Valencia de Fernando VII&#8221;. Decreto de Valencia, Fernando VII. \u201cDado que la divina Providencia por medio de la renuncia espont\u00e1nea y solemne de mi augusto padre me puso en el trono de mis mayores [&#8230;] y desde aquel fausto d\u00eda en que entr\u00e9 en la capital, en medio [&hellip;]<\/p>\n","protected":false},"author":3171,"featured_media":0,"parent":0,"menu_order":0,"comment_status":"open","ping_status":"open","template":"","meta":{"footnotes":""},"class_list":["post-20","page","type-page","status-publish","hentry"],"_links":{"self":[{"href":"https:\/\/blogs.ua.es\/didacticadelahistoria\/wp-json\/wp\/v2\/pages\/20","targetHints":{"allow":["GET"]}}],"collection":[{"href":"https:\/\/blogs.ua.es\/didacticadelahistoria\/wp-json\/wp\/v2\/pages"}],"about":[{"href":"https:\/\/blogs.ua.es\/didacticadelahistoria\/wp-json\/wp\/v2\/types\/page"}],"author":[{"embeddable":true,"href":"https:\/\/blogs.ua.es\/didacticadelahistoria\/wp-json\/wp\/v2\/users\/3171"}],"replies":[{"embeddable":true,"href":"https:\/\/blogs.ua.es\/didacticadelahistoria\/wp-json\/wp\/v2\/comments?post=20"}],"version-history":[{"count":1,"href":"https:\/\/blogs.ua.es\/didacticadelahistoria\/wp-json\/wp\/v2\/pages\/20\/revisions"}],"predecessor-version":[{"id":21,"href":"https:\/\/blogs.ua.es\/didacticadelahistoria\/wp-json\/wp\/v2\/pages\/20\/revisions\/21"}],"wp:attachment":[{"href":"https:\/\/blogs.ua.es\/didacticadelahistoria\/wp-json\/wp\/v2\/media?parent=20"}],"curies":[{"name":"wp","href":"https:\/\/api.w.org\/{rel}","templated":true}]}}