{"id":10,"date":"2011-11-18T09:19:09","date_gmt":"2011-11-18T09:19:09","guid":{"rendered":"https:\/\/blogs.ua.es\/documentalesedadmoderna\/?page_id=10"},"modified":"2012-01-06T21:45:51","modified_gmt":"2012-01-06T21:45:51","slug":"presentacion","status":"publish","type":"page","link":"https:\/\/blogs.ua.es\/documentalesedadmoderna\/presentacion\/","title":{"rendered":"Presentaci\u00f3n"},"content":{"rendered":"<p>Bienvenid@s al blog de Gema Mesas y Noelia S\u00e1nchez, estudiantes de primer a\u00f1o en el Grado de Historia de la Universidad de Alicante.<\/p>\n<p>Este espacio tratar\u00e1 sobre <strong>Documentales de la Edad Moderna.<\/strong>\u00a0Aqu\u00ed publicaremos enlaces a distintos documentales referentes a este periodo y a otros blogs sobre historia escritos por nuestros compa\u00f1eros.<\/p>\n<p>\u00a1Esperamos que os guste!<\/p>\n","protected":false},"excerpt":{"rendered":"<p>Bienvenid@s al blog de Gema Mesas y Noelia S\u00e1nchez, estudiantes de primer a\u00f1o en el Grado de Historia de la Universidad de Alicante. Este espacio tratar\u00e1 sobre Documentales de la Edad Moderna.\u00a0Aqu\u00ed publicaremos enlaces a distintos documentales referentes a este periodo y a otros blogs sobre historia escritos por nuestros compa\u00f1eros. \u00a1Esperamos que os guste!<\/p>\n","protected":false},"author":2342,"featured_media":0,"parent":0,"menu_order":0,"comment_status":"open","ping_status":"open","template":"","meta":{"footnotes":""},"class_list":["post-10","page","type-page","status-publish","hentry"],"_links":{"self":[{"href":"https:\/\/blogs.ua.es\/documentalesedadmoderna\/wp-json\/wp\/v2\/pages\/10","targetHints":{"allow":["GET"]}}],"collection":[{"href":"https:\/\/blogs.ua.es\/documentalesedadmoderna\/wp-json\/wp\/v2\/pages"}],"about":[{"href":"https:\/\/blogs.ua.es\/documentalesedadmoderna\/wp-json\/wp\/v2\/types\/page"}],"author":[{"embeddable":true,"href":"https:\/\/blogs.ua.es\/documentalesedadmoderna\/wp-json\/wp\/v2\/users\/2342"}],"replies":[{"embeddable":true,"href":"https:\/\/blogs.ua.es\/documentalesedadmoderna\/wp-json\/wp\/v2\/comments?post=10"}],"version-history":[{"count":7,"href":"https:\/\/blogs.ua.es\/documentalesedadmoderna\/wp-json\/wp\/v2\/pages\/10\/revisions"}],"predecessor-version":[{"id":87,"href":"https:\/\/blogs.ua.es\/documentalesedadmoderna\/wp-json\/wp\/v2\/pages\/10\/revisions\/87"}],"wp:attachment":[{"href":"https:\/\/blogs.ua.es\/documentalesedadmoderna\/wp-json\/wp\/v2\/media?parent=10"}],"curies":[{"name":"wp","href":"https:\/\/api.w.org\/{rel}","templated":true}]}}